{"id":360,"date":"2025-08-05T12:15:41","date_gmt":"2025-08-05T10:15:41","guid":{"rendered":"https:\/\/www.mentalpal.de\/?page_id=360"},"modified":"2025-09-15T15:08:59","modified_gmt":"2025-09-15T13:08:59","slug":"datenschutz","status":"publish","type":"page","link":"https:\/\/www.mentalpal.de\/sr\/datenschutz\/","title":{"rendered":"Politika privatnosti"},"content":{"rendered":"<div data-elementor-type=\"wp-post\" data-elementor-id=\"360\" class=\"elementor elementor-360\" data-elementor-post-type=\"page\">\n\t\t\t\t<div class=\"elementor-element elementor-element-55313c3 e-flex e-con-boxed e-con e-parent\" data-id=\"55313c3\" data-element_type=\"container\" data-e-type=\"container\">\n\t\t\t\t\t<div class=\"e-con-inner\">\n\t\t\t\t<div class=\"elementor-element elementor-element-79e7608 elementor-align-center fliesstext elementor-widget elementor-widget-breadcrumbs\" data-id=\"79e7608\" data-element_type=\"widget\" data-e-type=\"widget\" data-widget_type=\"breadcrumbs.default\">\n\t\t\t\t\t<p id=\"breadcrumbs\"><span><span><a href=\"https:\/\/www.mentalpal.de\/sr\/\">Po\u010detna<\/a><\/span><\/span><\/p>\t\t\t\t<\/div>\n\t\t\t\t<div class=\"elementor-element elementor-element-6226013 elementor-widget elementor-widget-heading\" data-id=\"6226013\" data-element_type=\"widget\" data-e-type=\"widget\" data-widget_type=\"heading.default\">\n\t\t\t\t\t<h1 class=\"elementor-heading-title elementor-size-default\">Politika privatnosti<\/h1>\t\t\t\t<\/div>\n\t\t\t\t\t<\/div>\n\t\t\t\t<\/div>\n\t\t<div class=\"elementor-element elementor-element-3625216 e-flex e-con-boxed e-con e-parent\" data-id=\"3625216\" data-element_type=\"container\" data-e-type=\"container\">\n\t\t\t\t\t<div class=\"e-con-inner\">\n\t\t<div class=\"elementor-element elementor-element-09a861d e-con-full e-flex e-con e-child\" data-id=\"09a861d\" data-element_type=\"container\" data-e-type=\"container\">\n\t\t\t\t<div class=\"elementor-element elementor-element-37d0ba6 fliesstext elementor-widget elementor-widget-text-editor\" data-id=\"37d0ba6\" data-element_type=\"widget\" data-e-type=\"widget\" data-widget_type=\"text-editor.default\">\n\t\t\t\t\t\t\t\t\t<h2>1. Za\u0161tita podataka - pregled<\/h2><p><strong>Op\u0161te napomene<\/strong><br \/>Slede\u0107e napomene pru\u017eaju jednostavan pregled \u0161ta se de\u0161ava sa va\u0161im li\u010dnim podacima kada pose\u0107ujete ovu internet stranicu. Li\u010dni podaci su svi\npodaci putem kojih mo\u017eete biti li\u010dno identifikovani. Detaljne informacije o za\u0161titi podataka mo\u017eete prona\u0107i u na\u0161oj izjavi o za\u0161titi podataka ispod ovog\nteksta.<\/p><p><strong>Prikupljanje podataka na ovoj internet stranici<\/strong><br \/>Ko je odgovoran za prikupljanje podataka na ovoj stranici?<br \/>Obrada podataka na ovoj internet stranici vr\u0161i se od strane operatera sajta. Njegove kontakt informacije mo\u017eete prona\u0107i u odeljku \u201ePodaci o odgovornom licu\u201c u ovoj izjavi o za\u0161titi podataka.<\/p><p><strong>Kako prikupljamo va\u0161e podatke?<\/strong><br \/>a\u0161i podaci se pre svega prikupljaju kada nam ih sami dostavite, na primer preko kontakt forme.<\/p><p>Drugi podaci se automatski ili uz va\u0161 pristanak\nprikupljaju prilikom posete sajtu putem na\u0161ih IT sistema. To su pre svega tehni\u010dki podaci (kao \u0161to su internet pregleda\u010d, operativni sistem ili vreme pristupa stranici). Prikupljanje ovih podataka vr\u0161i se automatski \u010dim pristupite sajtu.<\/p><p><strong>Za\u0161to koristimo va\u0161e podatke?<\/strong><br \/>Deo podataka se koristi da bi se obezbedilo ispravno funkcionisanje sajta. Drugi podaci mogu biti kori\u0161\u0107eni za analizu pona\u0161anja korisnika. Ukoliko su putem sajta zaklju\u010deni ili zapo\u010deti ugovori, podaci se koriste i za ugovorne ponude, narud\u017ebine ili druge zahteve za uslugu.<\/p><p><strong>Koja prava imate u vezi sa va\u0161im podacima?<\/strong><br \/>Imate pravo u bilo kom trenutku besplatno da zatra\u017eite informaciju o poreklu, primalcu i svrsi va\u0161ih sa\u010duvanih li\u010dnih podataka. Tako\u0111e imate pravo\nna ispravku ili brisanje ovih podataka. Ako ste dali saglasnost za obradu podataka, mo\u017eete je u bilo kom trenutku opozvait za budu\u0107nost. Imate pravo\nu odre\u0111enim okolnostima da tra\u017eite ograni\u010denje obrade va\u0161ih li\u010dnih podataka. Tako\u0111e imate pravo \u017ealbe nadle\u017enom nadzornom organu.<\/p><p>Hierzu sowie zu weiteren Fragen zum Thema Datenschutz k\u00f6nnen Sie sich jederzeit an uns wenden.<\/p><h2>2. Hosting<\/h2><p>Mi hostujemo sadr\u017eaj na\u0161e veb-stranice kod slede\u0107eg provajdera:<\/p><p>Strato<br \/>Provajder je Strato AG, Otto-Ostrowski-Stra\u00dfe 7, 10249 Berlin (u daljem tekstu \u201eStrato\u201c). Kada posetite na\u0161u veb-stranicu, Strato bele\u017ei razli\u010dite log fajlove, uklju\u010duju\u0107i i va\u0161e IP adrese.<\/p><p>Vi\u0161e informacija mo\u017eete prona\u0107i u politici privatnosti kompanije Strato: <a href=\"https:\/\/www.strato.de\/datenschutz\/\" target=\"_blank\" rel=\"noopener\">https:\/\/www.strato.de\/datenschutz\/<\/a>.<\/p><p>Kori\u0161\u0107enje Strato-a se zasniva na \u010dlanu 6 stav 1 ta\u010dka f GDPR-a. Mi imamo legitimni interes za \u0161to pouzdanijim prikazivanjem na\u0161e veb-stranice. Ukoliko je data odgovaraju\u0107a saglasnost, obrada se vr\u0161i isklju\u010divo na osnovu \u010dlana 6 stav 1 ta\u010dka a GDPR-a i \u00a7 25 stav 1 TDDDG-a, ukoliko saglasnost obuhvata \u010duvanje kola\u010di\u0107a ili pristup informacijama na korisni\u010dkom ure\u0111aju (npr. digitalno otiskivanje ure\u0111aja) u skladu sa TDDDG. Saglasnost se mo\u017ee u svakom trenutku opozvati.<\/p><h2>3. Op\u0161te napomene i obavezne informacije<\/h2><p><strong>Politika privatnosti<\/strong><br \/>Operateri ove veb-stranice shvataju za\u0161titu va\u0161ih li\u010dnih podataka vrlo ozbiljno. Mi va\u0161e li\u010dne podatke tretiramo poverljivo i u skladu sa zakonskim propisima o za\u0161titi podataka, kao i ovom politikom privatnosti.<\/p><p>Kada koristite ovu veb-stranicu, prikupljaju se razli\u010diti li\u010dni podaci. Li\u010dni podaci su podaci kojima se mo\u017eete li\u010dno identifikovati. Ova politika privatnosti obja\u0161njava koje podatke prikupljamo i za \u0161ta ih koristimo. Ona tako\u0111e obja\u0161njava kako i u koju svrhu se to de\u0161ava.<\/p><p>Napominjemo da prenos podataka preko interneta (npr. komunikacija putem e-po\u0161te) mo\u017ee imati bezbednosne nedostatke. Potpuna za\u0161tita podataka od pristupa tre\u0107ih lica nije mogu\u0107a.<\/p><p><strong>Napomena o odgovornom licu<\/strong><br \/>Odgovorno lice za obradu podataka na ovoj veb-stranici je:<\/p><p>Kristina Rudolphi<br \/>Seewiesenweg 4a<br \/>D-74850 Schefflenz<\/p><p>Telefon: <a href=\"tel:01777269157\">+49 177 72 69 157<\/a><br \/>E-Mail: <a href=\"mailto:info@mentalpal.de\">info@mentalpal.de<\/a><\/p><p>Odgovorno lice je fizi\u010dko ili pravno lice koje samostalno ili zajedno sa drugima odlu\u010duje o svrhama i na\u010dinima obrade li\u010dnih podataka (npr. imena, adrese e-po\u0161te i sli\u010dno).<\/p><p><strong>Vreme \u010duvanja<\/strong><br \/>Ukoliko u ovoj politici privatnosti nije navedeno specifi\u010dnije vreme \u010duvanja, va\u0161i li\u010dni podaci ostaju kod nas sve dok postoji svrha njihove obrade. Ako podnesete zahtev za brisanje ili opoziv saglasnosti za obradu podataka, va\u0161i podaci \u0107e biti obrisani, osim ako postoje drugi zakonski dopu\u0161teni razlozi za njihovo \u010duvanje (npr. poreski ili trgovinski rokovi \u010duvanja); u tom slu\u010daju \u2013 brisanje \u0107e se izvr\u0161iti nakon isteka tih rokova.<\/p><p><strong>Op\u0161te informacije o pravnim osnovama obrade podataka<\/strong><br \/>Ako ste dali saglasnost za obradu, pravni osnov je \u010dlan 6 stav 1 ta\u010dka a GDPR-a, a u slu\u010daju posebnih kategorija podataka \u010dlan 9 stav 2 ta\u010dka a GDPR-a.\nU slu\u010daju izri\u010dite saglasnosti za prenos u tre\u0107e zemlje, osnov je \u010dlan 49 stav 1 ta\u010dka a GDPR-a.\nAko je data saglasnost za \u010duvanje kola\u010di\u0107a ili pristup informacijama (npr. device fingerprinting), obrada se vr\u0161i i na osnovu \u00a7 25 stav 1 TDDDG-a.\nAko se podaci obra\u0111uju radi ispunjenja ugovora ili predugovornih mera, osnov je \u010dlan 6 stav 1 ta\u010dka b GDPR-a.\nAko postoji pravna obaveza, osnov je \u010dlan 6 stav 1 ta\u010dka c GDPR-a.\nAko postoji legitimni interes, osnov je \u010dlan 6 stav 1 ta\u010dka f GDPR-a.<\/p><p><strong>Primaoci li\u010dnih podataka<\/strong><br \/>U okviru na\u0161e poslovne aktivnosti sara\u0111ujemo sa razli\u010ditim eksternim stranama. Prenos podataka se obavlja samo:\nako je potreban za izvr\u0161enje ugovora\nako smo zakonski obavezni (npr. prema poreskim organima)\nako postoji legitiman interes prema \u010dlanu 6 stav 1 ta\u010dka f GDPR-a\nako postoji druga pravna osnova\nKod obra\u0111iva\u010da podataka \u2013 podaci se prenose samo na osnovu ugovora o obradi. Kod zajedni\u010dke obrade zaklju\u010duje se ugovor o zajedni\u010dkoj obradi.<\/p><p><strong>Opoziv saglasnosti<\/strong><br \/>Mo\u017eete u svakom trenutku opozvati datu saglasnost. Do opoziva \u2013 obrada ostaje zakonita.<\/p><p><strong>Pravo na prigovor (\u010dlan 21 GDPR-a)<\/strong><br \/>Imate pravo da prigovorite obradi va\u0161ih podataka ako se ona temelji na \u010dlanu 6 stav 1 ta\u010dka e ili f GDPR-a, iz razloga koji proizlaze iz va\u0161e posebne situacije. Ako podaci slu\u017ee za direktni marketing, mo\u017eete u svakom trenutku ulo\u017eiti prigovor.<\/p><p>U tom slu\u010daju podaci se vi\u0161e ne\u0107e koristiti za tu svrhu.<\/p><p><strong>Pravo na \u017ealbu<\/strong><br \/>Imate pravo da se \u017ealite nadle\u017enom nadzornom organu u zemlji boravka, zaposlenja ili mesta mogu\u0107eg kr\u0161enja GDPR-a.<\/p><p><strong>Pravo na prenosivost podataka<\/strong><br \/>Mo\u017eete zahtevati da podatke koje obra\u0111ujemo na osnovu va\u0161e saglasnosti dobijete u ma\u0161inski \u010ditljivom formatu ili da se prenesu drugom rukovaocu \u2013 kada je to tehni\u010dki izvodljivo.<\/p><p><strong>Pravo na informisanje, ispravku i brisanje<\/strong><br \/>Imate pravo na besplatnu informaciju o \u010duvanim podacima, poreklu, primaocima i svrsi obrade, kao i na ispravku ili brisanje u okviru zakonskih ograni\u010denja.<\/p><p><strong>Pravo na ograni\u010denje obrade<\/strong><br \/>Mo\u017eete zahtevati ograni\u010denje obrade u slede\u0107im slu\u010dajevima:<\/p><p>osporavate ta\u010dnost podataka dok traje provera.<br \/>obrada je nezakonita a zahtevate ograni\u010denje umesto brisanja.<br \/>podaci vi\u0161e nisu potrebni nama, ali su vama potrebni za pravne zahteve.<br \/>ulo\u017eili ste prigovor, dok traje balansiranje interesa.<br \/>U periodu ograni\u010denja \u2013 podaci se mogu obraditi samo uz va\u0161u saglasnost ili za pravne zahteve.<\/p><h2>4. Prikupljanje podataka na ovoj veb-stranici<\/h2><p><strong>Kola\u010di\u0107i<\/strong><br \/>Na\u0161a veb-stranica koristi \u201ekola\u010di\u0107e\u201c. To su male datoteke koje ne o\u0161te\u0107uju va\u0161 ure\u0111aj. Mogu biti privremeni (session cookies, bri\u0161u se po zavr\u0161etku sesije) ili stalni (permanent cookies).<\/p><p>Prvi kola\u010di\u0107i (first-party) poti\u010du od nas, tre\u0107i (third-party) od eksternih pru\u017ealaca (npr. sistemi pla\u0107anja).<\/p><p>Neophodni kola\u010di\u0107i slu\u017ee tehni\u010dkom funkcionisanju (npr. korpa za kupovinu).<\/p><p>Drugi kola\u010di\u0107i slu\u017ee analizi pona\u0161anja korisnika ili marketingu. Osnov obrade: \u010dlan 6 stav 1 ta\u010dka f GDPR-a, a u slu\u010daju saglasnosti \u2013 \u010dlan 6 stav 1 ta\u010dka a GDPR-a i \u00a7 25 stav 1 TDDDG-a.<\/p><p>Pregleda\u010d mo\u017eete podesiti da prihvata ili blokira kola\u010di\u0107e, ili da ih bri\u0161e automatski. Ako ih deaktivirate, funkcionalnost sajta mo\u017ee biti ograni\u010dena.<\/p><p>Koje kola\u010di\u0107e koristimo Spisak je prikazan u ovoj politici privatnosti.<\/p><h2>5. Dru\u0161tvene mre\u017ee<\/h2><p><strong>Facebook<\/strong><br \/>Ova stranica koristi elemente Facebook mre\u017ee. Pru\u017ealac je Meta Platforms Ireland Limited, Dublin, Irska. Podaci se mogu preneti i u SAD i tre\u0107e zemlje.<\/p><p class=\"srb-none\">&nbsp; <a href=\"\/sr\/&nbsp;\/\" target=\"_blank\" rel=\"noopener\">&nbsp;<\/a>.<\/p><p>Kada je element aktivan, uspostavlja se direktna veza sa serverom Facebook-a. Ako ste prijavljeni na nalog, poseta sajtu se povezuje sa va\u0161im profilom. Vi\u0161e u politici privatnosti: <a href=\"https:\/\/de-de.facebook.com\/privacy\/explanation\" target=\"_blank\" rel=\"noopener\">https:\/\/de-de.facebook.com\/privacy\/explanation<\/a>.<\/p><p>Obrada se vr\u0161i na osnovu va\u0161e saglasnosti (\u010dlan 6 stav 1 ta\u010dka a GDPR-a i \u00a7 25 stav 1 TDDDG). Sadr\u017eana je i zajedni\u010dka odgovornost sa -om prema \u010dlanu 26 GDPR-a.<\/p><p>Prenos u SAD se zasniva na Standardnim ugovornim klauzulama EU i EU-US Data Privacy Framework. <a href=\"\/sr\/&nbsp;\/\" target=\"_blank\" rel=\"noopener\">&nbsp;<\/a>&nbsp;<\/p><p class=\"srb-none\">&nbsp; <a href=\"https:\/\/www.facebook.com\/legal\/EU_data_transfer_addendum\" target=\"_blank\" rel=\"noopener\">https:\/\/www.facebook.com\/legal\/EU_data_transfer_addendum<\/a>, <a href=\"https:\/\/de-de.facebook.com\/help\/566994660333381\" target=\"_blank\" rel=\"noopener\">https:\/\/de-de.facebook.com\/help\/566994660333381<\/a> und <a href=\"https:\/\/www.facebook.com\/policy.php\" target=\"_blank\" rel=\"noopener\">https:\/\/www.facebook.com\/policy.php<\/a>.<\/p><p class=\"srb-none\">&nbsp; <a href=\"https:\/\/www.dataprivacyframework.gov\/participant\/4452\" target=\"_blank\" rel=\"noopener\">https:\/\/www.dataprivacyframework.gov\/participant\/4452<\/a>.<\/p><p><strong>X (nekada Twitter)<\/strong><br \/>Ova stranica koristi funkcije dru\u0161tvene mre\u017ee X. Provajder je X Corp., San Francisco, SAD, a za Evropu \u2013 Twitter International Unlimited Company, Dublin, Irska.<\/p><p>Kada je element aktivan, X dobija podatke o poseti sajtu. Ako koristite funkciju \u201eRe-Tweet\u201c ili \u201eRepost\u201c, podaci se povezuju sa va\u0161im nalogom. Vi\u0161e u politici privatnosti: <a href=\"https:\/\/x.com\/de\/privacy\" target=\"_blank\" rel=\"noopener\">https:\/\/x.com\/de\/privacy<\/a>.<\/p><p>Obrada se vr\u0161i na osnovu va\u0161e saglasnosti (\u010dlan 6 stav 1 ta\u010dka a GDPR-a i \u00a7 25 stav 1 TDDDG). Sadr\u017eana je i zajedni\u010dka odgovornost sa -om prema \u010dlanu 26 GDPR-a.<\/p><p class=\"srb-none\">&nbsp; <a href=\"\/sr\/&nbsp;\/\" target=\"_blank\" rel=\"noopener\">&nbsp;<\/a>.<\/p><p>Korisnici mogu promeniti pode\u0161avanja privatnosti na <a href=\"https:\/\/x.com\/settings\/account\" target=\"_blank\" rel=\"noopener\">https:\/\/x.com\/settings\/account<\/a> \u00a0.<\/p><p class=\"srb-none\">&nbsp; <a href=\"\/sr\/&nbsp;\/\" target=\"_blank\" rel=\"noopener\">&nbsp;<\/a>.<\/p><h2>6. Dodaci i alati<\/h2><p><strong>Google Fonts (lokalno hostovanje)<\/strong><br \/>Ova stranica koristi Google Fonts za ujedna\u010den prikaz fontova. Fontovi su lokalno instalirani, pa nema povezivanja sa serverima Google-a.<\/p><p>Vi\u0161e informacija: <a href=\"https:\/\/developers.google.com\/fonts\/faq\" target=\"_blank\" rel=\"noopener\">https:\/\/developers.google.com\/fonts\/faq<\/a> i <a href=\"https:\/\/policies.google.com\/privacy?hl=de\" target=\"_blank\" rel=\"noopener\">https:\/\/policies.google.com\/privacy?hl=de<\/a>.<\/p>\t\t\t\t\t\t\t\t<\/div>\n\t\t\t\t<div class=\"elementor-element elementor-element-a73ec42 fliesstext elementor-widget elementor-widget-text-editor\" data-id=\"a73ec42\" data-element_type=\"widget\" data-e-type=\"widget\" data-widget_type=\"text-editor.default\">\n\t\t\t\t\t\t\t\t\t<p>Izvor podataka: <a href=\"https:\/\/www.e-recht24.de\/\" target=\"_blank\" rel=\"noopener\">eRecht24<\/a><\/p>\t\t\t\t\t\t\t\t<\/div>\n\t\t\t\t<\/div>\n\t\t\t\t\t<\/div>\n\t\t\t\t<\/div>\n\t\t\t\t<\/div>","protected":false},"excerpt":{"rendered":"<p>Datenschutzerkl\u00e4rung 1. Datenschutz auf einen Blick Allgemeine HinweiseDie folgenden Hinweise geben einen einfachen \u00dcberblick dar\u00fcber, was mit Ihren personenbezogenen Daten [&hellip;]<\/p>\n","protected":false},"author":1,"featured_media":0,"parent":0,"menu_order":0,"comment_status":"closed","ping_status":"closed","template":"","meta":{"site-sidebar-layout":"no-sidebar","site-content-layout":"","ast-site-content-layout":"full-width-container","site-content-style":"default","site-sidebar-style":"default","ast-global-header-display":"","ast-banner-title-visibility":"","ast-main-header-display":"","ast-hfb-above-header-display":"","ast-hfb-below-header-display":"","ast-hfb-mobile-header-display":"","site-post-title":"disabled","ast-breadcrumbs-content":"","ast-featured-img":"disabled","footer-sml-layout":"","ast-disable-related-posts":"","theme-transparent-header-meta":"","adv-header-id-meta":"","stick-header-meta":"","header-above-stick-meta":"","header-main-stick-meta":"","header-below-stick-meta":"","astra-migrate-meta-layouts":"default","ast-page-background-enabled":"default","ast-page-background-meta":{"desktop":{"background-color":"var(--ast-global-color-5)","background-image":"","background-repeat":"repeat","background-position":"center center","background-size":"auto","background-attachment":"scroll","background-type":"","background-media":"","overlay-type":"","overlay-color":"","overlay-opacity":"","overlay-gradient":""},"tablet":{"background-color":"","background-image":"","background-repeat":"repeat","background-position":"center center","background-size":"auto","background-attachment":"scroll","background-type":"","background-media":"","overlay-type":"","overlay-color":"","overlay-opacity":"","overlay-gradient":""},"mobile":{"background-color":"","background-image":"","background-repeat":"repeat","background-position":"center center","background-size":"auto","background-attachment":"scroll","background-type":"","background-media":"","overlay-type":"","overlay-color":"","overlay-opacity":"","overlay-gradient":""}},"ast-content-background-meta":{"desktop":{"background-color":"var(--ast-global-color-4)","background-image":"","background-repeat":"repeat","background-position":"center center","background-size":"auto","background-attachment":"scroll","background-type":"","background-media":"","overlay-type":"","overlay-color":"","overlay-opacity":"","overlay-gradient":""},"tablet":{"background-color":"var(--ast-global-color-4)","background-image":"","background-repeat":"repeat","background-position":"center center","background-size":"auto","background-attachment":"scroll","background-type":"","background-media":"","overlay-type":"","overlay-color":"","overlay-opacity":"","overlay-gradient":""},"mobile":{"background-color":"var(--ast-global-color-4)","background-image":"","background-repeat":"repeat","background-position":"center center","background-size":"auto","background-attachment":"scroll","background-type":"","background-media":"","overlay-type":"","overlay-color":"","overlay-opacity":"","overlay-gradient":""}},"footnotes":""},"class_list":["post-360","page","type-page","status-publish","hentry"],"yoast_head":"<!-- This site is optimized with the Yoast SEO plugin v27.5 - https:\/\/yoast.com\/product\/yoast-seo-wordpress\/ -->\n<title>Datenschutz - MentalPal<\/title>\n<meta name=\"robots\" content=\"index, follow, max-snippet:-1, max-image-preview:large, max-video-preview:-1\" \/>\n<link rel=\"canonical\" href=\"https:\/\/www.mentalpal.de\/sr\/datenschutz\/\" \/>\n<meta property=\"og:locale\" content=\"sr_RS\" \/>\n<meta property=\"og:type\" content=\"article\" \/>\n<meta property=\"og:title\" content=\"Datenschutz - MentalPal\" \/>\n<meta property=\"og:description\" content=\"Datenschutzerkl\u00e4rung 1. Datenschutz auf einen Blick Allgemeine HinweiseDie folgenden Hinweise geben einen einfachen \u00dcberblick dar\u00fcber, was mit Ihren personenbezogenen Daten [&hellip;]\" \/>\n<meta property=\"og:url\" content=\"https:\/\/www.mentalpal.de\/sr\/datenschutz\/\" \/>\n<meta property=\"og:site_name\" content=\"MentalPal\" \/>\n<meta property=\"article:modified_time\" content=\"2025-09-15T13:08:59+00:00\" \/>\n<meta name=\"twitter:card\" content=\"summary_large_image\" \/>\n<meta name=\"twitter:label1\" content=\"\u041f\u0440\u043e\u0446\u0435\u045a\u0435\u043d\u043e \u0432\u0440\u0435\u043c\u0435 \u0447\u0438\u0442\u0430\u045a\u0430\" \/>\n\t<meta name=\"twitter:data1\" content=\"15 \u043c\u0438\u043d\u0443\u0442\u0430\" \/>\n<script type=\"application\/ld+json\" class=\"yoast-schema-graph\">{\"@context\":\"https:\\\/\\\/schema.org\",\"@graph\":[{\"@type\":\"WebPage\",\"@id\":\"https:\\\/\\\/www.mentalpal.de\\\/datenschutz\\\/\",\"url\":\"https:\\\/\\\/www.mentalpal.de\\\/datenschutz\\\/\",\"name\":\"Datenschutz - MentalPal\",\"isPartOf\":{\"@id\":\"https:\\\/\\\/www.mentalpal.de\\\/#website\"},\"datePublished\":\"2025-08-05T10:15:41+00:00\",\"dateModified\":\"2025-09-15T13:08:59+00:00\",\"breadcrumb\":{\"@id\":\"https:\\\/\\\/www.mentalpal.de\\\/datenschutz\\\/#breadcrumb\"},\"inLanguage\":\"sr-RS\",\"potentialAction\":[{\"@type\":\"ReadAction\",\"target\":[\"https:\\\/\\\/www.mentalpal.de\\\/datenschutz\\\/\"]}]},{\"@type\":\"BreadcrumbList\",\"@id\":\"https:\\\/\\\/www.mentalpal.de\\\/datenschutz\\\/#breadcrumb\",\"itemListElement\":[{\"@type\":\"ListItem\",\"position\":1,\"name\":\"Home\",\"item\":\"https:\\\/\\\/www.mentalpal.de\\\/\"},{\"@type\":\"ListItem\",\"position\":2,\"name\":\"Datenschutz\"}]},{\"@type\":\"WebSite\",\"@id\":\"https:\\\/\\\/www.mentalpal.de\\\/#website\",\"url\":\"https:\\\/\\\/www.mentalpal.de\\\/\",\"name\":\"MentalPal\",\"description\":\"\",\"publisher\":{\"@id\":\"https:\\\/\\\/www.mentalpal.de\\\/#organization\"},\"potentialAction\":[{\"@type\":\"SearchAction\",\"target\":{\"@type\":\"EntryPoint\",\"urlTemplate\":\"https:\\\/\\\/www.mentalpal.de\\\/?s={search_term_string}\"},\"query-input\":{\"@type\":\"PropertyValueSpecification\",\"valueRequired\":true,\"valueName\":\"search_term_string\"}}],\"inLanguage\":\"sr-RS\"},{\"@type\":\"Organization\",\"@id\":\"https:\\\/\\\/www.mentalpal.de\\\/#organization\",\"name\":\"MentalPal\",\"url\":\"https:\\\/\\\/www.mentalpal.de\\\/\",\"logo\":{\"@type\":\"ImageObject\",\"inLanguage\":\"sr-RS\",\"@id\":\"https:\\\/\\\/www.mentalpal.de\\\/#\\\/schema\\\/logo\\\/image\\\/\",\"url\":\"https:\\\/\\\/www.mentalpal.de\\\/wp-content\\\/uploads\\\/2025\\\/07\\\/MentaPal-Logo.png\",\"contentUrl\":\"https:\\\/\\\/www.mentalpal.de\\\/wp-content\\\/uploads\\\/2025\\\/07\\\/MentaPal-Logo.png\",\"width\":734,\"height\":182,\"caption\":\"MentalPal\"},\"image\":{\"@id\":\"https:\\\/\\\/www.mentalpal.de\\\/#\\\/schema\\\/logo\\\/image\\\/\"}}]}<\/script>\n<!-- \/ Yoast SEO plugin. -->","yoast_head_json":{"title":"Datenschutz - MentalPal","robots":{"index":"index","follow":"follow","max-snippet":"max-snippet:-1","max-image-preview":"max-image-preview:large","max-video-preview":"max-video-preview:-1"},"canonical":"https:\/\/www.mentalpal.de\/sr\/datenschutz\/","og_locale":"sr_RS","og_type":"article","og_title":"Datenschutz - MentalPal","og_description":"Datenschutzerkl\u00e4rung 1. Datenschutz auf einen Blick Allgemeine HinweiseDie folgenden Hinweise geben einen einfachen \u00dcberblick dar\u00fcber, was mit Ihren personenbezogenen Daten [&hellip;]","og_url":"https:\/\/www.mentalpal.de\/sr\/datenschutz\/","og_site_name":"MentalPal","article_modified_time":"2025-09-15T13:08:59+00:00","twitter_card":"summary_large_image","twitter_misc":{"\u041f\u0440\u043e\u0446\u0435\u045a\u0435\u043d\u043e \u0432\u0440\u0435\u043c\u0435 \u0447\u0438\u0442\u0430\u045a\u0430":"15 \u043c\u0438\u043d\u0443\u0442\u0430"},"schema":{"@context":"https:\/\/schema.org","@graph":[{"@type":"WebPage","@id":"https:\/\/www.mentalpal.de\/datenschutz\/","url":"https:\/\/www.mentalpal.de\/datenschutz\/","name":"Datenschutz - MentalPal","isPartOf":{"@id":"https:\/\/www.mentalpal.de\/#website"},"datePublished":"2025-08-05T10:15:41+00:00","dateModified":"2025-09-15T13:08:59+00:00","breadcrumb":{"@id":"https:\/\/www.mentalpal.de\/datenschutz\/#breadcrumb"},"inLanguage":"sr-RS","potentialAction":[{"@type":"ReadAction","target":["https:\/\/www.mentalpal.de\/datenschutz\/"]}]},{"@type":"BreadcrumbList","@id":"https:\/\/www.mentalpal.de\/datenschutz\/#breadcrumb","itemListElement":[{"@type":"ListItem","position":1,"name":"Home","item":"https:\/\/www.mentalpal.de\/"},{"@type":"ListItem","position":2,"name":"Datenschutz"}]},{"@type":"WebSite","@id":"https:\/\/www.mentalpal.de\/#website","url":"https:\/\/www.mentalpal.de\/","name":"MentalPal","description":"","publisher":{"@id":"https:\/\/www.mentalpal.de\/#organization"},"potentialAction":[{"@type":"SearchAction","target":{"@type":"EntryPoint","urlTemplate":"https:\/\/www.mentalpal.de\/?s={search_term_string}"},"query-input":{"@type":"PropertyValueSpecification","valueRequired":true,"valueName":"search_term_string"}}],"inLanguage":"sr-RS"},{"@type":"Organization","@id":"https:\/\/www.mentalpal.de\/#organization","name":"MentalPal","url":"https:\/\/www.mentalpal.de\/","logo":{"@type":"ImageObject","inLanguage":"sr-RS","@id":"https:\/\/www.mentalpal.de\/#\/schema\/logo\/image\/","url":"https:\/\/www.mentalpal.de\/wp-content\/uploads\/2025\/07\/MentaPal-Logo.png","contentUrl":"https:\/\/www.mentalpal.de\/wp-content\/uploads\/2025\/07\/MentaPal-Logo.png","width":734,"height":182,"caption":"MentalPal"},"image":{"@id":"https:\/\/www.mentalpal.de\/#\/schema\/logo\/image\/"}}]}},"_links":{"self":[{"href":"https:\/\/www.mentalpal.de\/sr\/wp-json\/wp\/v2\/pages\/360","targetHints":{"allow":["GET"]}}],"collection":[{"href":"https:\/\/www.mentalpal.de\/sr\/wp-json\/wp\/v2\/pages"}],"about":[{"href":"https:\/\/www.mentalpal.de\/sr\/wp-json\/wp\/v2\/types\/page"}],"author":[{"embeddable":true,"href":"https:\/\/www.mentalpal.de\/sr\/wp-json\/wp\/v2\/users\/1"}],"replies":[{"embeddable":true,"href":"https:\/\/www.mentalpal.de\/sr\/wp-json\/wp\/v2\/comments?post=360"}],"version-history":[{"count":10,"href":"https:\/\/www.mentalpal.de\/sr\/wp-json\/wp\/v2\/pages\/360\/revisions"}],"predecessor-version":[{"id":2545,"href":"https:\/\/www.mentalpal.de\/sr\/wp-json\/wp\/v2\/pages\/360\/revisions\/2545"}],"wp:attachment":[{"href":"https:\/\/www.mentalpal.de\/sr\/wp-json\/wp\/v2\/media?parent=360"}],"curies":[{"name":"wp","href":"https:\/\/api.w.org\/{rel}","templated":true}]}}