{"id":290,"date":"2025-08-05T11:27:53","date_gmt":"2025-08-05T09:27:53","guid":{"rendered":"https:\/\/www.mentalpal.de\/?page_id=290"},"modified":"2025-09-05T14:03:34","modified_gmt":"2025-09-05T12:03:34","slug":"eltern-erziehung","status":"publish","type":"page","link":"https:\/\/www.mentalpal.de\/sr\/coaching\/individuelles-coaching\/eltern-erziehung\/","title":{"rendered":"Roditeljstvo i vaspitanje"},"content":{"rendered":"<div data-elementor-type=\"wp-post\" data-elementor-id=\"290\" class=\"elementor elementor-290\" data-elementor-post-type=\"page\">\n\t\t\t\t<div class=\"elementor-element elementor-element-8dcb2db e-flex e-con-boxed e-con e-parent\" data-id=\"8dcb2db\" data-element_type=\"container\" data-e-type=\"container\" data-settings=\"{&quot;background_background&quot;:&quot;classic&quot;}\">\n\t\t\t\t\t<div class=\"e-con-inner\">\n\t\t\t\t<div class=\"elementor-element elementor-element-d62df62 elementor-align-left fliesstext elementor-widget elementor-widget-breadcrumbs\" data-id=\"d62df62\" data-element_type=\"widget\" data-e-type=\"widget\" data-widget_type=\"breadcrumbs.default\">\n\t\t\t\t\t<p id=\"breadcrumbs\"><span><span><a href=\"https:\/\/www.mentalpal.de\/sr\/\">Po\u010detna<\/a><\/span><\/span><\/p>\t\t\t\t<\/div>\n\t\t\t\t<div class=\"elementor-element elementor-element-436f223 elementor-widget elementor-widget-heading\" data-id=\"436f223\" data-element_type=\"widget\" data-e-type=\"widget\" data-widget_type=\"heading.default\">\n\t\t\t\t\t<h1 class=\"elementor-heading-title elementor-size-default\">Roditeljstvo <br>i vaspitanje<\/h1>\t\t\t\t<\/div>\n\t\t\t\t\t<\/div>\n\t\t\t\t<\/div>\n\t\t<div class=\"elementor-element elementor-element-b23fcb1 e-flex e-con-boxed e-con e-parent\" data-id=\"b23fcb1\" data-element_type=\"container\" data-e-type=\"container\">\n\t\t\t\t\t<div class=\"e-con-inner\">\n\t\t\t\t<div class=\"elementor-element elementor-element-e8d29df elementor-widget elementor-widget-heading\" data-id=\"e8d29df\" data-element_type=\"widget\" data-e-type=\"widget\" data-widget_type=\"heading.default\">\n\t\t\t\t\t<h2 class=\"elementor-heading-title elementor-size-default\">Moja podr\u0161ka \u2013 Va\u0161 uspeh\n<\/h2>\t\t\t\t<\/div>\n\t\t\t\t\t<\/div>\n\t\t\t\t<\/div>\n\t\t<div class=\"elementor-element elementor-element-530150e e-flex e-con-boxed e-con e-parent\" data-id=\"530150e\" data-element_type=\"container\" data-e-type=\"container\">\n\t\t\t\t\t<div class=\"e-con-inner\">\n\t\t<div class=\"elementor-element elementor-element-1988dfc e-con-full e-flex e-con e-child\" data-id=\"1988dfc\" data-element_type=\"container\" data-e-type=\"container\">\n\t\t\t\t<div class=\"elementor-element elementor-element-45cb681 fliesstext elementor-widget elementor-widget-text-editor\" data-id=\"45cb681\" data-element_type=\"widget\" data-e-type=\"widget\" data-widget_type=\"text-editor.default\">\n\t\t\t\t\t\t\t\t\t<p>Pa\u017eljivo vas vodim kroz proces ranog prepoznavanja kako sopstvenih, tako i izazovnih okida\u010da va\u0161eg deteta, kao i na\u010dina da ih izbegnete. Istovremeno, u\u010dim vas kako da sa razumevanjem i empatijom odgovorite na potrebe svog deteta, a da se pritom ne izgubite kao individua.<\/p><p>Jedan od faktora uspeha u vaspitanju jeste svest da su deca ogledala kako li\u010dnih uspeha roditelja, tako i njihovih nesavr\u0161enosti.<\/p>\t\t\t\t\t\t\t\t<\/div>\n\t\t\t\t<div class=\"elementor-element elementor-element-e243e57 fliesstext elementor-widget elementor-widget-text-editor\" data-id=\"e243e57\" data-element_type=\"widget\" data-e-type=\"widget\" data-widget_type=\"text-editor.default\">\n\t\t\t\t\t\t\t\t\t<p><strong>Slede\u0107e ta\u010dke predstavljaju osnovu znanja na kojoj se mo\u017ee graditi dobar odnos izme\u0111u roditelja i deteta:<\/strong><\/p>\t\t\t\t\t\t\t\t<\/div>\n\t\t\t\t<div class=\"elementor-element elementor-element-06cd7b4 elementor-icon-list--layout-traditional elementor-list-item-link-full_width elementor-widget elementor-widget-icon-list\" data-id=\"06cd7b4\" data-element_type=\"widget\" data-e-type=\"widget\" data-widget_type=\"icon-list.default\">\n\t\t\t\t\t\t\t<ul class=\"elementor-icon-list-items\">\n\t\t\t\t\t\t\t<li class=\"elementor-icon-list-item\">\n\t\t\t\t\t\t\t\t\t\t\t<span class=\"elementor-icon-list-icon\">\n\t\t\t\t\t\t\t<svg aria-hidden=\"true\" class=\"e-font-icon-svg e-fas-check-circle\" viewbox=\"0 0 512 512\" xmlns=\"http:\/\/www.w3.org\/2000\/svg\"><path d=\"M504 256c0 136.967-111.033 248-248 248S8 392.967 8 256 119.033 8 256 8s248 111.033 248 248zM227.314 387.314l184-184c6.248-6.248 6.248-16.379 0-22.627l-22.627-22.627c-6.248-6.249-16.379-6.249-22.628 0L216 308.118l-70.059-70.059c-6.248-6.248-16.379-6.248-22.628 0l-22.627 22.627c-6.248 6.248-6.248 16.379 0 22.627l104 104c6.249 6.249 16.379 6.249 22.628.001z\"><\/path><\/svg>\t\t\t\t\t\t<\/span>\n\t\t\t\t\t\t\t\t\t\t<span class=\"elementor-icon-list-text\">Roditelji kao lideri<\/span>\n\t\t\t\t\t\t\t\t\t<\/li>\n\t\t\t\t\t\t\t\t<li class=\"elementor-icon-list-item\">\n\t\t\t\t\t\t\t\t\t\t\t<span class=\"elementor-icon-list-icon\">\n\t\t\t\t\t\t\t<svg aria-hidden=\"true\" class=\"e-font-icon-svg e-fas-check-circle\" viewbox=\"0 0 512 512\" xmlns=\"http:\/\/www.w3.org\/2000\/svg\"><path d=\"M504 256c0 136.967-111.033 248-248 248S8 392.967 8 256 119.033 8 256 8s248 111.033 248 248zM227.314 387.314l184-184c6.248-6.248 6.248-16.379 0-22.627l-22.627-22.627c-6.248-6.249-16.379-6.249-22.628 0L216 308.118l-70.059-70.059c-6.248-6.248-16.379-6.248-22.628 0l-22.627 22.627c-6.248 6.248-6.248 16.379 0 22.627l104 104c6.249 6.249 16.379 6.249 22.628.001z\"><\/path><\/svg>\t\t\t\t\t\t<\/span>\n\t\t\t\t\t\t\t\t\t\t<span class=\"elementor-icon-list-text\">Komunikacija sa decom<\/span>\n\t\t\t\t\t\t\t\t\t<\/li>\n\t\t\t\t\t\t\t\t<li class=\"elementor-icon-list-item\">\n\t\t\t\t\t\t\t\t\t\t\t<span class=\"elementor-icon-list-icon\">\n\t\t\t\t\t\t\t<svg aria-hidden=\"true\" class=\"e-font-icon-svg e-fas-check-circle\" viewbox=\"0 0 512 512\" xmlns=\"http:\/\/www.w3.org\/2000\/svg\"><path d=\"M504 256c0 136.967-111.033 248-248 248S8 392.967 8 256 119.033 8 256 8s248 111.033 248 248zM227.314 387.314l184-184c6.248-6.248 6.248-16.379 0-22.627l-22.627-22.627c-6.248-6.249-16.379-6.249-22.628 0L216 308.118l-70.059-70.059c-6.248-6.248-16.379-6.248-22.628 0l-22.627 22.627c-6.248 6.248-6.248 16.379 0 22.627l104 104c6.249 6.249 16.379 6.249 22.628.001z\"><\/path><\/svg>\t\t\t\t\t\t<\/span>\n\t\t\t\t\t\t\t\t\t\t<span class=\"elementor-icon-list-text\">Podsticanje samostalnosti<\/span>\n\t\t\t\t\t\t\t\t\t<\/li>\n\t\t\t\t\t\t\t\t<li class=\"elementor-icon-list-item\">\n\t\t\t\t\t\t\t\t\t\t\t<span class=\"elementor-icon-list-icon\">\n\t\t\t\t\t\t\t<svg aria-hidden=\"true\" class=\"e-font-icon-svg e-fas-check-circle\" viewbox=\"0 0 512 512\" xmlns=\"http:\/\/www.w3.org\/2000\/svg\"><path d=\"M504 256c0 136.967-111.033 248-248 248S8 392.967 8 256 119.033 8 256 8s248 111.033 248 248zM227.314 387.314l184-184c6.248-6.248 6.248-16.379 0-22.627l-22.627-22.627c-6.248-6.249-16.379-6.249-22.628 0L216 308.118l-70.059-70.059c-6.248-6.248-16.379-6.248-22.628 0l-22.627 22.627c-6.248 6.248-6.248 16.379 0 22.627l104 104c6.249 6.249 16.379 6.249 22.628.001z\"><\/path><\/svg>\t\t\t\t\t\t<\/span>\n\t\t\t\t\t\t\t\t\t\t<span class=\"elementor-icon-list-text\">Briga o sebi i balans za roditelje<\/span>\n\t\t\t\t\t\t\t\t\t<\/li>\n\t\t\t\t\t\t\t\t<li class=\"elementor-icon-list-item\">\n\t\t\t\t\t\t\t\t\t\t\t<span class=\"elementor-icon-list-icon\">\n\t\t\t\t\t\t\t<svg aria-hidden=\"true\" class=\"e-font-icon-svg e-fas-check-circle\" viewbox=\"0 0 512 512\" xmlns=\"http:\/\/www.w3.org\/2000\/svg\"><path d=\"M504 256c0 136.967-111.033 248-248 248S8 392.967 8 256 119.033 8 256 8s248 111.033 248 248zM227.314 387.314l184-184c6.248-6.248 6.248-16.379 0-22.627l-22.627-22.627c-6.248-6.249-16.379-6.249-22.628 0L216 308.118l-70.059-70.059c-6.248-6.248-16.379-6.248-22.628 0l-22.627 22.627c-6.248 6.248-6.248 16.379 0 22.627l104 104c6.249 6.249 16.379 6.249 22.628.001z\"><\/path><\/svg>\t\t\t\t\t\t<\/span>\n\t\t\t\t\t\t\t\t\t\t<span class=\"elementor-icon-list-text\">Veza i emocionalna podr\u0161ka<\/span>\n\t\t\t\t\t\t\t\t\t<\/li>\n\t\t\t\t\t\t\t\t<li class=\"elementor-icon-list-item\">\n\t\t\t\t\t\t\t\t\t\t\t<span class=\"elementor-icon-list-icon\">\n\t\t\t\t\t\t\t<svg aria-hidden=\"true\" class=\"e-font-icon-svg e-fas-check-circle\" viewbox=\"0 0 512 512\" xmlns=\"http:\/\/www.w3.org\/2000\/svg\"><path d=\"M504 256c0 136.967-111.033 248-248 248S8 392.967 8 256 119.033 8 256 8s248 111.033 248 248zM227.314 387.314l184-184c6.248-6.248 6.248-16.379 0-22.627l-22.627-22.627c-6.248-6.249-16.379-6.249-22.628 0L216 308.118l-70.059-70.059c-6.248-6.248-16.379-6.248-22.628 0l-22.627 22.627c-6.248 6.248-6.248 16.379 0 22.627l104 104c6.249 6.249 16.379 6.249 22.628.001z\"><\/path><\/svg>\t\t\t\t\t\t<\/span>\n\t\t\t\t\t\t\t\t\t\t<span class=\"elementor-icon-list-text\">Suo\u010davanje sa izazovima i konfliktima<\/span>\n\t\t\t\t\t\t\t\t\t<\/li>\n\t\t\t\t\t\t<\/ul>\n\t\t\t\t\t\t<\/div>\n\t\t\t\t<div class=\"elementor-element elementor-element-c4bb844 fliesstext elementor-widget elementor-widget-text-editor\" data-id=\"c4bb844\" data-element_type=\"widget\" data-e-type=\"widget\" data-widget_type=\"text-editor.default\">\n\t\t\t\t\t\t\t\t\t<p>Zadovoljstvo mije da vas profesionalno pratim kroz ovaj proces.<\/p>\t\t\t\t\t\t\t\t<\/div>\n\t\t\t\t<div class=\"elementor-element elementor-element-6055214 fliesstext zitat elementor-widget elementor-widget-text-editor\" data-id=\"6055214\" data-element_type=\"widget\" data-e-type=\"widget\" data-widget_type=\"text-editor.default\">\n\t\t\t\t\t\t\t\t\t<p><strong>Za prvu konsultaciju kontaktirajte me <a href=\"\/sr\/kontakt\/\">ovde<\/a> .<\/strong><\/p>\t\t\t\t\t\t\t\t<\/div>\n\t\t\t\t<\/div>\n\t\t<div class=\"elementor-element elementor-element-d710dee e-con-full e-flex e-con e-child\" data-id=\"d710dee\" data-element_type=\"container\" data-e-type=\"container\">\n\t\t\t\t<div class=\"elementor-element elementor-element-b6f0e40 elementor-widget elementor-widget-image\" data-id=\"b6f0e40\" data-element_type=\"widget\" data-e-type=\"widget\" data-widget_type=\"image.default\">\n\t\t\t\t\t\t\t\t\t\t\t\t\t\t\t<img fetchpriority=\"high\" decoding=\"async\" width=\"1024\" height=\"683\" src=\"https:\/\/www.mentalpal.de\/wp-content\/uploads\/2025\/08\/vollbild-familiensilhouette-die-spass-bei-sonnenuntergang-hat-1024x683.jpg\" class=\"attachment-large size-large wp-image-1352\" alt=\"\" srcset=\"https:\/\/www.mentalpal.de\/wp-content\/uploads\/2025\/08\/vollbild-familiensilhouette-die-spass-bei-sonnenuntergang-hat-1024x683.jpg 1024w, https:\/\/www.mentalpal.de\/wp-content\/uploads\/2025\/08\/vollbild-familiensilhouette-die-spass-bei-sonnenuntergang-hat-300x200.jpg 300w, https:\/\/www.mentalpal.de\/wp-content\/uploads\/2025\/08\/vollbild-familiensilhouette-die-spass-bei-sonnenuntergang-hat-768x512.jpg 768w, https:\/\/www.mentalpal.de\/wp-content\/uploads\/2025\/08\/vollbild-familiensilhouette-die-spass-bei-sonnenuntergang-hat-1536x1024.jpg 1536w, https:\/\/www.mentalpal.de\/wp-content\/uploads\/2025\/08\/vollbild-familiensilhouette-die-spass-bei-sonnenuntergang-hat-2048x1366.jpg 2048w\" sizes=\"(max-width: 1024px) 100vw, 1024px\" \/>\t\t\t\t\t\t\t\t\t\t\t\t\t\t\t<\/div>\n\t\t\t\t<\/div>\n\t\t\t\t\t<\/div>\n\t\t\t\t<\/div>\n\t\t\t\t<\/div>","protected":false},"excerpt":{"rendered":"<p>Eltern &amp; Erziehung So unterst\u00fctze ich Sie Behutsam begleite ich Sie durch den Lernprozess, Ihre eigenen sowie die Triggerpunkte Ihrer [&hellip;]<\/p>\n","protected":false},"author":1,"featured_media":0,"parent":248,"menu_order":0,"comment_status":"closed","ping_status":"closed","template":"","meta":{"site-sidebar-layout":"no-sidebar","site-content-layout":"","ast-site-content-layout":"full-width-container","site-content-style":"default","site-sidebar-style":"default","ast-global-header-display":"","ast-banner-title-visibility":"","ast-main-header-display":"","ast-hfb-above-header-display":"","ast-hfb-below-header-display":"","ast-hfb-mobile-header-display":"","site-post-title":"disabled","ast-breadcrumbs-content":"","ast-featured-img":"disabled","footer-sml-layout":"","ast-disable-related-posts":"","theme-transparent-header-meta":"","adv-header-id-meta":"","stick-header-meta":"","header-above-stick-meta":"","header-main-stick-meta":"","header-below-stick-meta":"","astra-migrate-meta-layouts":"default","ast-page-background-enabled":"default","ast-page-background-meta":{"desktop":{"background-color":"var(--ast-global-color-5)","background-image":"","background-repeat":"repeat","background-position":"center center","background-size":"auto","background-attachment":"scroll","background-type":"","background-media":"","overlay-type":"","overlay-color":"","overlay-opacity":"","overlay-gradient":""},"tablet":{"background-color":"","background-image":"","background-repeat":"repeat","background-position":"center center","background-size":"auto","background-attachment":"scroll","background-type":"","background-media":"","overlay-type":"","overlay-color":"","overlay-opacity":"","overlay-gradient":""},"mobile":{"background-color":"","background-image":"","background-repeat":"repeat","background-position":"center center","background-size":"auto","background-attachment":"scroll","background-type":"","background-media":"","overlay-type":"","overlay-color":"","overlay-opacity":"","overlay-gradient":""}},"ast-content-background-meta":{"desktop":{"background-color":"var(--ast-global-color-4)","background-image":"","background-repeat":"repeat","background-position":"center center","background-size":"auto","background-attachment":"scroll","background-type":"","background-media":"","overlay-type":"","overlay-color":"","overlay-opacity":"","overlay-gradient":""},"tablet":{"background-color":"var(--ast-global-color-4)","background-image":"","background-repeat":"repeat","background-position":"center center","background-size":"auto","background-attachment":"scroll","background-type":"","background-media":"","overlay-type":"","overlay-color":"","overlay-opacity":"","overlay-gradient":""},"mobile":{"background-color":"var(--ast-global-color-4)","background-image":"","background-repeat":"repeat","background-position":"center center","background-size":"auto","background-attachment":"scroll","background-type":"","background-media":"","overlay-type":"","overlay-color":"","overlay-opacity":"","overlay-gradient":""}},"footnotes":""},"class_list":["post-290","page","type-page","status-publish","hentry"],"yoast_head":"<!-- This site is optimized with the Yoast SEO plugin v27.5 - https:\/\/yoast.com\/product\/yoast-seo-wordpress\/ -->\n<title>Eltern &amp; Erziehung - MentalPal<\/title>\n<meta name=\"robots\" content=\"index, follow, max-snippet:-1, max-image-preview:large, max-video-preview:-1\" \/>\n<link rel=\"canonical\" href=\"https:\/\/www.mentalpal.de\/sr\/coaching\/individuelles-coaching\/eltern-erziehung\/\" \/>\n<meta property=\"og:locale\" content=\"sr_RS\" \/>\n<meta property=\"og:type\" content=\"article\" \/>\n<meta property=\"og:title\" content=\"Eltern &amp; Erziehung - MentalPal\" \/>\n<meta property=\"og:description\" content=\"Eltern &amp; Erziehung So unterst\u00fctze ich Sie Behutsam begleite ich Sie durch den Lernprozess, Ihre eigenen sowie die Triggerpunkte Ihrer [&hellip;]\" \/>\n<meta property=\"og:url\" content=\"https:\/\/www.mentalpal.de\/sr\/coaching\/individuelles-coaching\/eltern-erziehung\/\" \/>\n<meta property=\"og:site_name\" content=\"MentalPal\" \/>\n<meta property=\"article:modified_time\" content=\"2025-09-05T12:03:34+00:00\" \/>\n<meta property=\"og:image\" content=\"https:\/\/www.mentalpal.de\/wp-content\/uploads\/2025\/08\/vollbild-familiensilhouette-die-spass-bei-sonnenuntergang-hat-scaled.jpg\" \/>\n\t<meta property=\"og:image:width\" content=\"2560\" \/>\n\t<meta property=\"og:image:height\" content=\"1707\" \/>\n\t<meta property=\"og:image:type\" content=\"image\/jpeg\" \/>\n<meta name=\"twitter:card\" content=\"summary_large_image\" \/>\n<meta name=\"twitter:label1\" content=\"\u041f\u0440\u043e\u0446\u0435\u045a\u0435\u043d\u043e \u0432\u0440\u0435\u043c\u0435 \u0447\u0438\u0442\u0430\u045a\u0430\" \/>\n\t<meta name=\"twitter:data1\" content=\"1 \u043c\u0438\u043d\u0443\u0442\" \/>\n<script type=\"application\/ld+json\" class=\"yoast-schema-graph\">{\"@context\":\"https:\\\/\\\/schema.org\",\"@graph\":[{\"@type\":\"WebPage\",\"@id\":\"https:\\\/\\\/www.mentalpal.de\\\/coaching\\\/individuelles-coaching\\\/eltern-erziehung\\\/\",\"url\":\"https:\\\/\\\/www.mentalpal.de\\\/coaching\\\/individuelles-coaching\\\/eltern-erziehung\\\/\",\"name\":\"Eltern & Erziehung - MentalPal\",\"isPartOf\":{\"@id\":\"https:\\\/\\\/www.mentalpal.de\\\/#website\"},\"primaryImageOfPage\":{\"@id\":\"https:\\\/\\\/www.mentalpal.de\\\/coaching\\\/individuelles-coaching\\\/eltern-erziehung\\\/#primaryimage\"},\"image\":{\"@id\":\"https:\\\/\\\/www.mentalpal.de\\\/coaching\\\/individuelles-coaching\\\/eltern-erziehung\\\/#primaryimage\"},\"thumbnailUrl\":\"https:\\\/\\\/www.mentalpal.de\\\/wp-content\\\/uploads\\\/2025\\\/08\\\/vollbild-familiensilhouette-die-spass-bei-sonnenuntergang-hat-1024x683.jpg\",\"datePublished\":\"2025-08-05T09:27:53+00:00\",\"dateModified\":\"2025-09-05T12:03:34+00:00\",\"breadcrumb\":{\"@id\":\"https:\\\/\\\/www.mentalpal.de\\\/coaching\\\/individuelles-coaching\\\/eltern-erziehung\\\/#breadcrumb\"},\"inLanguage\":\"sr-RS\",\"potentialAction\":[{\"@type\":\"ReadAction\",\"target\":[\"https:\\\/\\\/www.mentalpal.de\\\/coaching\\\/individuelles-coaching\\\/eltern-erziehung\\\/\"]}]},{\"@type\":\"ImageObject\",\"inLanguage\":\"sr-RS\",\"@id\":\"https:\\\/\\\/www.mentalpal.de\\\/coaching\\\/individuelles-coaching\\\/eltern-erziehung\\\/#primaryimage\",\"url\":\"https:\\\/\\\/www.mentalpal.de\\\/wp-content\\\/uploads\\\/2025\\\/08\\\/vollbild-familiensilhouette-die-spass-bei-sonnenuntergang-hat-1024x683.jpg\",\"contentUrl\":\"https:\\\/\\\/www.mentalpal.de\\\/wp-content\\\/uploads\\\/2025\\\/08\\\/vollbild-familiensilhouette-die-spass-bei-sonnenuntergang-hat-1024x683.jpg\"},{\"@type\":\"BreadcrumbList\",\"@id\":\"https:\\\/\\\/www.mentalpal.de\\\/coaching\\\/individuelles-coaching\\\/eltern-erziehung\\\/#breadcrumb\",\"itemListElement\":[{\"@type\":\"ListItem\",\"position\":1,\"name\":\"Home\",\"item\":\"https:\\\/\\\/www.mentalpal.de\\\/\"},{\"@type\":\"ListItem\",\"position\":2,\"name\":\"Coaching\",\"item\":\"https:\\\/\\\/www.mentalpal.de\\\/coaching\\\/\"},{\"@type\":\"ListItem\",\"position\":3,\"name\":\"Individuelles Coaching\",\"item\":\"https:\\\/\\\/www.mentalpal.de\\\/coaching\\\/individuelles-coaching\\\/\"},{\"@type\":\"ListItem\",\"position\":4,\"name\":\"Eltern &#038; Erziehung\"}]},{\"@type\":\"WebSite\",\"@id\":\"https:\\\/\\\/www.mentalpal.de\\\/#website\",\"url\":\"https:\\\/\\\/www.mentalpal.de\\\/\",\"name\":\"MentalPal\",\"description\":\"\",\"publisher\":{\"@id\":\"https:\\\/\\\/www.mentalpal.de\\\/#organization\"},\"potentialAction\":[{\"@type\":\"SearchAction\",\"target\":{\"@type\":\"EntryPoint\",\"urlTemplate\":\"https:\\\/\\\/www.mentalpal.de\\\/?s={search_term_string}\"},\"query-input\":{\"@type\":\"PropertyValueSpecification\",\"valueRequired\":true,\"valueName\":\"search_term_string\"}}],\"inLanguage\":\"sr-RS\"},{\"@type\":\"Organization\",\"@id\":\"https:\\\/\\\/www.mentalpal.de\\\/#organization\",\"name\":\"MentalPal\",\"url\":\"https:\\\/\\\/www.mentalpal.de\\\/\",\"logo\":{\"@type\":\"ImageObject\",\"inLanguage\":\"sr-RS\",\"@id\":\"https:\\\/\\\/www.mentalpal.de\\\/#\\\/schema\\\/logo\\\/image\\\/\",\"url\":\"https:\\\/\\\/www.mentalpal.de\\\/wp-content\\\/uploads\\\/2025\\\/07\\\/MentaPal-Logo.png\",\"contentUrl\":\"https:\\\/\\\/www.mentalpal.de\\\/wp-content\\\/uploads\\\/2025\\\/07\\\/MentaPal-Logo.png\",\"width\":734,\"height\":182,\"caption\":\"MentalPal\"},\"image\":{\"@id\":\"https:\\\/\\\/www.mentalpal.de\\\/#\\\/schema\\\/logo\\\/image\\\/\"}}]}<\/script>\n<!-- \/ Yoast SEO plugin. -->","yoast_head_json":{"title":"Eltern & Erziehung - MentalPal","robots":{"index":"index","follow":"follow","max-snippet":"max-snippet:-1","max-image-preview":"max-image-preview:large","max-video-preview":"max-video-preview:-1"},"canonical":"https:\/\/www.mentalpal.de\/sr\/coaching\/individuelles-coaching\/eltern-erziehung\/","og_locale":"sr_RS","og_type":"article","og_title":"Eltern & Erziehung - MentalPal","og_description":"Eltern &amp; Erziehung So unterst\u00fctze ich Sie Behutsam begleite ich Sie durch den Lernprozess, Ihre eigenen sowie die Triggerpunkte Ihrer [&hellip;]","og_url":"https:\/\/www.mentalpal.de\/sr\/coaching\/individuelles-coaching\/eltern-erziehung\/","og_site_name":"MentalPal","article_modified_time":"2025-09-05T12:03:34+00:00","og_image":[{"width":2560,"height":1707,"url":"https:\/\/www.mentalpal.de\/wp-content\/uploads\/2025\/08\/vollbild-familiensilhouette-die-spass-bei-sonnenuntergang-hat-scaled.jpg","type":"image\/jpeg"}],"twitter_card":"summary_large_image","twitter_misc":{"\u041f\u0440\u043e\u0446\u0435\u045a\u0435\u043d\u043e \u0432\u0440\u0435\u043c\u0435 \u0447\u0438\u0442\u0430\u045a\u0430":"1 \u043c\u0438\u043d\u0443\u0442"},"schema":{"@context":"https:\/\/schema.org","@graph":[{"@type":"WebPage","@id":"https:\/\/www.mentalpal.de\/coaching\/individuelles-coaching\/eltern-erziehung\/","url":"https:\/\/www.mentalpal.de\/coaching\/individuelles-coaching\/eltern-erziehung\/","name":"Eltern & Erziehung - MentalPal","isPartOf":{"@id":"https:\/\/www.mentalpal.de\/#website"},"primaryImageOfPage":{"@id":"https:\/\/www.mentalpal.de\/coaching\/individuelles-coaching\/eltern-erziehung\/#primaryimage"},"image":{"@id":"https:\/\/www.mentalpal.de\/coaching\/individuelles-coaching\/eltern-erziehung\/#primaryimage"},"thumbnailUrl":"https:\/\/www.mentalpal.de\/wp-content\/uploads\/2025\/08\/vollbild-familiensilhouette-die-spass-bei-sonnenuntergang-hat-1024x683.jpg","datePublished":"2025-08-05T09:27:53+00:00","dateModified":"2025-09-05T12:03:34+00:00","breadcrumb":{"@id":"https:\/\/www.mentalpal.de\/coaching\/individuelles-coaching\/eltern-erziehung\/#breadcrumb"},"inLanguage":"sr-RS","potentialAction":[{"@type":"ReadAction","target":["https:\/\/www.mentalpal.de\/coaching\/individuelles-coaching\/eltern-erziehung\/"]}]},{"@type":"ImageObject","inLanguage":"sr-RS","@id":"https:\/\/www.mentalpal.de\/coaching\/individuelles-coaching\/eltern-erziehung\/#primaryimage","url":"https:\/\/www.mentalpal.de\/wp-content\/uploads\/2025\/08\/vollbild-familiensilhouette-die-spass-bei-sonnenuntergang-hat-1024x683.jpg","contentUrl":"https:\/\/www.mentalpal.de\/wp-content\/uploads\/2025\/08\/vollbild-familiensilhouette-die-spass-bei-sonnenuntergang-hat-1024x683.jpg"},{"@type":"BreadcrumbList","@id":"https:\/\/www.mentalpal.de\/coaching\/individuelles-coaching\/eltern-erziehung\/#breadcrumb","itemListElement":[{"@type":"ListItem","position":1,"name":"Home","item":"https:\/\/www.mentalpal.de\/"},{"@type":"ListItem","position":2,"name":"Coaching","item":"https:\/\/www.mentalpal.de\/coaching\/"},{"@type":"ListItem","position":3,"name":"Individuelles Coaching","item":"https:\/\/www.mentalpal.de\/coaching\/individuelles-coaching\/"},{"@type":"ListItem","position":4,"name":"Eltern &#038; Erziehung"}]},{"@type":"WebSite","@id":"https:\/\/www.mentalpal.de\/#website","url":"https:\/\/www.mentalpal.de\/","name":"MentalPal","description":"","publisher":{"@id":"https:\/\/www.mentalpal.de\/#organization"},"potentialAction":[{"@type":"SearchAction","target":{"@type":"EntryPoint","urlTemplate":"https:\/\/www.mentalpal.de\/?s={search_term_string}"},"query-input":{"@type":"PropertyValueSpecification","valueRequired":true,"valueName":"search_term_string"}}],"inLanguage":"sr-RS"},{"@type":"Organization","@id":"https:\/\/www.mentalpal.de\/#organization","name":"MentalPal","url":"https:\/\/www.mentalpal.de\/","logo":{"@type":"ImageObject","inLanguage":"sr-RS","@id":"https:\/\/www.mentalpal.de\/#\/schema\/logo\/image\/","url":"https:\/\/www.mentalpal.de\/wp-content\/uploads\/2025\/07\/MentaPal-Logo.png","contentUrl":"https:\/\/www.mentalpal.de\/wp-content\/uploads\/2025\/07\/MentaPal-Logo.png","width":734,"height":182,"caption":"MentalPal"},"image":{"@id":"https:\/\/www.mentalpal.de\/#\/schema\/logo\/image\/"}}]}},"_links":{"self":[{"href":"https:\/\/www.mentalpal.de\/sr\/wp-json\/wp\/v2\/pages\/290","targetHints":{"allow":["GET"]}}],"collection":[{"href":"https:\/\/www.mentalpal.de\/sr\/wp-json\/wp\/v2\/pages"}],"about":[{"href":"https:\/\/www.mentalpal.de\/sr\/wp-json\/wp\/v2\/types\/page"}],"author":[{"embeddable":true,"href":"https:\/\/www.mentalpal.de\/sr\/wp-json\/wp\/v2\/users\/1"}],"replies":[{"embeddable":true,"href":"https:\/\/www.mentalpal.de\/sr\/wp-json\/wp\/v2\/comments?post=290"}],"version-history":[{"count":10,"href":"https:\/\/www.mentalpal.de\/sr\/wp-json\/wp\/v2\/pages\/290\/revisions"}],"predecessor-version":[{"id":2322,"href":"https:\/\/www.mentalpal.de\/sr\/wp-json\/wp\/v2\/pages\/290\/revisions\/2322"}],"up":[{"embeddable":true,"href":"https:\/\/www.mentalpal.de\/sr\/wp-json\/wp\/v2\/pages\/248"}],"wp:attachment":[{"href":"https:\/\/www.mentalpal.de\/sr\/wp-json\/wp\/v2\/media?parent=290"}],"curies":[{"name":"wp","href":"https:\/\/api.w.org\/{rel}","templated":true}]}}