{"id":248,"date":"2025-08-05T10:24:17","date_gmt":"2025-08-05T08:24:17","guid":{"rendered":"https:\/\/www.mentalpal.de\/?page_id=248"},"modified":"2025-09-16T10:05:57","modified_gmt":"2025-09-16T08:05:57","slug":"individuelles-coaching","status":"publish","type":"page","link":"https:\/\/www.mentalpal.de\/sr\/coaching\/individuelles-coaching\/","title":{"rendered":"Life-Kou\u010ding"},"content":{"rendered":"<div data-elementor-type=\"wp-post\" data-elementor-id=\"248\" class=\"elementor elementor-248\" data-elementor-post-type=\"page\">\n\t\t\t\t<div class=\"elementor-element elementor-element-e80efb6 e-flex e-con-boxed e-con e-parent\" data-id=\"e80efb6\" data-element_type=\"container\" data-e-type=\"container\" data-settings=\"{&quot;background_background&quot;:&quot;classic&quot;}\">\n\t\t\t\t\t<div class=\"e-con-inner\">\n\t\t\t\t<div class=\"elementor-element elementor-element-a83cc06 elementor-align-left fliesstext elementor-widget elementor-widget-breadcrumbs\" data-id=\"a83cc06\" data-element_type=\"widget\" data-e-type=\"widget\" data-widget_type=\"breadcrumbs.default\">\n\t\t\t\t\t<p id=\"breadcrumbs\"><span><span><a href=\"https:\/\/www.mentalpal.de\/sr\/\">Po\u010detna<\/a><\/span><\/span><\/p>\t\t\t\t<\/div>\n\t\t\t\t<div class=\"elementor-element elementor-element-270d74c headline-german elementor-widget elementor-widget-heading\" data-id=\"270d74c\" data-element_type=\"widget\" data-e-type=\"widget\" data-widget_type=\"heading.default\">\n\t\t\t\t\t<h1 class=\"elementor-heading-title elementor-size-default\">Individualna <br>Kou\u010ding<\/h1>\t\t\t\t<\/div>\n\t\t\t\t<div class=\"elementor-element elementor-element-49e4b11 headline-serbian elementor-widget elementor-widget-heading\" data-id=\"49e4b11\" data-element_type=\"widget\" data-e-type=\"widget\" data-widget_type=\"heading.default\">\n\t\t\t\t\t<h1 class=\"elementor-heading-title elementor-size-default\">Life-Kou\u010ding<\/h1>\t\t\t\t<\/div>\n\t\t\t\t\t<\/div>\n\t\t\t\t<\/div>\n\t\t<div class=\"elementor-element elementor-element-9f9b5db e-flex e-con-boxed e-con e-parent\" data-id=\"9f9b5db\" data-element_type=\"container\" data-e-type=\"container\">\n\t\t\t\t\t<div class=\"e-con-inner\">\n\t\t\t\t<div class=\"elementor-element elementor-element-d470aee elementor-widget elementor-widget-heading\" data-id=\"d470aee\" data-element_type=\"widget\" data-e-type=\"widget\" data-widget_type=\"heading.default\">\n\t\t\t\t\t<h2 class=\"elementor-heading-title elementor-size-default\">Kako biste bili pripremljeni za Va\u0161e naredne izazove!<\/h2>\t\t\t\t<\/div>\n\t\t\t\t\t<\/div>\n\t\t\t\t<\/div>\n\t\t<div class=\"elementor-element elementor-element-813ecea e-flex e-con-boxed e-con e-parent\" data-id=\"813ecea\" data-element_type=\"container\" data-e-type=\"container\">\n\t\t\t\t\t<div class=\"e-con-inner\">\n\t\t<div class=\"elementor-element elementor-element-77f2f14 e-con-full e-flex e-con e-child\" data-id=\"77f2f14\" data-element_type=\"container\" data-e-type=\"container\">\n\t\t\t\t<div class=\"elementor-element elementor-element-27726fa fliesstext elementor-widget elementor-widget-text-editor\" data-id=\"27726fa\" data-element_type=\"widget\" data-e-type=\"widget\" data-widget_type=\"text-editor.default\">\n\t\t\t\t\t\t\t\t\t<p>Diskretan razgovor na ravnopravnom nivou, nekada rezervisan za menad\u017eere u kriznim situacijama, danas je prisutan u svim segmentima \u017eivota.<\/p><p>Kou\u010ding se smatra efikasnom podr\u0161kom ne samo u poslovnom, ve\u0107 i u privatnom \u017eivotu. Life- kou\u010ding je u savremenom dobu uspostavljen kao standardni format za li\u010dni razvoj.<\/p>\t\t\t\t\t\t\t\t<\/div>\n\t\t\t\t<div class=\"elementor-element elementor-element-a43c11e fliesstext elementor-widget elementor-widget-text-editor\" data-id=\"a43c11e\" data-element_type=\"widget\" data-e-type=\"widget\" data-widget_type=\"text-editor.default\">\n\t\t\t\t\t\t\t\t\t<p><strong>Ciljna grupa: <\/strong>Porodi\u010dni ljudi, kao i pojedina\u010dne osobe, koji usmeravaju svoj napredak u nekoj od slede\u0107ih oblasti:<\/p>\t\t\t\t\t\t\t\t<\/div>\n\t\t\t\t<div class=\"elementor-element elementor-element-ea1bd37 link-list elementor-icon-list--layout-traditional elementor-list-item-link-full_width elementor-widget elementor-widget-icon-list\" data-id=\"ea1bd37\" data-element_type=\"widget\" data-e-type=\"widget\" data-widget_type=\"icon-list.default\">\n\t\t\t\t\t\t\t<ul class=\"elementor-icon-list-items\">\n\t\t\t\t\t\t\t<li class=\"elementor-icon-list-item\">\n\t\t\t\t\t\t\t\t\t\t\t<span class=\"elementor-icon-list-icon\">\n\t\t\t\t\t\t\t<svg aria-hidden=\"true\" class=\"e-font-icon-svg e-fas-check-circle\" viewbox=\"0 0 512 512\" xmlns=\"http:\/\/www.w3.org\/2000\/svg\"><path d=\"M504 256c0 136.967-111.033 248-248 248S8 392.967 8 256 119.033 8 256 8s248 111.033 248 248zM227.314 387.314l184-184c6.248-6.248 6.248-16.379 0-22.627l-22.627-22.627c-6.248-6.249-16.379-6.249-22.628 0L216 308.118l-70.059-70.059c-6.248-6.248-16.379-6.248-22.628 0l-22.627 22.627c-6.248 6.248-6.248 16.379 0 22.627l104 104c6.249 6.249 16.379 6.249 22.628.001z\"><\/path><\/svg>\t\t\t\t\t\t<\/span>\n\t\t\t\t\t\t\t\t\t\t<span class=\"elementor-icon-list-text\"><a title=\"Razvoj identiteta i li\u010dnosti\" href=\"\/sr\/coaching\/individuelles-coaching\/identitaet-persoenlichkeitsentwicklung\/\">Razvoj identiteta i li\u010dnosti<\/a><\/span>\n\t\t\t\t\t\t\t\t\t<\/li>\n\t\t\t\t\t\t\t\t<li class=\"elementor-icon-list-item\">\n\t\t\t\t\t\t\t\t\t\t\t<span class=\"elementor-icon-list-icon\">\n\t\t\t\t\t\t\t<svg aria-hidden=\"true\" class=\"e-font-icon-svg e-fas-check-circle\" viewbox=\"0 0 512 512\" xmlns=\"http:\/\/www.w3.org\/2000\/svg\"><path d=\"M504 256c0 136.967-111.033 248-248 248S8 392.967 8 256 119.033 8 256 8s248 111.033 248 248zM227.314 387.314l184-184c6.248-6.248 6.248-16.379 0-22.627l-22.627-22.627c-6.248-6.249-16.379-6.249-22.628 0L216 308.118l-70.059-70.059c-6.248-6.248-16.379-6.248-22.628 0l-22.627 22.627c-6.248 6.248-6.248 16.379 0 22.627l104 104c6.249 6.249 16.379 6.249 22.628.001z\"><\/path><\/svg>\t\t\t\t\t\t<\/span>\n\t\t\t\t\t\t\t\t\t\t<span class=\"elementor-icon-list-text\"><a title=\"Roditeljstvo i vaspitanje\" href=\"\/sr\/coaching\/individuelles-coaching\/partnerschaft-ehe\/\">Partnerstvo i brak<\/a><\/span>\n\t\t\t\t\t\t\t\t\t<\/li>\n\t\t\t\t\t\t\t\t<li class=\"elementor-icon-list-item\">\n\t\t\t\t\t\t\t\t\t\t\t<span class=\"elementor-icon-list-icon\">\n\t\t\t\t\t\t\t<svg aria-hidden=\"true\" class=\"e-font-icon-svg e-fas-check-circle\" viewbox=\"0 0 512 512\" xmlns=\"http:\/\/www.w3.org\/2000\/svg\"><path d=\"M504 256c0 136.967-111.033 248-248 248S8 392.967 8 256 119.033 8 256 8s248 111.033 248 248zM227.314 387.314l184-184c6.248-6.248 6.248-16.379 0-22.627l-22.627-22.627c-6.248-6.249-16.379-6.249-22.628 0L216 308.118l-70.059-70.059c-6.248-6.248-16.379-6.248-22.628 0l-22.627 22.627c-6.248 6.248-6.248 16.379 0 22.627l104 104c6.249 6.249 16.379 6.249 22.628.001z\"><\/path><\/svg>\t\t\t\t\t\t<\/span>\n\t\t\t\t\t\t\t\t\t\t<span class=\"elementor-icon-list-text\"><a title=\"Partnerstvo i brak\" href=\"\/sr\/coaching\/individuelles-coaching\/eltern-erziehung\/\">Roditeljstvo i vaspitanje<\/a><\/span>\n\t\t\t\t\t\t\t\t\t<\/li>\n\t\t\t\t\t\t<\/ul>\n\t\t\t\t\t\t<\/div>\n\t\t\t\t<div class=\"elementor-element elementor-element-e7e572b fliesstext elementor-widget elementor-widget-text-editor\" data-id=\"e7e572b\" data-element_type=\"widget\" data-e-type=\"widget\" data-widget_type=\"text-editor.default\">\n\t\t\t\t\t\t\t\t\tBa\u0161 kao \u0161to je va\u0161a trenutna situacija jedinstvena, tako je i moja agilnost \u2013 stoga prilago\u0111avam metode kou\u010ding-a va\u0161em \u201estatusu quo\u201d.\t\t\t\t\t\t\t\t<\/div>\n\t\t\t\t<div class=\"elementor-element elementor-element-f1bc03f fliesstext zitat elementor-widget elementor-widget-text-editor\" data-id=\"f1bc03f\" data-element_type=\"widget\" data-e-type=\"widget\" data-widget_type=\"text-editor.default\">\n\t\t\t\t\t\t\t\t\t<p><strong>Za prvu konsultaciju kontaktirajte me <a href=\"\/sr\/kontakt\/\">ovde<\/a> .<\/strong><\/p>\t\t\t\t\t\t\t\t<\/div>\n\t\t\t\t<\/div>\n\t\t<div class=\"elementor-element elementor-element-5446e48 e-con-full e-flex e-con e-child\" data-id=\"5446e48\" data-element_type=\"container\" data-e-type=\"container\">\n\t\t\t\t<div class=\"elementor-element elementor-element-ad18b61 elementor-widget elementor-widget-image\" data-id=\"ad18b61\" data-element_type=\"widget\" data-e-type=\"widget\" data-widget_type=\"image.default\">\n\t\t\t\t\t\t\t\t\t\t\t\t\t\t\t<img fetchpriority=\"high\" decoding=\"async\" width=\"1024\" height=\"636\" src=\"https:\/\/www.mentalpal.de\/wp-content\/uploads\/2025\/09\/iStock-1181135204-1024x636.jpg\" class=\"attachment-large size-large wp-image-2551\" alt=\"\" srcset=\"https:\/\/www.mentalpal.de\/wp-content\/uploads\/2025\/09\/iStock-1181135204-1024x636.jpg 1024w, https:\/\/www.mentalpal.de\/wp-content\/uploads\/2025\/09\/iStock-1181135204-300x186.jpg 300w, https:\/\/www.mentalpal.de\/wp-content\/uploads\/2025\/09\/iStock-1181135204-768x477.jpg 768w, https:\/\/www.mentalpal.de\/wp-content\/uploads\/2025\/09\/iStock-1181135204-1536x953.jpg 1536w, https:\/\/www.mentalpal.de\/wp-content\/uploads\/2025\/09\/iStock-1181135204-2048x1271.jpg 2048w, https:\/\/www.mentalpal.de\/wp-content\/uploads\/2025\/09\/iStock-1181135204-18x12.jpg 18w\" sizes=\"(max-width: 1024px) 100vw, 1024px\" \/>\t\t\t\t\t\t\t\t\t\t\t\t\t\t\t<\/div>\n\t\t\t\t<\/div>\n\t\t\t\t\t<\/div>\n\t\t\t\t<\/div>\n\t\t\t\t<\/div>","protected":false},"excerpt":{"rendered":"<p>Individuelles Coaching Life-Kou\u010ding Damit Sie bei Ihrer n\u00e4chsten Herausforderung ger\u00fcstet sind. Das Zweiergespr\u00e4ch auf Augenh\u00f6he, einst von Managern in Krisen [&hellip;]<\/p>\n","protected":false},"author":1,"featured_media":0,"parent":232,"menu_order":0,"comment_status":"closed","ping_status":"closed","template":"","meta":{"site-sidebar-layout":"no-sidebar","site-content-layout":"","ast-site-content-layout":"full-width-container","site-content-style":"default","site-sidebar-style":"default","ast-global-header-display":"","ast-banner-title-visibility":"","ast-main-header-display":"","ast-hfb-above-header-display":"","ast-hfb-below-header-display":"","ast-hfb-mobile-header-display":"","site-post-title":"disabled","ast-breadcrumbs-content":"","ast-featured-img":"disabled","footer-sml-layout":"","ast-disable-related-posts":"","theme-transparent-header-meta":"","adv-header-id-meta":"","stick-header-meta":"","header-above-stick-meta":"","header-main-stick-meta":"","header-below-stick-meta":"","astra-migrate-meta-layouts":"default","ast-page-background-enabled":"default","ast-page-background-meta":{"desktop":{"background-color":"var(--ast-global-color-5)","background-image":"","background-repeat":"repeat","background-position":"center center","background-size":"auto","background-attachment":"scroll","background-type":"","background-media":"","overlay-type":"","overlay-color":"","overlay-opacity":"","overlay-gradient":""},"tablet":{"background-color":"","background-image":"","background-repeat":"repeat","background-position":"center center","background-size":"auto","background-attachment":"scroll","background-type":"","background-media":"","overlay-type":"","overlay-color":"","overlay-opacity":"","overlay-gradient":""},"mobile":{"background-color":"","background-image":"","background-repeat":"repeat","background-position":"center center","background-size":"auto","background-attachment":"scroll","background-type":"","background-media":"","overlay-type":"","overlay-color":"","overlay-opacity":"","overlay-gradient":""}},"ast-content-background-meta":{"desktop":{"background-color":"var(--ast-global-color-4)","background-image":"","background-repeat":"repeat","background-position":"center center","background-size":"auto","background-attachment":"scroll","background-type":"","background-media":"","overlay-type":"","overlay-color":"","overlay-opacity":"","overlay-gradient":""},"tablet":{"background-color":"var(--ast-global-color-4)","background-image":"","background-repeat":"repeat","background-position":"center center","background-size":"auto","background-attachment":"scroll","background-type":"","background-media":"","overlay-type":"","overlay-color":"","overlay-opacity":"","overlay-gradient":""},"mobile":{"background-color":"var(--ast-global-color-4)","background-image":"","background-repeat":"repeat","background-position":"center center","background-size":"auto","background-attachment":"scroll","background-type":"","background-media":"","overlay-type":"","overlay-color":"","overlay-opacity":"","overlay-gradient":""}},"footnotes":""},"class_list":["post-248","page","type-page","status-publish","hentry"],"yoast_head":"<!-- This site is optimized with the Yoast SEO plugin v27.5 - https:\/\/yoast.com\/product\/yoast-seo-wordpress\/ -->\n<title>Individuelles Coaching - MentalPal<\/title>\n<meta name=\"robots\" content=\"index, follow, max-snippet:-1, max-image-preview:large, max-video-preview:-1\" \/>\n<link rel=\"canonical\" href=\"https:\/\/www.mentalpal.de\/sr\/coaching\/individuelles-coaching\/\" \/>\n<meta property=\"og:locale\" content=\"sr_RS\" \/>\n<meta property=\"og:type\" content=\"article\" \/>\n<meta property=\"og:title\" content=\"Individuelles Coaching - MentalPal\" \/>\n<meta property=\"og:description\" content=\"Individuelles Coaching Life-Kou\u010ding Damit Sie bei Ihrer n\u00e4chsten Herausforderung ger\u00fcstet sind. Das Zweiergespr\u00e4ch auf Augenh\u00f6he, einst von Managern in Krisen [&hellip;]\" \/>\n<meta property=\"og:url\" content=\"https:\/\/www.mentalpal.de\/sr\/coaching\/individuelles-coaching\/\" \/>\n<meta property=\"og:site_name\" content=\"MentalPal\" \/>\n<meta property=\"article:modified_time\" content=\"2025-09-16T08:05:57+00:00\" \/>\n<meta property=\"og:image\" content=\"https:\/\/www.mentalpal.de\/wp-content\/uploads\/2025\/09\/iStock-1181135204-1024x636.jpg\" \/>\n<meta name=\"twitter:card\" content=\"summary_large_image\" \/>\n<meta name=\"twitter:label1\" content=\"\u041f\u0440\u043e\u0446\u0435\u045a\u0435\u043d\u043e \u0432\u0440\u0435\u043c\u0435 \u0447\u0438\u0442\u0430\u045a\u0430\" \/>\n\t<meta name=\"twitter:data1\" content=\"1 \u043c\u0438\u043d\u0443\u0442\" \/>\n<script type=\"application\/ld+json\" class=\"yoast-schema-graph\">{\"@context\":\"https:\\\/\\\/schema.org\",\"@graph\":[{\"@type\":\"WebPage\",\"@id\":\"https:\\\/\\\/www.mentalpal.de\\\/coaching\\\/individuelles-coaching\\\/\",\"url\":\"https:\\\/\\\/www.mentalpal.de\\\/coaching\\\/individuelles-coaching\\\/\",\"name\":\"Individuelles Coaching - MentalPal\",\"isPartOf\":{\"@id\":\"https:\\\/\\\/www.mentalpal.de\\\/#website\"},\"primaryImageOfPage\":{\"@id\":\"https:\\\/\\\/www.mentalpal.de\\\/coaching\\\/individuelles-coaching\\\/#primaryimage\"},\"image\":{\"@id\":\"https:\\\/\\\/www.mentalpal.de\\\/coaching\\\/individuelles-coaching\\\/#primaryimage\"},\"thumbnailUrl\":\"https:\\\/\\\/www.mentalpal.de\\\/wp-content\\\/uploads\\\/2025\\\/09\\\/iStock-1181135204-1024x636.jpg\",\"datePublished\":\"2025-08-05T08:24:17+00:00\",\"dateModified\":\"2025-09-16T08:05:57+00:00\",\"breadcrumb\":{\"@id\":\"https:\\\/\\\/www.mentalpal.de\\\/coaching\\\/individuelles-coaching\\\/#breadcrumb\"},\"inLanguage\":\"sr-RS\",\"potentialAction\":[{\"@type\":\"ReadAction\",\"target\":[\"https:\\\/\\\/www.mentalpal.de\\\/coaching\\\/individuelles-coaching\\\/\"]}]},{\"@type\":\"ImageObject\",\"inLanguage\":\"sr-RS\",\"@id\":\"https:\\\/\\\/www.mentalpal.de\\\/coaching\\\/individuelles-coaching\\\/#primaryimage\",\"url\":\"https:\\\/\\\/www.mentalpal.de\\\/wp-content\\\/uploads\\\/2025\\\/09\\\/iStock-1181135204-1024x636.jpg\",\"contentUrl\":\"https:\\\/\\\/www.mentalpal.de\\\/wp-content\\\/uploads\\\/2025\\\/09\\\/iStock-1181135204-1024x636.jpg\"},{\"@type\":\"BreadcrumbList\",\"@id\":\"https:\\\/\\\/www.mentalpal.de\\\/coaching\\\/individuelles-coaching\\\/#breadcrumb\",\"itemListElement\":[{\"@type\":\"ListItem\",\"position\":1,\"name\":\"Home\",\"item\":\"https:\\\/\\\/www.mentalpal.de\\\/\"},{\"@type\":\"ListItem\",\"position\":2,\"name\":\"Coaching\",\"item\":\"https:\\\/\\\/www.mentalpal.de\\\/coaching\\\/\"},{\"@type\":\"ListItem\",\"position\":3,\"name\":\"Individuelles Coaching\"}]},{\"@type\":\"WebSite\",\"@id\":\"https:\\\/\\\/www.mentalpal.de\\\/#website\",\"url\":\"https:\\\/\\\/www.mentalpal.de\\\/\",\"name\":\"MentalPal\",\"description\":\"\",\"publisher\":{\"@id\":\"https:\\\/\\\/www.mentalpal.de\\\/#organization\"},\"potentialAction\":[{\"@type\":\"SearchAction\",\"target\":{\"@type\":\"EntryPoint\",\"urlTemplate\":\"https:\\\/\\\/www.mentalpal.de\\\/?s={search_term_string}\"},\"query-input\":{\"@type\":\"PropertyValueSpecification\",\"valueRequired\":true,\"valueName\":\"search_term_string\"}}],\"inLanguage\":\"sr-RS\"},{\"@type\":\"Organization\",\"@id\":\"https:\\\/\\\/www.mentalpal.de\\\/#organization\",\"name\":\"MentalPal\",\"url\":\"https:\\\/\\\/www.mentalpal.de\\\/\",\"logo\":{\"@type\":\"ImageObject\",\"inLanguage\":\"sr-RS\",\"@id\":\"https:\\\/\\\/www.mentalpal.de\\\/#\\\/schema\\\/logo\\\/image\\\/\",\"url\":\"https:\\\/\\\/www.mentalpal.de\\\/wp-content\\\/uploads\\\/2025\\\/07\\\/MentaPal-Logo.png\",\"contentUrl\":\"https:\\\/\\\/www.mentalpal.de\\\/wp-content\\\/uploads\\\/2025\\\/07\\\/MentaPal-Logo.png\",\"width\":734,\"height\":182,\"caption\":\"MentalPal\"},\"image\":{\"@id\":\"https:\\\/\\\/www.mentalpal.de\\\/#\\\/schema\\\/logo\\\/image\\\/\"}}]}<\/script>\n<!-- \/ Yoast SEO plugin. -->","yoast_head_json":{"title":"Individuelles Coaching - MentalPal","robots":{"index":"index","follow":"follow","max-snippet":"max-snippet:-1","max-image-preview":"max-image-preview:large","max-video-preview":"max-video-preview:-1"},"canonical":"https:\/\/www.mentalpal.de\/sr\/coaching\/individuelles-coaching\/","og_locale":"sr_RS","og_type":"article","og_title":"Individuelles Coaching - MentalPal","og_description":"Individuelles Coaching Life-Kou\u010ding Damit Sie bei Ihrer n\u00e4chsten Herausforderung ger\u00fcstet sind. Das Zweiergespr\u00e4ch auf Augenh\u00f6he, einst von Managern in Krisen [&hellip;]","og_url":"https:\/\/www.mentalpal.de\/sr\/coaching\/individuelles-coaching\/","og_site_name":"MentalPal","article_modified_time":"2025-09-16T08:05:57+00:00","og_image":[{"url":"https:\/\/www.mentalpal.de\/wp-content\/uploads\/2025\/09\/iStock-1181135204-1024x636.jpg","type":"","width":"","height":""}],"twitter_card":"summary_large_image","twitter_misc":{"\u041f\u0440\u043e\u0446\u0435\u045a\u0435\u043d\u043e \u0432\u0440\u0435\u043c\u0435 \u0447\u0438\u0442\u0430\u045a\u0430":"1 \u043c\u0438\u043d\u0443\u0442"},"schema":{"@context":"https:\/\/schema.org","@graph":[{"@type":"WebPage","@id":"https:\/\/www.mentalpal.de\/coaching\/individuelles-coaching\/","url":"https:\/\/www.mentalpal.de\/coaching\/individuelles-coaching\/","name":"Individuelles Coaching - MentalPal","isPartOf":{"@id":"https:\/\/www.mentalpal.de\/#website"},"primaryImageOfPage":{"@id":"https:\/\/www.mentalpal.de\/coaching\/individuelles-coaching\/#primaryimage"},"image":{"@id":"https:\/\/www.mentalpal.de\/coaching\/individuelles-coaching\/#primaryimage"},"thumbnailUrl":"https:\/\/www.mentalpal.de\/wp-content\/uploads\/2025\/09\/iStock-1181135204-1024x636.jpg","datePublished":"2025-08-05T08:24:17+00:00","dateModified":"2025-09-16T08:05:57+00:00","breadcrumb":{"@id":"https:\/\/www.mentalpal.de\/coaching\/individuelles-coaching\/#breadcrumb"},"inLanguage":"sr-RS","potentialAction":[{"@type":"ReadAction","target":["https:\/\/www.mentalpal.de\/coaching\/individuelles-coaching\/"]}]},{"@type":"ImageObject","inLanguage":"sr-RS","@id":"https:\/\/www.mentalpal.de\/coaching\/individuelles-coaching\/#primaryimage","url":"https:\/\/www.mentalpal.de\/wp-content\/uploads\/2025\/09\/iStock-1181135204-1024x636.jpg","contentUrl":"https:\/\/www.mentalpal.de\/wp-content\/uploads\/2025\/09\/iStock-1181135204-1024x636.jpg"},{"@type":"BreadcrumbList","@id":"https:\/\/www.mentalpal.de\/coaching\/individuelles-coaching\/#breadcrumb","itemListElement":[{"@type":"ListItem","position":1,"name":"Home","item":"https:\/\/www.mentalpal.de\/"},{"@type":"ListItem","position":2,"name":"Coaching","item":"https:\/\/www.mentalpal.de\/coaching\/"},{"@type":"ListItem","position":3,"name":"Individuelles Coaching"}]},{"@type":"WebSite","@id":"https:\/\/www.mentalpal.de\/#website","url":"https:\/\/www.mentalpal.de\/","name":"MentalPal","description":"","publisher":{"@id":"https:\/\/www.mentalpal.de\/#organization"},"potentialAction":[{"@type":"SearchAction","target":{"@type":"EntryPoint","urlTemplate":"https:\/\/www.mentalpal.de\/?s={search_term_string}"},"query-input":{"@type":"PropertyValueSpecification","valueRequired":true,"valueName":"search_term_string"}}],"inLanguage":"sr-RS"},{"@type":"Organization","@id":"https:\/\/www.mentalpal.de\/#organization","name":"MentalPal","url":"https:\/\/www.mentalpal.de\/","logo":{"@type":"ImageObject","inLanguage":"sr-RS","@id":"https:\/\/www.mentalpal.de\/#\/schema\/logo\/image\/","url":"https:\/\/www.mentalpal.de\/wp-content\/uploads\/2025\/07\/MentaPal-Logo.png","contentUrl":"https:\/\/www.mentalpal.de\/wp-content\/uploads\/2025\/07\/MentaPal-Logo.png","width":734,"height":182,"caption":"MentalPal"},"image":{"@id":"https:\/\/www.mentalpal.de\/#\/schema\/logo\/image\/"}}]}},"_links":{"self":[{"href":"https:\/\/www.mentalpal.de\/sr\/wp-json\/wp\/v2\/pages\/248","targetHints":{"allow":["GET"]}}],"collection":[{"href":"https:\/\/www.mentalpal.de\/sr\/wp-json\/wp\/v2\/pages"}],"about":[{"href":"https:\/\/www.mentalpal.de\/sr\/wp-json\/wp\/v2\/types\/page"}],"author":[{"embeddable":true,"href":"https:\/\/www.mentalpal.de\/sr\/wp-json\/wp\/v2\/users\/1"}],"replies":[{"embeddable":true,"href":"https:\/\/www.mentalpal.de\/sr\/wp-json\/wp\/v2\/comments?post=248"}],"version-history":[{"count":11,"href":"https:\/\/www.mentalpal.de\/sr\/wp-json\/wp\/v2\/pages\/248\/revisions"}],"predecessor-version":[{"id":2728,"href":"https:\/\/www.mentalpal.de\/sr\/wp-json\/wp\/v2\/pages\/248\/revisions\/2728"}],"up":[{"embeddable":true,"href":"https:\/\/www.mentalpal.de\/sr\/wp-json\/wp\/v2\/pages\/232"}],"wp:attachment":[{"href":"https:\/\/www.mentalpal.de\/sr\/wp-json\/wp\/v2\/media?parent=248"}],"curies":[{"name":"wp","href":"https:\/\/api.w.org\/{rel}","templated":true}]}}