{"id":221,"date":"2025-08-05T09:33:51","date_gmt":"2025-08-05T07:33:51","guid":{"rendered":"https:\/\/www.mentalpal.de\/?page_id=221"},"modified":"2025-09-05T14:05:09","modified_gmt":"2025-09-05T12:05:09","slug":"individuelles-resilienz-training","status":"publish","type":"page","link":"https:\/\/www.mentalpal.de\/sr\/resilienz-training\/individuelles-resilienz-training\/","title":{"rendered":"Individualna rezilijentnost"},"content":{"rendered":"<div data-elementor-type=\"wp-post\" data-elementor-id=\"221\" class=\"elementor elementor-221\" data-elementor-post-type=\"page\">\n\t\t\t\t<div class=\"elementor-element elementor-element-e670e5e e-flex e-con-boxed e-con e-parent\" data-id=\"e670e5e\" data-element_type=\"container\" data-e-type=\"container\" data-settings=\"{&quot;background_background&quot;:&quot;classic&quot;}\">\n\t\t\t\t\t<div class=\"e-con-inner\">\n\t\t\t\t<div class=\"elementor-element elementor-element-8809dea elementor-align-left fliesstext elementor-widget elementor-widget-breadcrumbs\" data-id=\"8809dea\" data-element_type=\"widget\" data-e-type=\"widget\" data-widget_type=\"breadcrumbs.default\">\n\t\t\t\t\t<p id=\"breadcrumbs\"><span><span><a href=\"https:\/\/www.mentalpal.de\/sr\/\">Po\u010detna<\/a><\/span><\/span><\/p>\t\t\t\t<\/div>\n\t\t\t\t<div class=\"elementor-element elementor-element-33a066b elementor-widget elementor-widget-heading\" data-id=\"33a066b\" data-element_type=\"widget\" data-e-type=\"widget\" data-widget_type=\"heading.default\">\n\t\t\t\t\t<h1 class=\"elementor-heading-title elementor-size-default\">Individualna <br>Rezilijentnost<\/h1>\t\t\t\t<\/div>\n\t\t\t\t\t<\/div>\n\t\t\t\t<\/div>\n\t\t<div class=\"elementor-element elementor-element-13eeb0e e-flex e-con-boxed e-con e-parent\" data-id=\"13eeb0e\" data-element_type=\"container\" data-e-type=\"container\">\n\t\t\t\t\t<div class=\"e-con-inner\">\n\t\t\t\t<div class=\"elementor-element elementor-element-4df1979 elementor-widget elementor-widget-heading\" data-id=\"4df1979\" data-element_type=\"widget\" data-e-type=\"widget\" data-widget_type=\"heading.default\">\n\t\t\t\t\t<h2 class=\"elementor-heading-title elementor-size-default\">\u0160ta je individualna rezilijentnost<\/h2>\t\t\t\t<\/div>\n\t\t\t\t\t<\/div>\n\t\t\t\t<\/div>\n\t\t<div class=\"elementor-element elementor-element-6791e45 e-flex e-con-boxed e-con e-parent\" data-id=\"6791e45\" data-element_type=\"container\" data-e-type=\"container\">\n\t\t\t\t\t<div class=\"e-con-inner\">\n\t\t<div class=\"elementor-element elementor-element-7bdcd8b e-con-full e-flex e-con e-child\" data-id=\"7bdcd8b\" data-element_type=\"container\" data-e-type=\"container\">\n\t\t\t\t<div class=\"elementor-element elementor-element-be9abbb elementor-icon-list--layout-traditional elementor-list-item-link-full_width elementor-widget elementor-widget-icon-list\" data-id=\"be9abbb\" data-element_type=\"widget\" data-e-type=\"widget\" data-widget_type=\"icon-list.default\">\n\t\t\t\t\t\t\t<ul class=\"elementor-icon-list-items\">\n\t\t\t\t\t\t\t<li class=\"elementor-icon-list-item\">\n\t\t\t\t\t\t\t\t\t\t\t<span class=\"elementor-icon-list-icon\">\n\t\t\t\t\t\t\t<svg aria-hidden=\"true\" class=\"e-font-icon-svg e-fas-check-circle\" viewbox=\"0 0 512 512\" xmlns=\"http:\/\/www.w3.org\/2000\/svg\"><path d=\"M504 256c0 136.967-111.033 248-248 248S8 392.967 8 256 119.033 8 256 8s248 111.033 248 248zM227.314 387.314l184-184c6.248-6.248 6.248-16.379 0-22.627l-22.627-22.627c-6.248-6.249-16.379-6.249-22.628 0L216 308.118l-70.059-70.059c-6.248-6.248-16.379-6.248-22.628 0l-22.627 22.627c-6.248 6.248-6.248 16.379 0 22.627l104 104c6.249 6.249 16.379 6.249 22.628.001z\"><\/path><\/svg>\t\t\t\t\t\t<\/span>\n\t\t\t\t\t\t\t\t\t\t<span class=\"elementor-icon-list-text\">Brz oporavak od neuspeha<\/span>\n\t\t\t\t\t\t\t\t\t<\/li>\n\t\t\t\t\t\t\t\t<li class=\"elementor-icon-list-item\">\n\t\t\t\t\t\t\t\t\t\t\t<span class=\"elementor-icon-list-icon\">\n\t\t\t\t\t\t\t<svg aria-hidden=\"true\" class=\"e-font-icon-svg e-fas-check-circle\" viewbox=\"0 0 512 512\" xmlns=\"http:\/\/www.w3.org\/2000\/svg\"><path d=\"M504 256c0 136.967-111.033 248-248 248S8 392.967 8 256 119.033 8 256 8s248 111.033 248 248zM227.314 387.314l184-184c6.248-6.248 6.248-16.379 0-22.627l-22.627-22.627c-6.248-6.249-16.379-6.249-22.628 0L216 308.118l-70.059-70.059c-6.248-6.248-16.379-6.248-22.628 0l-22.627 22.627c-6.248 6.248-6.248 16.379 0 22.627l104 104c6.249 6.249 16.379 6.249 22.628.001z\"><\/path><\/svg>\t\t\t\t\t\t<\/span>\n\t\t\t\t\t\t\t\t\t\t<span class=\"elementor-icon-list-text\">Emocionalno i mentalno zdravlje<\/span>\n\t\t\t\t\t\t\t\t\t<\/li>\n\t\t\t\t\t\t\t\t<li class=\"elementor-icon-list-item\">\n\t\t\t\t\t\t\t\t\t\t\t<span class=\"elementor-icon-list-icon\">\n\t\t\t\t\t\t\t<svg aria-hidden=\"true\" class=\"e-font-icon-svg e-fas-check-circle\" viewbox=\"0 0 512 512\" xmlns=\"http:\/\/www.w3.org\/2000\/svg\"><path d=\"M504 256c0 136.967-111.033 248-248 248S8 392.967 8 256 119.033 8 256 8s248 111.033 248 248zM227.314 387.314l184-184c6.248-6.248 6.248-16.379 0-22.627l-22.627-22.627c-6.248-6.249-16.379-6.249-22.628 0L216 308.118l-70.059-70.059c-6.248-6.248-16.379-6.248-22.628 0l-22.627 22.627c-6.248 6.248-6.248 16.379 0 22.627l104 104c6.249 6.249 16.379 6.249 22.628.001z\"><\/path><\/svg>\t\t\t\t\t\t<\/span>\n\t\t\t\t\t\t\t\t\t\t<span class=\"elementor-icon-list-text\">Efikasno savladavanje izazova<\/span>\n\t\t\t\t\t\t\t\t\t<\/li>\n\t\t\t\t\t\t<\/ul>\n\t\t\t\t\t\t<\/div>\n\t\t\t\t<div class=\"elementor-element elementor-element-cfdf77a fliesstext elementor-widget elementor-widget-text-editor\" data-id=\"cfdf77a\" data-element_type=\"widget\" data-e-type=\"widget\" data-widget_type=\"text-editor.default\">\n\t\t\t\t\t\t\t\t\t<p><strong>Ciljna grupa:<\/strong> Porodi\u010dni ljudi, kao i pojedina\u010dne osobe.<\/p><p>U \u017eivotu nije cilj samo izbegavati probleme, ve\u0107 se mnogo vi\u0161e radi o efikasnom suo\u010davanju sa njima. Bilo da se radi o te\u0161kim vremenima ili svakodnevnim izazovima, rezilijentnost je klju\u010d koji pru\u017ea mogu\u0107nost da se iz svih stresnih \u017eivotnih situacija iza\u0111e osna\u017een.<\/p><p><strong>Ulo\u017eite u sebe - za bolji kvalitet \u017eivota.<\/strong><\/p><p>Posegnite za mojim bogatim iskustvom i profitirajte u va\u0161em narednom izazovu.<\/p>\t\t\t\t\t\t\t\t<\/div>\n\t\t\t\t<div class=\"elementor-element elementor-element-fe68429 fliesstext zitat elementor-widget elementor-widget-text-editor\" data-id=\"fe68429\" data-element_type=\"widget\" data-e-type=\"widget\" data-widget_type=\"text-editor.default\">\n\t\t\t\t\t\t\t\t\t<p><strong>Za prvu konsultaciju kontaktirajte me <a href=\"\/sr\/kontakt\/\">ovde<\/a> .<\/strong><\/p>\t\t\t\t\t\t\t\t<\/div>\n\t\t\t\t<\/div>\n\t\t<div class=\"elementor-element elementor-element-69e262b e-con-full e-flex e-con e-child\" data-id=\"69e262b\" data-element_type=\"container\" data-e-type=\"container\">\n\t\t\t\t<div class=\"elementor-element elementor-element-4e3aa1b elementor-widget elementor-widget-image\" data-id=\"4e3aa1b\" data-element_type=\"widget\" data-e-type=\"widget\" data-widget_type=\"image.default\">\n\t\t\t\t\t\t\t\t\t\t\t\t\t\t\t<img fetchpriority=\"high\" decoding=\"async\" width=\"612\" height=\"459\" src=\"https:\/\/www.mentalpal.de\/wp-content\/uploads\/2025\/09\/INDIVIDUELLE-RESILIENZ-istockphoto-2176693662-612x612-2.jpg\" class=\"attachment-large size-large wp-image-2229\" alt=\"\" srcset=\"https:\/\/www.mentalpal.de\/wp-content\/uploads\/2025\/09\/INDIVIDUELLE-RESILIENZ-istockphoto-2176693662-612x612-2.jpg 612w, https:\/\/www.mentalpal.de\/wp-content\/uploads\/2025\/09\/INDIVIDUELLE-RESILIENZ-istockphoto-2176693662-612x612-2-300x225.jpg 300w\" sizes=\"(max-width: 612px) 100vw, 612px\" \/>\t\t\t\t\t\t\t\t\t\t\t\t\t\t\t<\/div>\n\t\t\t\t<\/div>\n\t\t\t\t\t<\/div>\n\t\t\t\t<\/div>\n\t\t\t\t<\/div>","protected":false},"excerpt":{"rendered":"<p>Individuelles Resilienz-Training Mehrwert durch Resilienz-Training Schnelle Erholung von R\u00fcckschl\u00e4gen Emotionale und mentale Gesundheit Effektive Bew\u00e4ltigung von Herausforderungen \u2026 Zielgruppe: Familienmenschen, [&hellip;]<\/p>\n","protected":false},"author":1,"featured_media":0,"parent":185,"menu_order":0,"comment_status":"closed","ping_status":"closed","template":"","meta":{"site-sidebar-layout":"no-sidebar","site-content-layout":"","ast-site-content-layout":"full-width-container","site-content-style":"default","site-sidebar-style":"default","ast-global-header-display":"","ast-banner-title-visibility":"","ast-main-header-display":"","ast-hfb-above-header-display":"","ast-hfb-below-header-display":"","ast-hfb-mobile-header-display":"","site-post-title":"disabled","ast-breadcrumbs-content":"","ast-featured-img":"disabled","footer-sml-layout":"","ast-disable-related-posts":"","theme-transparent-header-meta":"","adv-header-id-meta":"","stick-header-meta":"","header-above-stick-meta":"","header-main-stick-meta":"","header-below-stick-meta":"","astra-migrate-meta-layouts":"default","ast-page-background-enabled":"default","ast-page-background-meta":{"desktop":{"background-color":"var(--ast-global-color-5)","background-image":"","background-repeat":"repeat","background-position":"center center","background-size":"auto","background-attachment":"scroll","background-type":"","background-media":"","overlay-type":"","overlay-color":"","overlay-opacity":"","overlay-gradient":""},"tablet":{"background-color":"","background-image":"","background-repeat":"repeat","background-position":"center center","background-size":"auto","background-attachment":"scroll","background-type":"","background-media":"","overlay-type":"","overlay-color":"","overlay-opacity":"","overlay-gradient":""},"mobile":{"background-color":"","background-image":"","background-repeat":"repeat","background-position":"center center","background-size":"auto","background-attachment":"scroll","background-type":"","background-media":"","overlay-type":"","overlay-color":"","overlay-opacity":"","overlay-gradient":""}},"ast-content-background-meta":{"desktop":{"background-color":"var(--ast-global-color-4)","background-image":"","background-repeat":"repeat","background-position":"center center","background-size":"auto","background-attachment":"scroll","background-type":"","background-media":"","overlay-type":"","overlay-color":"","overlay-opacity":"","overlay-gradient":""},"tablet":{"background-color":"var(--ast-global-color-4)","background-image":"","background-repeat":"repeat","background-position":"center center","background-size":"auto","background-attachment":"scroll","background-type":"","background-media":"","overlay-type":"","overlay-color":"","overlay-opacity":"","overlay-gradient":""},"mobile":{"background-color":"var(--ast-global-color-4)","background-image":"","background-repeat":"repeat","background-position":"center center","background-size":"auto","background-attachment":"scroll","background-type":"","background-media":"","overlay-type":"","overlay-color":"","overlay-opacity":"","overlay-gradient":""}},"footnotes":""},"class_list":["post-221","page","type-page","status-publish","hentry"],"yoast_head":"<!-- This site is optimized with the Yoast SEO plugin v27.5 - https:\/\/yoast.com\/product\/yoast-seo-wordpress\/ -->\n<title>Individuelles Resilienz-Training - MentalPal<\/title>\n<meta name=\"robots\" content=\"index, follow, max-snippet:-1, max-image-preview:large, max-video-preview:-1\" \/>\n<link rel=\"canonical\" href=\"https:\/\/www.mentalpal.de\/sr\/resilienz-training\/individuelles-resilienz-training\/\" \/>\n<meta property=\"og:locale\" content=\"sr_RS\" \/>\n<meta property=\"og:type\" content=\"article\" \/>\n<meta property=\"og:title\" content=\"Individuelles Resilienz-Training - MentalPal\" \/>\n<meta property=\"og:description\" content=\"Individuelles Resilienz-Training Mehrwert durch Resilienz-Training Schnelle Erholung von R\u00fcckschl\u00e4gen Emotionale und mentale Gesundheit Effektive Bew\u00e4ltigung von Herausforderungen \u2026 Zielgruppe: Familienmenschen, [&hellip;]\" \/>\n<meta property=\"og:url\" content=\"https:\/\/www.mentalpal.de\/sr\/resilienz-training\/individuelles-resilienz-training\/\" \/>\n<meta property=\"og:site_name\" content=\"MentalPal\" \/>\n<meta property=\"article:modified_time\" content=\"2025-09-05T12:05:09+00:00\" \/>\n<meta property=\"og:image\" content=\"https:\/\/www.mentalpal.de\/wp-content\/uploads\/2025\/09\/INDIVIDUELLE-RESILIENZ-istockphoto-2176693662-612x612-2.jpg\" \/>\n\t<meta property=\"og:image:width\" content=\"612\" \/>\n\t<meta property=\"og:image:height\" content=\"459\" \/>\n\t<meta property=\"og:image:type\" content=\"image\/jpeg\" \/>\n<meta name=\"twitter:card\" content=\"summary_large_image\" \/>\n<meta name=\"twitter:label1\" content=\"\u041f\u0440\u043e\u0446\u0435\u045a\u0435\u043d\u043e \u0432\u0440\u0435\u043c\u0435 \u0447\u0438\u0442\u0430\u045a\u0430\" \/>\n\t<meta name=\"twitter:data1\" content=\"1 \u043c\u0438\u043d\u0443\u0442\" \/>\n<script type=\"application\/ld+json\" class=\"yoast-schema-graph\">{\"@context\":\"https:\\\/\\\/schema.org\",\"@graph\":[{\"@type\":\"WebPage\",\"@id\":\"https:\\\/\\\/www.mentalpal.de\\\/resilienz-training\\\/individuelles-resilienz-training\\\/\",\"url\":\"https:\\\/\\\/www.mentalpal.de\\\/resilienz-training\\\/individuelles-resilienz-training\\\/\",\"name\":\"Individuelles Resilienz-Training - MentalPal\",\"isPartOf\":{\"@id\":\"https:\\\/\\\/www.mentalpal.de\\\/#website\"},\"primaryImageOfPage\":{\"@id\":\"https:\\\/\\\/www.mentalpal.de\\\/resilienz-training\\\/individuelles-resilienz-training\\\/#primaryimage\"},\"image\":{\"@id\":\"https:\\\/\\\/www.mentalpal.de\\\/resilienz-training\\\/individuelles-resilienz-training\\\/#primaryimage\"},\"thumbnailUrl\":\"https:\\\/\\\/www.mentalpal.de\\\/wp-content\\\/uploads\\\/2025\\\/09\\\/INDIVIDUELLE-RESILIENZ-istockphoto-2176693662-612x612-2.jpg\",\"datePublished\":\"2025-08-05T07:33:51+00:00\",\"dateModified\":\"2025-09-05T12:05:09+00:00\",\"breadcrumb\":{\"@id\":\"https:\\\/\\\/www.mentalpal.de\\\/resilienz-training\\\/individuelles-resilienz-training\\\/#breadcrumb\"},\"inLanguage\":\"sr-RS\",\"potentialAction\":[{\"@type\":\"ReadAction\",\"target\":[\"https:\\\/\\\/www.mentalpal.de\\\/resilienz-training\\\/individuelles-resilienz-training\\\/\"]}]},{\"@type\":\"ImageObject\",\"inLanguage\":\"sr-RS\",\"@id\":\"https:\\\/\\\/www.mentalpal.de\\\/resilienz-training\\\/individuelles-resilienz-training\\\/#primaryimage\",\"url\":\"https:\\\/\\\/www.mentalpal.de\\\/wp-content\\\/uploads\\\/2025\\\/09\\\/INDIVIDUELLE-RESILIENZ-istockphoto-2176693662-612x612-2.jpg\",\"contentUrl\":\"https:\\\/\\\/www.mentalpal.de\\\/wp-content\\\/uploads\\\/2025\\\/09\\\/INDIVIDUELLE-RESILIENZ-istockphoto-2176693662-612x612-2.jpg\"},{\"@type\":\"BreadcrumbList\",\"@id\":\"https:\\\/\\\/www.mentalpal.de\\\/resilienz-training\\\/individuelles-resilienz-training\\\/#breadcrumb\",\"itemListElement\":[{\"@type\":\"ListItem\",\"position\":1,\"name\":\"Home\",\"item\":\"https:\\\/\\\/www.mentalpal.de\\\/\"},{\"@type\":\"ListItem\",\"position\":2,\"name\":\"Resilienz-Training\",\"item\":\"https:\\\/\\\/www.mentalpal.de\\\/resilienz-training\\\/\"},{\"@type\":\"ListItem\",\"position\":3,\"name\":\"Individuelles Resilienz-Training\"}]},{\"@type\":\"WebSite\",\"@id\":\"https:\\\/\\\/www.mentalpal.de\\\/#website\",\"url\":\"https:\\\/\\\/www.mentalpal.de\\\/\",\"name\":\"MentalPal\",\"description\":\"\",\"publisher\":{\"@id\":\"https:\\\/\\\/www.mentalpal.de\\\/#organization\"},\"potentialAction\":[{\"@type\":\"SearchAction\",\"target\":{\"@type\":\"EntryPoint\",\"urlTemplate\":\"https:\\\/\\\/www.mentalpal.de\\\/?s={search_term_string}\"},\"query-input\":{\"@type\":\"PropertyValueSpecification\",\"valueRequired\":true,\"valueName\":\"search_term_string\"}}],\"inLanguage\":\"sr-RS\"},{\"@type\":\"Organization\",\"@id\":\"https:\\\/\\\/www.mentalpal.de\\\/#organization\",\"name\":\"MentalPal\",\"url\":\"https:\\\/\\\/www.mentalpal.de\\\/\",\"logo\":{\"@type\":\"ImageObject\",\"inLanguage\":\"sr-RS\",\"@id\":\"https:\\\/\\\/www.mentalpal.de\\\/#\\\/schema\\\/logo\\\/image\\\/\",\"url\":\"https:\\\/\\\/www.mentalpal.de\\\/wp-content\\\/uploads\\\/2025\\\/07\\\/MentaPal-Logo.png\",\"contentUrl\":\"https:\\\/\\\/www.mentalpal.de\\\/wp-content\\\/uploads\\\/2025\\\/07\\\/MentaPal-Logo.png\",\"width\":734,\"height\":182,\"caption\":\"MentalPal\"},\"image\":{\"@id\":\"https:\\\/\\\/www.mentalpal.de\\\/#\\\/schema\\\/logo\\\/image\\\/\"}}]}<\/script>\n<!-- \/ Yoast SEO plugin. -->","yoast_head_json":{"title":"Individuelles Resilienz-Training - MentalPal","robots":{"index":"index","follow":"follow","max-snippet":"max-snippet:-1","max-image-preview":"max-image-preview:large","max-video-preview":"max-video-preview:-1"},"canonical":"https:\/\/www.mentalpal.de\/sr\/resilienz-training\/individuelles-resilienz-training\/","og_locale":"sr_RS","og_type":"article","og_title":"Individuelles Resilienz-Training - MentalPal","og_description":"Individuelles Resilienz-Training Mehrwert durch Resilienz-Training Schnelle Erholung von R\u00fcckschl\u00e4gen Emotionale und mentale Gesundheit Effektive Bew\u00e4ltigung von Herausforderungen \u2026 Zielgruppe: Familienmenschen, [&hellip;]","og_url":"https:\/\/www.mentalpal.de\/sr\/resilienz-training\/individuelles-resilienz-training\/","og_site_name":"MentalPal","article_modified_time":"2025-09-05T12:05:09+00:00","og_image":[{"width":612,"height":459,"url":"https:\/\/www.mentalpal.de\/wp-content\/uploads\/2025\/09\/INDIVIDUELLE-RESILIENZ-istockphoto-2176693662-612x612-2.jpg","type":"image\/jpeg"}],"twitter_card":"summary_large_image","twitter_misc":{"\u041f\u0440\u043e\u0446\u0435\u045a\u0435\u043d\u043e \u0432\u0440\u0435\u043c\u0435 \u0447\u0438\u0442\u0430\u045a\u0430":"1 \u043c\u0438\u043d\u0443\u0442"},"schema":{"@context":"https:\/\/schema.org","@graph":[{"@type":"WebPage","@id":"https:\/\/www.mentalpal.de\/resilienz-training\/individuelles-resilienz-training\/","url":"https:\/\/www.mentalpal.de\/resilienz-training\/individuelles-resilienz-training\/","name":"Individuelles Resilienz-Training - MentalPal","isPartOf":{"@id":"https:\/\/www.mentalpal.de\/#website"},"primaryImageOfPage":{"@id":"https:\/\/www.mentalpal.de\/resilienz-training\/individuelles-resilienz-training\/#primaryimage"},"image":{"@id":"https:\/\/www.mentalpal.de\/resilienz-training\/individuelles-resilienz-training\/#primaryimage"},"thumbnailUrl":"https:\/\/www.mentalpal.de\/wp-content\/uploads\/2025\/09\/INDIVIDUELLE-RESILIENZ-istockphoto-2176693662-612x612-2.jpg","datePublished":"2025-08-05T07:33:51+00:00","dateModified":"2025-09-05T12:05:09+00:00","breadcrumb":{"@id":"https:\/\/www.mentalpal.de\/resilienz-training\/individuelles-resilienz-training\/#breadcrumb"},"inLanguage":"sr-RS","potentialAction":[{"@type":"ReadAction","target":["https:\/\/www.mentalpal.de\/resilienz-training\/individuelles-resilienz-training\/"]}]},{"@type":"ImageObject","inLanguage":"sr-RS","@id":"https:\/\/www.mentalpal.de\/resilienz-training\/individuelles-resilienz-training\/#primaryimage","url":"https:\/\/www.mentalpal.de\/wp-content\/uploads\/2025\/09\/INDIVIDUELLE-RESILIENZ-istockphoto-2176693662-612x612-2.jpg","contentUrl":"https:\/\/www.mentalpal.de\/wp-content\/uploads\/2025\/09\/INDIVIDUELLE-RESILIENZ-istockphoto-2176693662-612x612-2.jpg"},{"@type":"BreadcrumbList","@id":"https:\/\/www.mentalpal.de\/resilienz-training\/individuelles-resilienz-training\/#breadcrumb","itemListElement":[{"@type":"ListItem","position":1,"name":"Home","item":"https:\/\/www.mentalpal.de\/"},{"@type":"ListItem","position":2,"name":"Resilienz-Training","item":"https:\/\/www.mentalpal.de\/resilienz-training\/"},{"@type":"ListItem","position":3,"name":"Individuelles Resilienz-Training"}]},{"@type":"WebSite","@id":"https:\/\/www.mentalpal.de\/#website","url":"https:\/\/www.mentalpal.de\/","name":"MentalPal","description":"","publisher":{"@id":"https:\/\/www.mentalpal.de\/#organization"},"potentialAction":[{"@type":"SearchAction","target":{"@type":"EntryPoint","urlTemplate":"https:\/\/www.mentalpal.de\/?s={search_term_string}"},"query-input":{"@type":"PropertyValueSpecification","valueRequired":true,"valueName":"search_term_string"}}],"inLanguage":"sr-RS"},{"@type":"Organization","@id":"https:\/\/www.mentalpal.de\/#organization","name":"MentalPal","url":"https:\/\/www.mentalpal.de\/","logo":{"@type":"ImageObject","inLanguage":"sr-RS","@id":"https:\/\/www.mentalpal.de\/#\/schema\/logo\/image\/","url":"https:\/\/www.mentalpal.de\/wp-content\/uploads\/2025\/07\/MentaPal-Logo.png","contentUrl":"https:\/\/www.mentalpal.de\/wp-content\/uploads\/2025\/07\/MentaPal-Logo.png","width":734,"height":182,"caption":"MentalPal"},"image":{"@id":"https:\/\/www.mentalpal.de\/#\/schema\/logo\/image\/"}}]}},"_links":{"self":[{"href":"https:\/\/www.mentalpal.de\/sr\/wp-json\/wp\/v2\/pages\/221","targetHints":{"allow":["GET"]}}],"collection":[{"href":"https:\/\/www.mentalpal.de\/sr\/wp-json\/wp\/v2\/pages"}],"about":[{"href":"https:\/\/www.mentalpal.de\/sr\/wp-json\/wp\/v2\/types\/page"}],"author":[{"embeddable":true,"href":"https:\/\/www.mentalpal.de\/sr\/wp-json\/wp\/v2\/users\/1"}],"replies":[{"embeddable":true,"href":"https:\/\/www.mentalpal.de\/sr\/wp-json\/wp\/v2\/comments?post=221"}],"version-history":[{"count":10,"href":"https:\/\/www.mentalpal.de\/sr\/wp-json\/wp\/v2\/pages\/221\/revisions"}],"predecessor-version":[{"id":2337,"href":"https:\/\/www.mentalpal.de\/sr\/wp-json\/wp\/v2\/pages\/221\/revisions\/2337"}],"up":[{"embeddable":true,"href":"https:\/\/www.mentalpal.de\/sr\/wp-json\/wp\/v2\/pages\/185"}],"wp:attachment":[{"href":"https:\/\/www.mentalpal.de\/sr\/wp-json\/wp\/v2\/media?parent=221"}],"curies":[{"name":"wp","href":"https:\/\/api.w.org\/{rel}","templated":true}]}}