{"id":214,"date":"2025-08-05T09:23:05","date_gmt":"2025-08-05T07:23:05","guid":{"rendered":"https:\/\/www.mentalpal.de\/?page_id=214"},"modified":"2025-09-08T10:53:37","modified_gmt":"2025-09-08T08:53:37","slug":"betriebliches-resilienz-training","status":"publish","type":"page","link":"https:\/\/www.mentalpal.de\/sr\/resilienz-training\/betriebliches-resilienz-training\/","title":{"rendered":"Korporativna rezilijentnost"},"content":{"rendered":"<div data-elementor-type=\"wp-post\" data-elementor-id=\"214\" class=\"elementor elementor-214\" data-elementor-post-type=\"page\">\n\t\t\t\t<div class=\"elementor-element elementor-element-bba7623 e-flex e-con-boxed e-con e-parent\" data-id=\"bba7623\" data-element_type=\"container\" data-e-type=\"container\" data-settings=\"{&quot;background_background&quot;:&quot;classic&quot;}\">\n\t\t\t\t\t<div class=\"e-con-inner\">\n\t\t\t\t<div class=\"elementor-element elementor-element-7f6a5c7 elementor-align-left fliesstext elementor-widget elementor-widget-breadcrumbs\" data-id=\"7f6a5c7\" data-element_type=\"widget\" data-e-type=\"widget\" data-widget_type=\"breadcrumbs.default\">\n\t\t\t\t\t<p id=\"breadcrumbs\"><span><span><a href=\"https:\/\/www.mentalpal.de\/sr\/\">Po\u010detna<\/a><\/span><\/span><\/p>\t\t\t\t<\/div>\n\t\t\t\t<div class=\"elementor-element elementor-element-7e60617 elementor-widget elementor-widget-heading\" data-id=\"7e60617\" data-element_type=\"widget\" data-e-type=\"widget\" data-widget_type=\"heading.default\">\n\t\t\t\t\t<h1 class=\"elementor-heading-title elementor-size-default\">Korporativna <br>Rezilijentnost<\/h1>\t\t\t\t<\/div>\n\t\t\t\t\t<\/div>\n\t\t\t\t<\/div>\n\t\t<div class=\"elementor-element elementor-element-f91cdd8 e-flex e-con-boxed e-con e-parent\" data-id=\"f91cdd8\" data-element_type=\"container\" data-e-type=\"container\">\n\t\t\t\t\t<div class=\"e-con-inner\">\n\t\t\t\t<div class=\"elementor-element elementor-element-fe5fdd1 elementor-widget elementor-widget-heading\" data-id=\"fe5fdd1\" data-element_type=\"widget\" data-e-type=\"widget\" data-widget_type=\"heading.default\">\n\t\t\t\t\t<h2 class=\"elementor-heading-title elementor-size-default\">\u0160ta je korporativna rezilijentnost?<\/h2>\t\t\t\t<\/div>\n\t\t\t\t\t<\/div>\n\t\t\t\t<\/div>\n\t\t<div class=\"elementor-element elementor-element-3625216 e-flex e-con-boxed e-con e-parent\" data-id=\"3625216\" data-element_type=\"container\" data-e-type=\"container\">\n\t\t\t\t\t<div class=\"e-con-inner\">\n\t\t<div class=\"elementor-element elementor-element-09a861d e-con-full e-flex e-con e-child\" data-id=\"09a861d\" data-element_type=\"container\" data-e-type=\"container\">\n\t\t\t\t<div class=\"elementor-element elementor-element-506d48c fliesstext elementor-widget elementor-widget-text-editor\" data-id=\"506d48c\" data-element_type=\"widget\" data-e-type=\"widget\" data-widget_type=\"text-editor.default\">\n\t\t\t\t\t\t\t\t\t<p>Ekonomske krize, pandemije, IT-prekidi ili politi\u010dke nestabilnosti...<\/p><p>U preduze\u0107u je rezilijentnost <strong>klju\u010dno obele\u017eje<\/strong> koje doprinosi prevazila\u017eenju kriza i <strong>prilago\u0111avanju promenama<\/strong>, sa ciljem odr\u017eavanja agilnog poslovanja uz minimalnu \u0161tetu.<\/p><p><strong>Ciljna grupa:<\/strong> preduzetnici, lideri, saradnici ili timovi.<\/p><p><strong>Rezilijentnost ja\u010da organizacione sposobnosti, podsti\u010du\u0107i emocionalnu inteligenciju, strate\u0161ke analiti\u010dke ve\u0161tine i kognitivnu primenu.<\/strong><\/p>\t\t\t\t\t\t\t\t<\/div>\n\t\t\t\t<\/div>\n\t\t<div class=\"elementor-element elementor-element-43ded74 e-con-full e-flex e-con e-child\" data-id=\"43ded74\" data-element_type=\"container\" data-e-type=\"container\">\n\t\t\t\t<div class=\"elementor-element elementor-element-9866d64 elementor-widget elementor-widget-image\" data-id=\"9866d64\" data-element_type=\"widget\" data-e-type=\"widget\" data-widget_type=\"image.default\">\n\t\t\t\t\t\t\t\t\t\t\t\t\t\t\t<img fetchpriority=\"high\" decoding=\"async\" width=\"945\" height=\"341\" src=\"\/wp-content\/uploads\/2025\/09\/betriebliches-resilienz-training-sr.png\" class=\"attachment-large size-large wp-image-217\" alt=\"\" srcset=\"\" sizes=\"(max-width: 945px) 100vw, 945px\" data-srcset=\"\" \/>\t\t\t\t\t\t\t\t\t\t\t\t\t\t\t<\/div>\n\t\t\t\t<\/div>\n\t\t\t\t\t<\/div>\n\t\t\t\t<\/div>\n\t\t<div class=\"elementor-element elementor-element-1901ec8 e-flex e-con-boxed e-con e-parent\" data-id=\"1901ec8\" data-element_type=\"container\" data-e-type=\"container\">\n\t\t\t\t\t<div class=\"e-con-inner\">\n\t\t\t\t<div class=\"elementor-element elementor-element-3415f50 elementor-widget elementor-widget-heading\" data-id=\"3415f50\" data-element_type=\"widget\" data-e-type=\"widget\" data-widget_type=\"heading.default\">\n\t\t\t\t\t<h2 class=\"elementor-heading-title elementor-size-default\">Pokrenite promenu \u2013 oja\u010dajte performans<\/h2>\t\t\t\t<\/div>\n\t\t\t\t\t<\/div>\n\t\t\t\t<\/div>\n\t\t<div class=\"elementor-element elementor-element-3a6e2da e-flex e-con-boxed e-con e-parent\" data-id=\"3a6e2da\" data-element_type=\"container\" data-e-type=\"container\" data-settings=\"{&quot;background_background&quot;:&quot;classic&quot;}\">\n\t\t\t\t\t<div class=\"e-con-inner\">\n\t\t<div class=\"elementor-element elementor-element-d2cc38a e-con-full e-flex e-con e-child\" data-id=\"d2cc38a\" data-element_type=\"container\" data-e-type=\"container\" data-settings=\"{&quot;background_background&quot;:&quot;classic&quot;}\">\n\t\t\t\t<div class=\"elementor-element elementor-element-2cee838 fliesstext zitat elementor-widget-tablet__width-initial elementor-widget elementor-widget-text-editor\" data-id=\"2cee838\" data-element_type=\"widget\" data-e-type=\"widget\" data-widget_type=\"text-editor.default\">\n\t\t\t\t\t\t\t\t\t<p>Podstaknite i vi rezilijentnost u svom preduze\u0107u. Podr\u017eite li\u010dni razvoj va\u0161ih saradnika i time oja\u010dajte svoju konkurentnost.<\/p><p>Kroz ciljanu primenu individualnih strategija, koje \u0107emo zajedno razviti koriste\u0107i va\u0161e resurse i moje metode, mo\u017eete pove\u0107ati otpornost i dugoro\u010dno osigurati uspeh va\u0161eg preduze\u0107a.<\/p><p><strong>Ne radite samo za novac. Neka vam pla\u0107anje bude za radost i uspeh na poslu.<\/strong><\/p><p>Posegnite za mojim bogatim iskustvom i profitirajte u va\u0161em narednom izazovu.<\/p>\t\t\t\t\t\t\t\t<\/div>\n\t\t\t\t<div class=\"elementor-element elementor-element-702be31 elementor-align-left elementor-widget elementor-widget-button\" data-id=\"702be31\" data-element_type=\"widget\" data-e-type=\"widget\" data-widget_type=\"button.default\">\n\t\t\t\t\t\t\t\t\t\t<a class=\"elementor-button elementor-button-link elementor-size-sm\" href=\"\/sr\/kontakt\/\">\n\t\t\t\t\t\t<span class=\"elementor-button-content-wrapper\">\n\t\t\t\t\t\t\t\t\t<span class=\"elementor-button-text\">Kontakt<\/span>\n\t\t\t\t\t<\/span>\n\t\t\t\t\t<\/a>\n\t\t\t\t\t\t\t\t<\/div>\n\t\t\t\t<\/div>\n\t\t<div class=\"elementor-element elementor-element-bf478dc e-con-full e-flex e-con e-child\" data-id=\"bf478dc\" data-element_type=\"container\" data-e-type=\"container\" data-settings=\"{&quot;background_background&quot;:&quot;classic&quot;}\">\n\t\t\t\t<\/div>\n\t\t\t\t\t<\/div>\n\t\t\t\t<\/div>\n\t\t\t\t<\/div>","protected":false},"excerpt":{"rendered":"<p>Betriebliches Resilienz-Training Was ist Betriebliche Resilienz? Wirtschaftskrisen, Pandemien, IT-Ausf\u00e4lle oder politische Instabilit\u00e4t\u2026 In einem Unternehmen ist Resilienz eine wesentliche Eigenschaft, [&hellip;]<\/p>\n","protected":false},"author":1,"featured_media":0,"parent":185,"menu_order":0,"comment_status":"closed","ping_status":"closed","template":"","meta":{"site-sidebar-layout":"no-sidebar","site-content-layout":"","ast-site-content-layout":"full-width-container","site-content-style":"default","site-sidebar-style":"default","ast-global-header-display":"","ast-banner-title-visibility":"","ast-main-header-display":"","ast-hfb-above-header-display":"","ast-hfb-below-header-display":"","ast-hfb-mobile-header-display":"","site-post-title":"disabled","ast-breadcrumbs-content":"","ast-featured-img":"disabled","footer-sml-layout":"","ast-disable-related-posts":"","theme-transparent-header-meta":"","adv-header-id-meta":"","stick-header-meta":"","header-above-stick-meta":"","header-main-stick-meta":"","header-below-stick-meta":"","astra-migrate-meta-layouts":"default","ast-page-background-enabled":"default","ast-page-background-meta":{"desktop":{"background-color":"var(--ast-global-color-5)","background-image":"","background-repeat":"repeat","background-position":"center center","background-size":"auto","background-attachment":"scroll","background-type":"","background-media":"","overlay-type":"","overlay-color":"","overlay-opacity":"","overlay-gradient":""},"tablet":{"background-color":"","background-image":"","background-repeat":"repeat","background-position":"center center","background-size":"auto","background-attachment":"scroll","background-type":"","background-media":"","overlay-type":"","overlay-color":"","overlay-opacity":"","overlay-gradient":""},"mobile":{"background-color":"","background-image":"","background-repeat":"repeat","background-position":"center center","background-size":"auto","background-attachment":"scroll","background-type":"","background-media":"","overlay-type":"","overlay-color":"","overlay-opacity":"","overlay-gradient":""}},"ast-content-background-meta":{"desktop":{"background-color":"var(--ast-global-color-4)","background-image":"","background-repeat":"repeat","background-position":"center center","background-size":"auto","background-attachment":"scroll","background-type":"","background-media":"","overlay-type":"","overlay-color":"","overlay-opacity":"","overlay-gradient":""},"tablet":{"background-color":"var(--ast-global-color-4)","background-image":"","background-repeat":"repeat","background-position":"center center","background-size":"auto","background-attachment":"scroll","background-type":"","background-media":"","overlay-type":"","overlay-color":"","overlay-opacity":"","overlay-gradient":""},"mobile":{"background-color":"var(--ast-global-color-4)","background-image":"","background-repeat":"repeat","background-position":"center center","background-size":"auto","background-attachment":"scroll","background-type":"","background-media":"","overlay-type":"","overlay-color":"","overlay-opacity":"","overlay-gradient":""}},"footnotes":""},"class_list":["post-214","page","type-page","status-publish","hentry"],"yoast_head":"<!-- This site is optimized with the Yoast SEO plugin v27.5 - https:\/\/yoast.com\/product\/yoast-seo-wordpress\/ -->\n<title>Betriebliches Resilienz-Training - MentalPal<\/title>\n<meta name=\"robots\" content=\"index, follow, max-snippet:-1, max-image-preview:large, max-video-preview:-1\" \/>\n<link rel=\"canonical\" href=\"https:\/\/www.mentalpal.de\/sr\/resilienz-training\/betriebliches-resilienz-training\/\" \/>\n<meta property=\"og:locale\" content=\"sr_RS\" \/>\n<meta property=\"og:type\" content=\"article\" \/>\n<meta property=\"og:title\" content=\"Betriebliches Resilienz-Training - MentalPal\" \/>\n<meta property=\"og:description\" content=\"Betriebliches Resilienz-Training Was ist Betriebliche Resilienz? Wirtschaftskrisen, Pandemien, IT-Ausf\u00e4lle oder politische Instabilit\u00e4t\u2026 In einem Unternehmen ist Resilienz eine wesentliche Eigenschaft, [&hellip;]\" \/>\n<meta property=\"og:url\" content=\"https:\/\/www.mentalpal.de\/sr\/resilienz-training\/betriebliches-resilienz-training\/\" \/>\n<meta property=\"og:site_name\" content=\"MentalPal\" \/>\n<meta property=\"article:modified_time\" content=\"2025-09-08T08:53:37+00:00\" \/>\n<meta property=\"og:image\" content=\"https:\/\/www.mentalpal.de\/wp-content\/uploads\/2025\/08\/betriebliches-resilienz-training.png\" \/>\n\t<meta property=\"og:image:width\" content=\"945\" \/>\n\t<meta property=\"og:image:height\" content=\"341\" \/>\n\t<meta property=\"og:image:type\" content=\"image\/png\" \/>\n<meta name=\"twitter:card\" content=\"summary_large_image\" \/>\n<meta name=\"twitter:label1\" content=\"\u041f\u0440\u043e\u0446\u0435\u045a\u0435\u043d\u043e \u0432\u0440\u0435\u043c\u0435 \u0447\u0438\u0442\u0430\u045a\u0430\" \/>\n\t<meta name=\"twitter:data1\" content=\"1 \u043c\u0438\u043d\u0443\u0442\" \/>\n<script type=\"application\/ld+json\" class=\"yoast-schema-graph\">{\"@context\":\"https:\\\/\\\/schema.org\",\"@graph\":[{\"@type\":\"WebPage\",\"@id\":\"https:\\\/\\\/www.mentalpal.de\\\/resilienz-training\\\/betriebliches-resilienz-training\\\/\",\"url\":\"https:\\\/\\\/www.mentalpal.de\\\/resilienz-training\\\/betriebliches-resilienz-training\\\/\",\"name\":\"Betriebliches Resilienz-Training - MentalPal\",\"isPartOf\":{\"@id\":\"https:\\\/\\\/www.mentalpal.de\\\/#website\"},\"primaryImageOfPage\":{\"@id\":\"https:\\\/\\\/www.mentalpal.de\\\/resilienz-training\\\/betriebliches-resilienz-training\\\/#primaryimage\"},\"image\":{\"@id\":\"https:\\\/\\\/www.mentalpal.de\\\/resilienz-training\\\/betriebliches-resilienz-training\\\/#primaryimage\"},\"thumbnailUrl\":\"https:\\\/\\\/www.mentalpal.de\\\/wp-content\\\/uploads\\\/2025\\\/08\\\/betriebliches-resilienz-training.png\",\"datePublished\":\"2025-08-05T07:23:05+00:00\",\"dateModified\":\"2025-09-08T08:53:37+00:00\",\"breadcrumb\":{\"@id\":\"https:\\\/\\\/www.mentalpal.de\\\/resilienz-training\\\/betriebliches-resilienz-training\\\/#breadcrumb\"},\"inLanguage\":\"sr-RS\",\"potentialAction\":[{\"@type\":\"ReadAction\",\"target\":[\"https:\\\/\\\/www.mentalpal.de\\\/resilienz-training\\\/betriebliches-resilienz-training\\\/\"]}]},{\"@type\":\"ImageObject\",\"inLanguage\":\"sr-RS\",\"@id\":\"https:\\\/\\\/www.mentalpal.de\\\/resilienz-training\\\/betriebliches-resilienz-training\\\/#primaryimage\",\"url\":\"https:\\\/\\\/www.mentalpal.de\\\/wp-content\\\/uploads\\\/2025\\\/08\\\/betriebliches-resilienz-training.png\",\"contentUrl\":\"https:\\\/\\\/www.mentalpal.de\\\/wp-content\\\/uploads\\\/2025\\\/08\\\/betriebliches-resilienz-training.png\"},{\"@type\":\"BreadcrumbList\",\"@id\":\"https:\\\/\\\/www.mentalpal.de\\\/resilienz-training\\\/betriebliches-resilienz-training\\\/#breadcrumb\",\"itemListElement\":[{\"@type\":\"ListItem\",\"position\":1,\"name\":\"Home\",\"item\":\"https:\\\/\\\/www.mentalpal.de\\\/\"},{\"@type\":\"ListItem\",\"position\":2,\"name\":\"Resilienz-Training\",\"item\":\"https:\\\/\\\/www.mentalpal.de\\\/resilienz-training\\\/\"},{\"@type\":\"ListItem\",\"position\":3,\"name\":\"Betriebliches Resilienz-Training\"}]},{\"@type\":\"WebSite\",\"@id\":\"https:\\\/\\\/www.mentalpal.de\\\/#website\",\"url\":\"https:\\\/\\\/www.mentalpal.de\\\/\",\"name\":\"MentalPal\",\"description\":\"\",\"publisher\":{\"@id\":\"https:\\\/\\\/www.mentalpal.de\\\/#organization\"},\"potentialAction\":[{\"@type\":\"SearchAction\",\"target\":{\"@type\":\"EntryPoint\",\"urlTemplate\":\"https:\\\/\\\/www.mentalpal.de\\\/?s={search_term_string}\"},\"query-input\":{\"@type\":\"PropertyValueSpecification\",\"valueRequired\":true,\"valueName\":\"search_term_string\"}}],\"inLanguage\":\"sr-RS\"},{\"@type\":\"Organization\",\"@id\":\"https:\\\/\\\/www.mentalpal.de\\\/#organization\",\"name\":\"MentalPal\",\"url\":\"https:\\\/\\\/www.mentalpal.de\\\/\",\"logo\":{\"@type\":\"ImageObject\",\"inLanguage\":\"sr-RS\",\"@id\":\"https:\\\/\\\/www.mentalpal.de\\\/#\\\/schema\\\/logo\\\/image\\\/\",\"url\":\"https:\\\/\\\/www.mentalpal.de\\\/wp-content\\\/uploads\\\/2025\\\/07\\\/MentaPal-Logo.png\",\"contentUrl\":\"https:\\\/\\\/www.mentalpal.de\\\/wp-content\\\/uploads\\\/2025\\\/07\\\/MentaPal-Logo.png\",\"width\":734,\"height\":182,\"caption\":\"MentalPal\"},\"image\":{\"@id\":\"https:\\\/\\\/www.mentalpal.de\\\/#\\\/schema\\\/logo\\\/image\\\/\"}}]}<\/script>\n<!-- \/ Yoast SEO plugin. -->","yoast_head_json":{"title":"Betriebliches Resilienz-Training - MentalPal","robots":{"index":"index","follow":"follow","max-snippet":"max-snippet:-1","max-image-preview":"max-image-preview:large","max-video-preview":"max-video-preview:-1"},"canonical":"https:\/\/www.mentalpal.de\/sr\/resilienz-training\/betriebliches-resilienz-training\/","og_locale":"sr_RS","og_type":"article","og_title":"Betriebliches Resilienz-Training - MentalPal","og_description":"Betriebliches Resilienz-Training Was ist Betriebliche Resilienz? Wirtschaftskrisen, Pandemien, IT-Ausf\u00e4lle oder politische Instabilit\u00e4t\u2026 In einem Unternehmen ist Resilienz eine wesentliche Eigenschaft, [&hellip;]","og_url":"https:\/\/www.mentalpal.de\/sr\/resilienz-training\/betriebliches-resilienz-training\/","og_site_name":"MentalPal","article_modified_time":"2025-09-08T08:53:37+00:00","og_image":[{"width":945,"height":341,"url":"https:\/\/www.mentalpal.de\/wp-content\/uploads\/2025\/08\/betriebliches-resilienz-training.png","type":"image\/png"}],"twitter_card":"summary_large_image","twitter_misc":{"\u041f\u0440\u043e\u0446\u0435\u045a\u0435\u043d\u043e \u0432\u0440\u0435\u043c\u0435 \u0447\u0438\u0442\u0430\u045a\u0430":"1 \u043c\u0438\u043d\u0443\u0442"},"schema":{"@context":"https:\/\/schema.org","@graph":[{"@type":"WebPage","@id":"https:\/\/www.mentalpal.de\/resilienz-training\/betriebliches-resilienz-training\/","url":"https:\/\/www.mentalpal.de\/resilienz-training\/betriebliches-resilienz-training\/","name":"Betriebliches Resilienz-Training - MentalPal","isPartOf":{"@id":"https:\/\/www.mentalpal.de\/#website"},"primaryImageOfPage":{"@id":"https:\/\/www.mentalpal.de\/resilienz-training\/betriebliches-resilienz-training\/#primaryimage"},"image":{"@id":"https:\/\/www.mentalpal.de\/resilienz-training\/betriebliches-resilienz-training\/#primaryimage"},"thumbnailUrl":"https:\/\/www.mentalpal.de\/wp-content\/uploads\/2025\/08\/betriebliches-resilienz-training.png","datePublished":"2025-08-05T07:23:05+00:00","dateModified":"2025-09-08T08:53:37+00:00","breadcrumb":{"@id":"https:\/\/www.mentalpal.de\/resilienz-training\/betriebliches-resilienz-training\/#breadcrumb"},"inLanguage":"sr-RS","potentialAction":[{"@type":"ReadAction","target":["https:\/\/www.mentalpal.de\/resilienz-training\/betriebliches-resilienz-training\/"]}]},{"@type":"ImageObject","inLanguage":"sr-RS","@id":"https:\/\/www.mentalpal.de\/resilienz-training\/betriebliches-resilienz-training\/#primaryimage","url":"https:\/\/www.mentalpal.de\/wp-content\/uploads\/2025\/08\/betriebliches-resilienz-training.png","contentUrl":"https:\/\/www.mentalpal.de\/wp-content\/uploads\/2025\/08\/betriebliches-resilienz-training.png"},{"@type":"BreadcrumbList","@id":"https:\/\/www.mentalpal.de\/resilienz-training\/betriebliches-resilienz-training\/#breadcrumb","itemListElement":[{"@type":"ListItem","position":1,"name":"Home","item":"https:\/\/www.mentalpal.de\/"},{"@type":"ListItem","position":2,"name":"Resilienz-Training","item":"https:\/\/www.mentalpal.de\/resilienz-training\/"},{"@type":"ListItem","position":3,"name":"Betriebliches Resilienz-Training"}]},{"@type":"WebSite","@id":"https:\/\/www.mentalpal.de\/#website","url":"https:\/\/www.mentalpal.de\/","name":"MentalPal","description":"","publisher":{"@id":"https:\/\/www.mentalpal.de\/#organization"},"potentialAction":[{"@type":"SearchAction","target":{"@type":"EntryPoint","urlTemplate":"https:\/\/www.mentalpal.de\/?s={search_term_string}"},"query-input":{"@type":"PropertyValueSpecification","valueRequired":true,"valueName":"search_term_string"}}],"inLanguage":"sr-RS"},{"@type":"Organization","@id":"https:\/\/www.mentalpal.de\/#organization","name":"MentalPal","url":"https:\/\/www.mentalpal.de\/","logo":{"@type":"ImageObject","inLanguage":"sr-RS","@id":"https:\/\/www.mentalpal.de\/#\/schema\/logo\/image\/","url":"https:\/\/www.mentalpal.de\/wp-content\/uploads\/2025\/07\/MentaPal-Logo.png","contentUrl":"https:\/\/www.mentalpal.de\/wp-content\/uploads\/2025\/07\/MentaPal-Logo.png","width":734,"height":182,"caption":"MentalPal"},"image":{"@id":"https:\/\/www.mentalpal.de\/#\/schema\/logo\/image\/"}}]}},"_links":{"self":[{"href":"https:\/\/www.mentalpal.de\/sr\/wp-json\/wp\/v2\/pages\/214","targetHints":{"allow":["GET"]}}],"collection":[{"href":"https:\/\/www.mentalpal.de\/sr\/wp-json\/wp\/v2\/pages"}],"about":[{"href":"https:\/\/www.mentalpal.de\/sr\/wp-json\/wp\/v2\/types\/page"}],"author":[{"embeddable":true,"href":"https:\/\/www.mentalpal.de\/sr\/wp-json\/wp\/v2\/users\/1"}],"replies":[{"embeddable":true,"href":"https:\/\/www.mentalpal.de\/sr\/wp-json\/wp\/v2\/comments?post=214"}],"version-history":[{"count":10,"href":"https:\/\/www.mentalpal.de\/sr\/wp-json\/wp\/v2\/pages\/214\/revisions"}],"predecessor-version":[{"id":2380,"href":"https:\/\/www.mentalpal.de\/sr\/wp-json\/wp\/v2\/pages\/214\/revisions\/2380"}],"up":[{"embeddable":true,"href":"https:\/\/www.mentalpal.de\/sr\/wp-json\/wp\/v2\/pages\/185"}],"wp:attachment":[{"href":"https:\/\/www.mentalpal.de\/sr\/wp-json\/wp\/v2\/media?parent=214"}],"curies":[{"name":"wp","href":"https:\/\/api.w.org\/{rel}","templated":true}]}}