{"id":185,"date":"2025-08-04T16:56:59","date_gmt":"2025-08-04T14:56:59","guid":{"rendered":"https:\/\/www.mentalpal.de\/?page_id=185"},"modified":"2025-09-05T14:04:34","modified_gmt":"2025-09-05T12:04:34","slug":"resilienz-training","status":"publish","type":"page","link":"https:\/\/www.mentalpal.de\/sr\/resilienz-training\/","title":{"rendered":"Rezilijentnost"},"content":{"rendered":"<div data-elementor-type=\"wp-post\" data-elementor-id=\"185\" class=\"elementor elementor-185\" data-elementor-post-type=\"page\">\n\t\t\t\t<div class=\"elementor-element elementor-element-d2f2690 e-flex e-con-boxed e-con e-parent\" data-id=\"d2f2690\" data-element_type=\"container\" data-e-type=\"container\" id=\"hero\" data-settings=\"{&quot;background_background&quot;:&quot;classic&quot;}\">\n\t\t\t\t\t<div class=\"e-con-inner\">\n\t\t\t\t<div class=\"elementor-element elementor-element-0d0ccf2 elementor-align-left fliesstext elementor-widget elementor-widget-breadcrumbs\" data-id=\"0d0ccf2\" data-element_type=\"widget\" data-e-type=\"widget\" data-widget_type=\"breadcrumbs.default\">\n\t\t\t\t\t<p id=\"breadcrumbs\"><span><span><a href=\"https:\/\/www.mentalpal.de\/sr\/\">Po\u010detna<\/a><\/span><\/span><\/p>\t\t\t\t<\/div>\n\t\t\t\t<div class=\"elementor-element elementor-element-d4a55ab elementor-widget elementor-widget-heading\" data-id=\"d4a55ab\" data-element_type=\"widget\" data-e-type=\"widget\" data-widget_type=\"heading.default\">\n\t\t\t\t\t<h1 class=\"elementor-heading-title elementor-size-default\">Rezilijentnost<\/h1>\t\t\t\t<\/div>\n\t\t\t\t<div class=\"elementor-element elementor-element-6953b7a fliesstext elementor-widget elementor-widget-text-editor\" data-id=\"6953b7a\" data-element_type=\"widget\" data-e-type=\"widget\" data-widget_type=\"text-editor.default\">\n\t\t\t\t\t\t\t\t\t<p>Iza svake uloge ili pozicije krije se odre\u0111eni karakter.<br \/>\u0160ta se krije iza vas?<br \/>* Marioneta ili uspravlja\u010d *<\/p>\t\t\t\t\t\t\t\t<\/div>\n\t\t<div class=\"elementor-element elementor-element-20ba976 e-con-full e-flex e-con e-child\" data-id=\"20ba976\" data-element_type=\"container\" data-e-type=\"container\">\n\t\t\t\t<div class=\"elementor-element elementor-element-09baecd elementor-widget elementor-widget-button\" data-id=\"09baecd\" data-element_type=\"widget\" data-e-type=\"widget\" data-widget_type=\"button.default\">\n\t\t\t\t\t\t\t\t\t\t<a class=\"elementor-button elementor-button-link elementor-size-sm\" href=\"\/sr\/resilienz-training\/betriebliches-resilienz-training\/\">\n\t\t\t\t\t\t<span class=\"elementor-button-content-wrapper\">\n\t\t\t\t\t\t\t\t\t<span class=\"elementor-button-text\">Korporativna<\/span>\n\t\t\t\t\t<\/span>\n\t\t\t\t\t<\/a>\n\t\t\t\t\t\t\t\t<\/div>\n\t\t\t\t<div class=\"elementor-element elementor-element-4deff0c elementor-align-left elementor-widget elementor-widget-button\" data-id=\"4deff0c\" data-element_type=\"widget\" data-e-type=\"widget\" data-widget_type=\"button.default\">\n\t\t\t\t\t\t\t\t\t\t<a class=\"elementor-button elementor-button-link elementor-size-sm\" href=\"\/sr\/resilienz-training\/individuelles-resilienz-training\/\">\n\t\t\t\t\t\t<span class=\"elementor-button-content-wrapper\">\n\t\t\t\t\t\t\t\t\t<span class=\"elementor-button-text\">Individualna<\/span>\n\t\t\t\t\t<\/span>\n\t\t\t\t\t<\/a>\n\t\t\t\t\t\t\t\t<\/div>\n\t\t\t\t<\/div>\n\t\t\t\t\t<\/div>\n\t\t\t\t<\/div>\n\t\t<div class=\"elementor-element elementor-element-5196525 e-flex e-con-boxed e-con e-parent\" data-id=\"5196525\" data-element_type=\"container\" data-e-type=\"container\">\n\t\t\t\t\t<div class=\"e-con-inner\">\n\t\t\t\t<div class=\"elementor-element elementor-element-465b980 elementor-widget elementor-widget-heading\" data-id=\"465b980\" data-element_type=\"widget\" data-e-type=\"widget\" data-widget_type=\"heading.default\">\n\t\t\t\t\t<h2 class=\"elementor-heading-title elementor-size-default\">\u0160ta zna\u010di rezilijentnost?<\/h2>\t\t\t\t<\/div>\n\t\t\t\t\t<\/div>\n\t\t\t\t<\/div>\n\t\t<div class=\"elementor-element elementor-element-66aa110 e-flex e-con-boxed e-con e-parent\" data-id=\"66aa110\" data-element_type=\"container\" data-e-type=\"container\">\n\t\t\t\t\t<div class=\"e-con-inner\">\n\t\t<div class=\"elementor-element elementor-element-4169299 e-con-full e-flex e-con e-child\" data-id=\"4169299\" data-element_type=\"container\" data-e-type=\"container\">\n\t\t\t\t<div class=\"elementor-element elementor-element-b101328 elementor-icon-list--layout-traditional elementor-list-item-link-full_width elementor-widget elementor-widget-icon-list\" data-id=\"b101328\" data-element_type=\"widget\" data-e-type=\"widget\" data-widget_type=\"icon-list.default\">\n\t\t\t\t\t\t\t<ul class=\"elementor-icon-list-items\">\n\t\t\t\t\t\t\t<li class=\"elementor-icon-list-item\">\n\t\t\t\t\t\t\t\t\t\t\t<span class=\"elementor-icon-list-icon\">\n\t\t\t\t\t\t\t<svg aria-hidden=\"true\" class=\"e-font-icon-svg e-fas-check-circle\" viewbox=\"0 0 512 512\" xmlns=\"http:\/\/www.w3.org\/2000\/svg\"><path d=\"M504 256c0 136.967-111.033 248-248 248S8 392.967 8 256 119.033 8 256 8s248 111.033 248 248zM227.314 387.314l184-184c6.248-6.248 6.248-16.379 0-22.627l-22.627-22.627c-6.248-6.249-16.379-6.249-22.628 0L216 308.118l-70.059-70.059c-6.248-6.248-16.379-6.248-22.628 0l-22.627 22.627c-6.248 6.248-6.248 16.379 0 22.627l104 104c6.249 6.249 16.379 6.249 22.628.001z\"><\/path><\/svg>\t\t\t\t\t\t<\/span>\n\t\t\t\t\t\t\t\t\t\t<span class=\"elementor-icon-list-text\">Odr\u017eavanje agilnosti u dinami\u010dnim situacijama<\/span>\n\t\t\t\t\t\t\t\t\t<\/li>\n\t\t\t\t\t\t\t\t<li class=\"elementor-icon-list-item\">\n\t\t\t\t\t\t\t\t\t\t\t<span class=\"elementor-icon-list-icon\">\n\t\t\t\t\t\t\t<svg aria-hidden=\"true\" class=\"e-font-icon-svg e-fas-check-circle\" viewbox=\"0 0 512 512\" xmlns=\"http:\/\/www.w3.org\/2000\/svg\"><path d=\"M504 256c0 136.967-111.033 248-248 248S8 392.967 8 256 119.033 8 256 8s248 111.033 248 248zM227.314 387.314l184-184c6.248-6.248 6.248-16.379 0-22.627l-22.627-22.627c-6.248-6.249-16.379-6.249-22.628 0L216 308.118l-70.059-70.059c-6.248-6.248-16.379-6.248-22.628 0l-22.627 22.627c-6.248 6.248-6.248 16.379 0 22.627l104 104c6.249 6.249 16.379 6.249 22.628.001z\"><\/path><\/svg>\t\t\t\t\t\t<\/span>\n\t\t\t\t\t\t\t\t\t\t<span class=\"elementor-icon-list-text\">Razmatranje neuspeha kao dragocenih lekcija<\/span>\n\t\t\t\t\t\t\t\t\t<\/li>\n\t\t\t\t\t\t\t\t<li class=\"elementor-icon-list-item\">\n\t\t\t\t\t\t\t\t\t\t\t<span class=\"elementor-icon-list-icon\">\n\t\t\t\t\t\t\t<svg aria-hidden=\"true\" class=\"e-font-icon-svg e-fas-check-circle\" viewbox=\"0 0 512 512\" xmlns=\"http:\/\/www.w3.org\/2000\/svg\"><path d=\"M504 256c0 136.967-111.033 248-248 248S8 392.967 8 256 119.033 8 256 8s248 111.033 248 248zM227.314 387.314l184-184c6.248-6.248 6.248-16.379 0-22.627l-22.627-22.627c-6.248-6.249-16.379-6.249-22.628 0L216 308.118l-70.059-70.059c-6.248-6.248-16.379-6.248-22.628 0l-22.627 22.627c-6.248 6.248-6.248 16.379 0 22.627l104 104c6.249 6.249 16.379 6.249 22.628.001z\"><\/path><\/svg>\t\t\t\t\t\t<\/span>\n\t\t\t\t\t\t\t\t\t\t<span class=\"elementor-icon-list-text\">Postizanje ciljeva \u010dak i pod te\u0161kim okolnostima<\/span>\n\t\t\t\t\t\t\t\t\t<\/li>\n\t\t\t\t\t\t<\/ul>\n\t\t\t\t\t\t<\/div>\n\t\t\t\t<div class=\"elementor-element elementor-element-506d48c fliesstext elementor-widget elementor-widget-text-editor\" data-id=\"506d48c\" data-element_type=\"widget\" data-e-type=\"widget\" data-widget_type=\"text-editor.default\">\n\t\t\t\t\t\t\t\t\t<p>Rezilijentnost je ve\u0161tina kojom se izazovi posmatraju kao prilike, koriste kao resursi i primenjuju kao kapital.<br \/>To je unutra\u0161nja snaga koja poma\u017ee da se u te\u0161kim situacijama ne o\u010dajava, ve\u0107 da se one uspe\u0161no savladaju.<\/p><p><strong>Ne mo\u017eete zaustaviti vetar, ali mo\u017eete izgraditi vetrenja\u010de.<\/strong><br \/><strong>Na vama je da odlu\u010dite kako \u0107ete iskoristiti njegovu energiju.<\/strong><\/p><p>Uz moju profesionalnu podr\u0161ku, nau\u010di\u0107ete kako da koristite svoje sopstvene resurse poput jedra u oluji.<\/p><p>Na osnovu holisti\u010dko-interaktivne analize, pratim vas kroz proces izrade efiktivnih tehnika koje \u0107e vam pomo\u0107i da sa samopouzdanjem upravljate nastoje\u0107im stresom, izazovima i neuspesima.<\/p><p><strong>Savladajte krize osna\u017eeni.<\/strong><\/p><p>Posegnite za mojim bogatim iskustvom i profitirajte u va\u0161em narednom izazovu.<\/p>\t\t\t\t\t\t\t\t<\/div>\n\t\t\t\t<div class=\"elementor-element elementor-element-fc74f83 fliesstext zitat elementor-widget elementor-widget-text-editor\" data-id=\"fc74f83\" data-element_type=\"widget\" data-e-type=\"widget\" data-widget_type=\"text-editor.default\">\n\t\t\t\t\t\t\t\t\t<p><strong>Za prvu konsultaciju kontaktirajte me <a href=\"\/sr\/kontakt\/\">ovde<\/a> .<\/strong><\/p>\t\t\t\t\t\t\t\t<\/div>\n\t\t\t\t<\/div>\n\t\t<div class=\"elementor-element elementor-element-1165f4b e-con-full e-flex e-con e-child\" data-id=\"1165f4b\" data-element_type=\"container\" data-e-type=\"container\">\n\t\t\t\t<div class=\"elementor-element elementor-element-4c9871b elementor-widget elementor-widget-image\" data-id=\"4c9871b\" data-element_type=\"widget\" data-e-type=\"widget\" data-widget_type=\"image.default\">\n\t\t\t\t\t\t\t\t\t\t\t\t\t\t\t<img fetchpriority=\"high\" decoding=\"async\" width=\"1024\" height=\"1024\" src=\"https:\/\/www.mentalpal.de\/wp-content\/uploads\/2025\/09\/glen-rushton-Nuq8rgUpiJc-unsplash-1024x1024.jpg\" class=\"attachment-large size-large wp-image-2219\" alt=\"\" srcset=\"https:\/\/www.mentalpal.de\/wp-content\/uploads\/2025\/09\/glen-rushton-Nuq8rgUpiJc-unsplash-1024x1024.jpg 1024w, https:\/\/www.mentalpal.de\/wp-content\/uploads\/2025\/09\/glen-rushton-Nuq8rgUpiJc-unsplash-300x300.jpg 300w, https:\/\/www.mentalpal.de\/wp-content\/uploads\/2025\/09\/glen-rushton-Nuq8rgUpiJc-unsplash-150x150.jpg 150w, https:\/\/www.mentalpal.de\/wp-content\/uploads\/2025\/09\/glen-rushton-Nuq8rgUpiJc-unsplash-768x768.jpg 768w, https:\/\/www.mentalpal.de\/wp-content\/uploads\/2025\/09\/glen-rushton-Nuq8rgUpiJc-unsplash-1536x1536.jpg 1536w, https:\/\/www.mentalpal.de\/wp-content\/uploads\/2025\/09\/glen-rushton-Nuq8rgUpiJc-unsplash-2048x2048.jpg 2048w\" sizes=\"(max-width: 1024px) 100vw, 1024px\" \/>\t\t\t\t\t\t\t\t\t\t\t\t\t\t\t<\/div>\n\t\t\t\t<\/div>\n\t\t\t\t\t<\/div>\n\t\t\t\t<\/div>\n\t\t\t\t<\/div>","protected":false},"excerpt":{"rendered":"<p>Resilienz-Training Hinter jeder Rolle oder Position verbirgt sich ein Charakter.Was verbirgt sich hinter Ihnen?* Hampelmann oder Stehaufm\u00e4nnchen * Betrieblich Individuell [&hellip;]<\/p>\n","protected":false},"author":1,"featured_media":0,"parent":0,"menu_order":0,"comment_status":"closed","ping_status":"closed","template":"","meta":{"site-sidebar-layout":"no-sidebar","site-content-layout":"","ast-site-content-layout":"full-width-container","site-content-style":"default","site-sidebar-style":"default","ast-global-header-display":"","ast-banner-title-visibility":"","ast-main-header-display":"","ast-hfb-above-header-display":"","ast-hfb-below-header-display":"","ast-hfb-mobile-header-display":"","site-post-title":"disabled","ast-breadcrumbs-content":"","ast-featured-img":"disabled","footer-sml-layout":"","ast-disable-related-posts":"","theme-transparent-header-meta":"","adv-header-id-meta":"","stick-header-meta":"","header-above-stick-meta":"","header-main-stick-meta":"","header-below-stick-meta":"","astra-migrate-meta-layouts":"default","ast-page-background-enabled":"default","ast-page-background-meta":{"desktop":{"background-color":"var(--ast-global-color-5)","background-image":"","background-repeat":"repeat","background-position":"center center","background-size":"auto","background-attachment":"scroll","background-type":"","background-media":"","overlay-type":"","overlay-color":"","overlay-opacity":"","overlay-gradient":""},"tablet":{"background-color":"","background-image":"","background-repeat":"repeat","background-position":"center center","background-size":"auto","background-attachment":"scroll","background-type":"","background-media":"","overlay-type":"","overlay-color":"","overlay-opacity":"","overlay-gradient":""},"mobile":{"background-color":"","background-image":"","background-repeat":"repeat","background-position":"center center","background-size":"auto","background-attachment":"scroll","background-type":"","background-media":"","overlay-type":"","overlay-color":"","overlay-opacity":"","overlay-gradient":""}},"ast-content-background-meta":{"desktop":{"background-color":"var(--ast-global-color-4)","background-image":"","background-repeat":"repeat","background-position":"center center","background-size":"auto","background-attachment":"scroll","background-type":"","background-media":"","overlay-type":"","overlay-color":"","overlay-opacity":"","overlay-gradient":""},"tablet":{"background-color":"var(--ast-global-color-4)","background-image":"","background-repeat":"repeat","background-position":"center center","background-size":"auto","background-attachment":"scroll","background-type":"","background-media":"","overlay-type":"","overlay-color":"","overlay-opacity":"","overlay-gradient":""},"mobile":{"background-color":"var(--ast-global-color-4)","background-image":"","background-repeat":"repeat","background-position":"center center","background-size":"auto","background-attachment":"scroll","background-type":"","background-media":"","overlay-type":"","overlay-color":"","overlay-opacity":"","overlay-gradient":""}},"footnotes":""},"class_list":["post-185","page","type-page","status-publish","hentry"],"yoast_head":"<!-- This site is optimized with the Yoast SEO plugin v27.5 - https:\/\/yoast.com\/product\/yoast-seo-wordpress\/ -->\n<title>Resilienz-Training - MentalPal<\/title>\n<meta name=\"robots\" content=\"index, follow, max-snippet:-1, max-image-preview:large, max-video-preview:-1\" \/>\n<link rel=\"canonical\" href=\"https:\/\/www.mentalpal.de\/sr\/resilienz-training\/\" \/>\n<meta property=\"og:locale\" content=\"sr_RS\" \/>\n<meta property=\"og:type\" content=\"article\" \/>\n<meta property=\"og:title\" content=\"Resilienz-Training - MentalPal\" \/>\n<meta property=\"og:description\" content=\"Resilienz-Training Hinter jeder Rolle oder Position verbirgt sich ein Charakter.Was verbirgt sich hinter Ihnen?* Hampelmann oder Stehaufm\u00e4nnchen * Betrieblich Individuell [&hellip;]\" \/>\n<meta property=\"og:url\" content=\"https:\/\/www.mentalpal.de\/sr\/resilienz-training\/\" \/>\n<meta property=\"og:site_name\" content=\"MentalPal\" \/>\n<meta property=\"article:modified_time\" content=\"2025-09-05T12:04:34+00:00\" \/>\n<meta property=\"og:image\" content=\"https:\/\/www.mentalpal.de\/wp-content\/uploads\/2025\/09\/glen-rushton-Nuq8rgUpiJc-unsplash-scaled.jpg\" \/>\n\t<meta property=\"og:image:width\" content=\"2560\" \/>\n\t<meta property=\"og:image:height\" content=\"2560\" \/>\n\t<meta property=\"og:image:type\" content=\"image\/jpeg\" \/>\n<meta name=\"twitter:card\" content=\"summary_large_image\" \/>\n<meta name=\"twitter:label1\" content=\"\u041f\u0440\u043e\u0446\u0435\u045a\u0435\u043d\u043e \u0432\u0440\u0435\u043c\u0435 \u0447\u0438\u0442\u0430\u045a\u0430\" \/>\n\t<meta name=\"twitter:data1\" content=\"1 \u043c\u0438\u043d\u0443\u0442\" \/>\n<script type=\"application\/ld+json\" class=\"yoast-schema-graph\">{\"@context\":\"https:\\\/\\\/schema.org\",\"@graph\":[{\"@type\":\"WebPage\",\"@id\":\"https:\\\/\\\/www.mentalpal.de\\\/resilienz-training\\\/\",\"url\":\"https:\\\/\\\/www.mentalpal.de\\\/resilienz-training\\\/\",\"name\":\"Resilienz-Training - MentalPal\",\"isPartOf\":{\"@id\":\"https:\\\/\\\/www.mentalpal.de\\\/#website\"},\"primaryImageOfPage\":{\"@id\":\"https:\\\/\\\/www.mentalpal.de\\\/resilienz-training\\\/#primaryimage\"},\"image\":{\"@id\":\"https:\\\/\\\/www.mentalpal.de\\\/resilienz-training\\\/#primaryimage\"},\"thumbnailUrl\":\"https:\\\/\\\/www.mentalpal.de\\\/wp-content\\\/uploads\\\/2025\\\/09\\\/glen-rushton-Nuq8rgUpiJc-unsplash-1024x1024.jpg\",\"datePublished\":\"2025-08-04T14:56:59+00:00\",\"dateModified\":\"2025-09-05T12:04:34+00:00\",\"breadcrumb\":{\"@id\":\"https:\\\/\\\/www.mentalpal.de\\\/resilienz-training\\\/#breadcrumb\"},\"inLanguage\":\"sr-RS\",\"potentialAction\":[{\"@type\":\"ReadAction\",\"target\":[\"https:\\\/\\\/www.mentalpal.de\\\/resilienz-training\\\/\"]}]},{\"@type\":\"ImageObject\",\"inLanguage\":\"sr-RS\",\"@id\":\"https:\\\/\\\/www.mentalpal.de\\\/resilienz-training\\\/#primaryimage\",\"url\":\"https:\\\/\\\/www.mentalpal.de\\\/wp-content\\\/uploads\\\/2025\\\/09\\\/glen-rushton-Nuq8rgUpiJc-unsplash-1024x1024.jpg\",\"contentUrl\":\"https:\\\/\\\/www.mentalpal.de\\\/wp-content\\\/uploads\\\/2025\\\/09\\\/glen-rushton-Nuq8rgUpiJc-unsplash-1024x1024.jpg\"},{\"@type\":\"BreadcrumbList\",\"@id\":\"https:\\\/\\\/www.mentalpal.de\\\/resilienz-training\\\/#breadcrumb\",\"itemListElement\":[{\"@type\":\"ListItem\",\"position\":1,\"name\":\"Home\",\"item\":\"https:\\\/\\\/www.mentalpal.de\\\/\"},{\"@type\":\"ListItem\",\"position\":2,\"name\":\"Resilienz-Training\"}]},{\"@type\":\"WebSite\",\"@id\":\"https:\\\/\\\/www.mentalpal.de\\\/#website\",\"url\":\"https:\\\/\\\/www.mentalpal.de\\\/\",\"name\":\"MentalPal\",\"description\":\"\",\"publisher\":{\"@id\":\"https:\\\/\\\/www.mentalpal.de\\\/#organization\"},\"potentialAction\":[{\"@type\":\"SearchAction\",\"target\":{\"@type\":\"EntryPoint\",\"urlTemplate\":\"https:\\\/\\\/www.mentalpal.de\\\/?s={search_term_string}\"},\"query-input\":{\"@type\":\"PropertyValueSpecification\",\"valueRequired\":true,\"valueName\":\"search_term_string\"}}],\"inLanguage\":\"sr-RS\"},{\"@type\":\"Organization\",\"@id\":\"https:\\\/\\\/www.mentalpal.de\\\/#organization\",\"name\":\"MentalPal\",\"url\":\"https:\\\/\\\/www.mentalpal.de\\\/\",\"logo\":{\"@type\":\"ImageObject\",\"inLanguage\":\"sr-RS\",\"@id\":\"https:\\\/\\\/www.mentalpal.de\\\/#\\\/schema\\\/logo\\\/image\\\/\",\"url\":\"https:\\\/\\\/www.mentalpal.de\\\/wp-content\\\/uploads\\\/2025\\\/07\\\/MentaPal-Logo.png\",\"contentUrl\":\"https:\\\/\\\/www.mentalpal.de\\\/wp-content\\\/uploads\\\/2025\\\/07\\\/MentaPal-Logo.png\",\"width\":734,\"height\":182,\"caption\":\"MentalPal\"},\"image\":{\"@id\":\"https:\\\/\\\/www.mentalpal.de\\\/#\\\/schema\\\/logo\\\/image\\\/\"}}]}<\/script>\n<!-- \/ Yoast SEO plugin. -->","yoast_head_json":{"title":"Resilienz-Training - MentalPal","robots":{"index":"index","follow":"follow","max-snippet":"max-snippet:-1","max-image-preview":"max-image-preview:large","max-video-preview":"max-video-preview:-1"},"canonical":"https:\/\/www.mentalpal.de\/sr\/resilienz-training\/","og_locale":"sr_RS","og_type":"article","og_title":"Resilienz-Training - MentalPal","og_description":"Resilienz-Training Hinter jeder Rolle oder Position verbirgt sich ein Charakter.Was verbirgt sich hinter Ihnen?* Hampelmann oder Stehaufm\u00e4nnchen * Betrieblich Individuell [&hellip;]","og_url":"https:\/\/www.mentalpal.de\/sr\/resilienz-training\/","og_site_name":"MentalPal","article_modified_time":"2025-09-05T12:04:34+00:00","og_image":[{"width":2560,"height":2560,"url":"https:\/\/www.mentalpal.de\/wp-content\/uploads\/2025\/09\/glen-rushton-Nuq8rgUpiJc-unsplash-scaled.jpg","type":"image\/jpeg"}],"twitter_card":"summary_large_image","twitter_misc":{"\u041f\u0440\u043e\u0446\u0435\u045a\u0435\u043d\u043e \u0432\u0440\u0435\u043c\u0435 \u0447\u0438\u0442\u0430\u045a\u0430":"1 \u043c\u0438\u043d\u0443\u0442"},"schema":{"@context":"https:\/\/schema.org","@graph":[{"@type":"WebPage","@id":"https:\/\/www.mentalpal.de\/resilienz-training\/","url":"https:\/\/www.mentalpal.de\/resilienz-training\/","name":"Resilienz-Training - MentalPal","isPartOf":{"@id":"https:\/\/www.mentalpal.de\/#website"},"primaryImageOfPage":{"@id":"https:\/\/www.mentalpal.de\/resilienz-training\/#primaryimage"},"image":{"@id":"https:\/\/www.mentalpal.de\/resilienz-training\/#primaryimage"},"thumbnailUrl":"https:\/\/www.mentalpal.de\/wp-content\/uploads\/2025\/09\/glen-rushton-Nuq8rgUpiJc-unsplash-1024x1024.jpg","datePublished":"2025-08-04T14:56:59+00:00","dateModified":"2025-09-05T12:04:34+00:00","breadcrumb":{"@id":"https:\/\/www.mentalpal.de\/resilienz-training\/#breadcrumb"},"inLanguage":"sr-RS","potentialAction":[{"@type":"ReadAction","target":["https:\/\/www.mentalpal.de\/resilienz-training\/"]}]},{"@type":"ImageObject","inLanguage":"sr-RS","@id":"https:\/\/www.mentalpal.de\/resilienz-training\/#primaryimage","url":"https:\/\/www.mentalpal.de\/wp-content\/uploads\/2025\/09\/glen-rushton-Nuq8rgUpiJc-unsplash-1024x1024.jpg","contentUrl":"https:\/\/www.mentalpal.de\/wp-content\/uploads\/2025\/09\/glen-rushton-Nuq8rgUpiJc-unsplash-1024x1024.jpg"},{"@type":"BreadcrumbList","@id":"https:\/\/www.mentalpal.de\/resilienz-training\/#breadcrumb","itemListElement":[{"@type":"ListItem","position":1,"name":"Home","item":"https:\/\/www.mentalpal.de\/"},{"@type":"ListItem","position":2,"name":"Resilienz-Training"}]},{"@type":"WebSite","@id":"https:\/\/www.mentalpal.de\/#website","url":"https:\/\/www.mentalpal.de\/","name":"MentalPal","description":"","publisher":{"@id":"https:\/\/www.mentalpal.de\/#organization"},"potentialAction":[{"@type":"SearchAction","target":{"@type":"EntryPoint","urlTemplate":"https:\/\/www.mentalpal.de\/?s={search_term_string}"},"query-input":{"@type":"PropertyValueSpecification","valueRequired":true,"valueName":"search_term_string"}}],"inLanguage":"sr-RS"},{"@type":"Organization","@id":"https:\/\/www.mentalpal.de\/#organization","name":"MentalPal","url":"https:\/\/www.mentalpal.de\/","logo":{"@type":"ImageObject","inLanguage":"sr-RS","@id":"https:\/\/www.mentalpal.de\/#\/schema\/logo\/image\/","url":"https:\/\/www.mentalpal.de\/wp-content\/uploads\/2025\/07\/MentaPal-Logo.png","contentUrl":"https:\/\/www.mentalpal.de\/wp-content\/uploads\/2025\/07\/MentaPal-Logo.png","width":734,"height":182,"caption":"MentalPal"},"image":{"@id":"https:\/\/www.mentalpal.de\/#\/schema\/logo\/image\/"}}]}},"_links":{"self":[{"href":"https:\/\/www.mentalpal.de\/sr\/wp-json\/wp\/v2\/pages\/185","targetHints":{"allow":["GET"]}}],"collection":[{"href":"https:\/\/www.mentalpal.de\/sr\/wp-json\/wp\/v2\/pages"}],"about":[{"href":"https:\/\/www.mentalpal.de\/sr\/wp-json\/wp\/v2\/types\/page"}],"author":[{"embeddable":true,"href":"https:\/\/www.mentalpal.de\/sr\/wp-json\/wp\/v2\/users\/1"}],"replies":[{"embeddable":true,"href":"https:\/\/www.mentalpal.de\/sr\/wp-json\/wp\/v2\/comments?post=185"}],"version-history":[{"count":10,"href":"https:\/\/www.mentalpal.de\/sr\/wp-json\/wp\/v2\/pages\/185\/revisions"}],"predecessor-version":[{"id":2331,"href":"https:\/\/www.mentalpal.de\/sr\/wp-json\/wp\/v2\/pages\/185\/revisions\/2331"}],"wp:attachment":[{"href":"https:\/\/www.mentalpal.de\/sr\/wp-json\/wp\/v2\/media?parent=185"}],"curies":[{"name":"wp","href":"https:\/\/api.w.org\/{rel}","templated":true}]}}