{"id":119,"date":"2025-08-04T11:26:29","date_gmt":"2025-08-04T09:26:29","guid":{"rendered":"https:\/\/www.mentalpal.de\/?page_id=119"},"modified":"2026-01-29T18:24:51","modified_gmt":"2026-01-29T17:24:51","slug":"ueber-mich","status":"publish","type":"page","link":"https:\/\/www.mentalpal.de\/sr\/ueber-mich\/","title":{"rendered":"O meni"},"content":{"rendered":"<div data-elementor-type=\"wp-post\" data-elementor-id=\"119\" class=\"elementor elementor-119\" data-elementor-post-type=\"page\">\n\t\t\t\t<div class=\"elementor-element elementor-element-f4b08ed e-flex e-con-boxed e-con e-parent\" data-id=\"f4b08ed\" data-element_type=\"container\" data-e-type=\"container\" data-settings=\"{&quot;background_background&quot;:&quot;classic&quot;}\">\n\t\t\t\t\t<div class=\"e-con-inner\">\n\t\t\t\t<div class=\"elementor-element elementor-element-de5677e elementor-align-left fliesstext elementor-widget elementor-widget-breadcrumbs\" data-id=\"de5677e\" data-element_type=\"widget\" data-e-type=\"widget\" data-widget_type=\"breadcrumbs.default\">\n\t\t\t\t\t<p id=\"breadcrumbs\"><span><span><a href=\"https:\/\/www.mentalpal.de\/sr\/\">Po\u010detna<\/a><\/span><\/span><\/p>\t\t\t\t<\/div>\n\t\t\t\t<div class=\"elementor-element elementor-element-25f1873 elementor-widget elementor-widget-heading\" data-id=\"25f1873\" data-element_type=\"widget\" data-e-type=\"widget\" data-widget_type=\"heading.default\">\n\t\t\t\t\t<h1 class=\"elementor-heading-title elementor-size-default\">O meni<\/h1>\t\t\t\t<\/div>\n\t\t\t\t\t<\/div>\n\t\t\t\t<\/div>\n\t\t<div class=\"elementor-element elementor-element-b5a1d62 e-flex e-con-boxed e-con e-parent\" data-id=\"b5a1d62\" data-element_type=\"container\" data-e-type=\"container\">\n\t\t\t\t\t<div class=\"e-con-inner\">\n\t\t\t\t<div class=\"elementor-element elementor-element-41a33eb elementor-widget elementor-widget-heading\" data-id=\"41a33eb\" data-element_type=\"widget\" data-e-type=\"widget\" data-widget_type=\"heading.default\">\n\t\t\t\t\t<h2 class=\"elementor-heading-title elementor-size-default\">Ko sam ja?<\/h2>\t\t\t\t<\/div>\n\t\t\t\t\t<\/div>\n\t\t\t\t<\/div>\n\t\t<div class=\"elementor-element elementor-element-3625216 e-flex e-con-boxed e-con e-parent\" data-id=\"3625216\" data-element_type=\"container\" data-e-type=\"container\">\n\t\t\t\t\t<div class=\"e-con-inner\">\n\t\t<div class=\"elementor-element elementor-element-09a861d e-con-full e-flex e-con e-child\" data-id=\"09a861d\" data-element_type=\"container\" data-e-type=\"container\">\n\t\t\t\t<div class=\"elementor-element elementor-element-506d48c fliesstext elementor-widget elementor-widget-text-editor\" data-id=\"506d48c\" data-element_type=\"widget\" data-e-type=\"widget\" data-widget_type=\"text-editor.default\">\n\t\t\t\t\t\t\t\t\t<p>Zdravo i dobrodo\u0161li kod MentalPal-a,<br \/>va\u0161eg sparring partnera sa nekonvencionalnim na\u010dinom razmi\u0161ljanja i postupanja!<\/p><p>Ja sam Kristina Rudolphi, sertifikovani trener za rezilijentnost i kou\u010d za poslovni kao i li\u010dni razvoj.<\/p>\t\t\t\t\t\t\t\t<\/div>\n\t\t\t\t<div class=\"elementor-element elementor-element-9441d84 elementor-widget elementor-widget-heading\" data-id=\"9441d84\" data-element_type=\"widget\" data-e-type=\"widget\" data-widget_type=\"heading.default\">\n\t\t\t\t\t<h2 class=\"elementor-heading-title elementor-size-default\">Moje klju\u010dne kompetencije:\n\n<\/h2>\t\t\t\t<\/div>\n\t\t\t\t<div class=\"elementor-element elementor-element-9fe54b1 fliesstext no-margin-bottom elementor-widget elementor-widget-text-editor\" data-id=\"9fe54b1\" data-element_type=\"widget\" data-e-type=\"widget\" data-widget_type=\"text-editor.default\">\n\t\t\t\t\t\t\t\t\t<p>Klju\u010dne kompetencije kao trener za rezilijentnost i kou\u010d zasnivaju se, pored poslovnog i stru\u010dnog obrazovanja, pre svega na mom ukorenjenju u hri\u0161\u0107anskoj veri, mojoj strasti prema filozofiji i psihologiji kao i na li\u010dnim iskustvima u raznim oblastima \u017eivota.<\/p><p>Rat, gubitak \u010dlanova porodice, zlostavljanja do mobinga na radnom mestu i toksi\u010dnih odnosa \u2013 te stanice su moji li\u010dni svedoci da je rezilijentnost neizbe\u017ean stav za uspe\u0161an \u017eivot.<\/p><p><em>\u201ePad je stanje, jedna okolnost, ostati dole je odluka.\u201c<\/em><\/p><p>Moje radno iskustvo se kre\u0107e od maloprodaje, preko tehni\u010dko-administrativnog rada u gra\u0111evinskoj industriji, do prokure komercijalnog preduze\u0107a. Me\u0111utim, moj profesionalni priziv le\u017ei u radu sa ljudskim resursima, kojim se od 2018 godine uspe\u0161no i sa stra\u0161\u0107u bavim \u2014 kao trener za rezilijentnost i kou\u010d za poslovni i li\u010dni razvoj.<\/p><p><strong>\u2026 Moj rad je moja profesionalna vokacija, a ljudskost je moja strast!<\/strong><\/p>\t\t\t\t\t\t\t\t<\/div>\n\t\t\t\t<\/div>\n\t\t<div class=\"elementor-element elementor-element-7539949 e-con-full e-flex e-con e-child\" data-id=\"7539949\" data-element_type=\"container\" data-e-type=\"container\">\n\t\t\t\t<div class=\"elementor-element elementor-element-bb4c244 elementor-widget elementor-widget-image\" data-id=\"bb4c244\" data-element_type=\"widget\" data-e-type=\"widget\" data-widget_type=\"image.default\">\n\t\t\t\t\t\t\t\t\t\t\t\t\t\t\t<img fetchpriority=\"high\" decoding=\"async\" width=\"742\" height=\"1024\" src=\"https:\/\/www.mentalpal.de\/wp-content\/uploads\/2026\/01\/TZ__0407-scaled-e1769707472962-742x1024.jpg\" class=\"attachment-large size-large wp-image-2771\" alt=\"\" srcset=\"https:\/\/www.mentalpal.de\/wp-content\/uploads\/2026\/01\/TZ__0407-scaled-e1769707472962-742x1024.jpg 742w, https:\/\/www.mentalpal.de\/wp-content\/uploads\/2026\/01\/TZ__0407-scaled-e1769707472962-217x300.jpg 217w, https:\/\/www.mentalpal.de\/wp-content\/uploads\/2026\/01\/TZ__0407-scaled-e1769707472962-768x1060.jpg 768w, https:\/\/www.mentalpal.de\/wp-content\/uploads\/2026\/01\/TZ__0407-scaled-e1769707472962-1113x1536.jpg 1113w, https:\/\/www.mentalpal.de\/wp-content\/uploads\/2026\/01\/TZ__0407-scaled-e1769707472962-1484x2048.jpg 1484w, https:\/\/www.mentalpal.de\/wp-content\/uploads\/2026\/01\/TZ__0407-scaled-e1769707472962-9x12.jpg 9w, https:\/\/www.mentalpal.de\/wp-content\/uploads\/2026\/01\/TZ__0407-scaled-e1769707472962.jpg 1707w\" sizes=\"(max-width: 742px) 100vw, 742px\" \/>\t\t\t\t\t\t\t\t\t\t\t\t\t\t\t<\/div>\n\t\t\t\t<\/div>\n\t\t\t\t\t<\/div>\n\t\t\t\t<\/div>\n\t\t<div class=\"elementor-element elementor-element-ecefd59 e-flex e-con-boxed e-con e-parent\" data-id=\"ecefd59\" data-element_type=\"container\" data-e-type=\"container\">\n\t\t\t\t\t<div class=\"e-con-inner\">\n\t\t\t\t<div class=\"elementor-element elementor-element-bad292e elementor-widget elementor-widget-heading\" data-id=\"bad292e\" data-element_type=\"widget\" data-e-type=\"widget\" data-widget_type=\"heading.default\">\n\t\t\t\t\t<h2 class=\"elementor-heading-title elementor-size-default\">Moj stav<\/h2>\t\t\t\t<\/div>\n\t\t\t\t\t<\/div>\n\t\t\t\t<\/div>\n\t\t<div class=\"elementor-element elementor-element-db7816e e-flex e-con-boxed e-con e-parent\" data-id=\"db7816e\" data-element_type=\"container\" data-e-type=\"container\" data-settings=\"{&quot;background_background&quot;:&quot;classic&quot;}\">\n\t\t\t\t\t<div class=\"e-con-inner\">\n\t\t<div class=\"elementor-element elementor-element-1962e02 e-con-full e-flex e-con e-child\" data-id=\"1962e02\" data-element_type=\"container\" data-e-type=\"container\" data-settings=\"{&quot;background_background&quot;:&quot;classic&quot;}\">\n\t\t\t\t<div class=\"elementor-element elementor-element-102a81a fliesstext zitat  elementor-widget-tablet__width-initial elementor-widget elementor-widget-text-editor\" data-id=\"102a81a\" data-element_type=\"widget\" data-e-type=\"widget\" data-widget_type=\"text-editor.default\">\n\t\t\t\t\t\t\t\t\t<p><em>\u201eNisu udobnosti \u017eivota ono \u0161to nas \u010dini jakim, vec\u0301 izazovi koje koristimo kao prilike za rast.\u201c<\/em><\/p><p>Moj nekonvencionalan na\u010din razmi\u0161ljanja i postupanja zasnovan je na navedenom stavu i suverenitetu.<br \/>Postanite i vi rezilijentni, jer odustajanje nije opcija!<\/p><p><strong>Vreme je za promenu!<\/strong><\/p><p>... Pratim vas profesionalno kroz ovaj proces.<\/p>\t\t\t\t\t\t\t\t<\/div>\n\t\t\t\t<div class=\"elementor-element elementor-element-2bd6d24 elementor-align-left elementor-widget elementor-widget-button\" data-id=\"2bd6d24\" data-element_type=\"widget\" data-e-type=\"widget\" data-widget_type=\"button.default\">\n\t\t\t\t\t\t\t\t\t\t<a class=\"elementor-button elementor-button-link elementor-size-sm\" href=\"\/sr\/kontakt\/\">\n\t\t\t\t\t\t<span class=\"elementor-button-content-wrapper\">\n\t\t\t\t\t\t\t\t\t<span class=\"elementor-button-text\">Kontakt<\/span>\n\t\t\t\t\t<\/span>\n\t\t\t\t\t<\/a>\n\t\t\t\t\t\t\t\t<\/div>\n\t\t\t\t<\/div>\n\t\t<div class=\"elementor-element elementor-element-2167f03 e-con-full e-flex e-con e-child\" data-id=\"2167f03\" data-element_type=\"container\" data-e-type=\"container\" data-settings=\"{&quot;background_background&quot;:&quot;classic&quot;}\">\n\t\t\t\t<\/div>\n\t\t\t\t\t<\/div>\n\t\t\t\t<\/div>\n\t\t\t\t<\/div>","protected":false},"excerpt":{"rendered":"<p>\u00dcber mich Wer bin ich? Hallo und herzlich willkommen bei MentalPal,Ihrem Sparringpartner mit der unkonventionellen Art zu denken und zu [&hellip;]<\/p>\n","protected":false},"author":1,"featured_media":0,"parent":0,"menu_order":0,"comment_status":"closed","ping_status":"closed","template":"","meta":{"site-sidebar-layout":"no-sidebar","site-content-layout":"","ast-site-content-layout":"full-width-container","site-content-style":"default","site-sidebar-style":"default","ast-global-header-display":"","ast-banner-title-visibility":"","ast-main-header-display":"","ast-hfb-above-header-display":"","ast-hfb-below-header-display":"","ast-hfb-mobile-header-display":"","site-post-title":"disabled","ast-breadcrumbs-content":"","ast-featured-img":"disabled","footer-sml-layout":"","ast-disable-related-posts":"","theme-transparent-header-meta":"","adv-header-id-meta":"","stick-header-meta":"","header-above-stick-meta":"","header-main-stick-meta":"","header-below-stick-meta":"","astra-migrate-meta-layouts":"default","ast-page-background-enabled":"default","ast-page-background-meta":{"desktop":{"background-color":"var(--ast-global-color-5)","background-image":"","background-repeat":"repeat","background-position":"center center","background-size":"auto","background-attachment":"scroll","background-type":"","background-media":"","overlay-type":"","overlay-color":"","overlay-opacity":"","overlay-gradient":""},"tablet":{"background-color":"","background-image":"","background-repeat":"repeat","background-position":"center center","background-size":"auto","background-attachment":"scroll","background-type":"","background-media":"","overlay-type":"","overlay-color":"","overlay-opacity":"","overlay-gradient":""},"mobile":{"background-color":"","background-image":"","background-repeat":"repeat","background-position":"center center","background-size":"auto","background-attachment":"scroll","background-type":"","background-media":"","overlay-type":"","overlay-color":"","overlay-opacity":"","overlay-gradient":""}},"ast-content-background-meta":{"desktop":{"background-color":"var(--ast-global-color-4)","background-image":"","background-repeat":"repeat","background-position":"center center","background-size":"auto","background-attachment":"scroll","background-type":"","background-media":"","overlay-type":"","overlay-color":"","overlay-opacity":"","overlay-gradient":""},"tablet":{"background-color":"var(--ast-global-color-4)","background-image":"","background-repeat":"repeat","background-position":"center center","background-size":"auto","background-attachment":"scroll","background-type":"","background-media":"","overlay-type":"","overlay-color":"","overlay-opacity":"","overlay-gradient":""},"mobile":{"background-color":"var(--ast-global-color-4)","background-image":"","background-repeat":"repeat","background-position":"center center","background-size":"auto","background-attachment":"scroll","background-type":"","background-media":"","overlay-type":"","overlay-color":"","overlay-opacity":"","overlay-gradient":""}},"footnotes":""},"class_list":["post-119","page","type-page","status-publish","hentry"],"yoast_head":"<!-- This site is optimized with the Yoast SEO plugin v27.5 - https:\/\/yoast.com\/product\/yoast-seo-wordpress\/ -->\n<title>\u00dcber mich - MentalPal<\/title>\n<meta name=\"robots\" content=\"index, follow, max-snippet:-1, max-image-preview:large, max-video-preview:-1\" \/>\n<link rel=\"canonical\" href=\"https:\/\/www.mentalpal.de\/sr\/ueber-mich\/\" \/>\n<meta property=\"og:locale\" content=\"sr_RS\" \/>\n<meta property=\"og:type\" content=\"article\" \/>\n<meta property=\"og:title\" content=\"\u00dcber mich - MentalPal\" \/>\n<meta property=\"og:description\" content=\"\u00dcber mich Wer bin ich? Hallo und herzlich willkommen bei MentalPal,Ihrem Sparringpartner mit der unkonventionellen Art zu denken und zu [&hellip;]\" \/>\n<meta property=\"og:url\" content=\"https:\/\/www.mentalpal.de\/sr\/ueber-mich\/\" \/>\n<meta property=\"og:site_name\" content=\"MentalPal\" \/>\n<meta property=\"article:modified_time\" content=\"2026-01-29T17:24:51+00:00\" \/>\n<meta property=\"og:image\" content=\"https:\/\/www.mentalpal.de\/wp-content\/uploads\/2026\/01\/TZ__0407-scaled-e1769707472962-742x1024.jpg\" \/>\n<meta name=\"twitter:card\" content=\"summary_large_image\" \/>\n<meta name=\"twitter:label1\" content=\"\u041f\u0440\u043e\u0446\u0435\u045a\u0435\u043d\u043e \u0432\u0440\u0435\u043c\u0435 \u0447\u0438\u0442\u0430\u045a\u0430\" \/>\n\t<meta name=\"twitter:data1\" content=\"2 \u043c\u0438\u043d\u0443\u0442\u0430\" \/>\n<script type=\"application\/ld+json\" class=\"yoast-schema-graph\">{\"@context\":\"https:\\\/\\\/schema.org\",\"@graph\":[{\"@type\":\"WebPage\",\"@id\":\"https:\\\/\\\/www.mentalpal.de\\\/ueber-mich\\\/\",\"url\":\"https:\\\/\\\/www.mentalpal.de\\\/ueber-mich\\\/\",\"name\":\"\u00dcber mich - MentalPal\",\"isPartOf\":{\"@id\":\"https:\\\/\\\/www.mentalpal.de\\\/#website\"},\"primaryImageOfPage\":{\"@id\":\"https:\\\/\\\/www.mentalpal.de\\\/ueber-mich\\\/#primaryimage\"},\"image\":{\"@id\":\"https:\\\/\\\/www.mentalpal.de\\\/ueber-mich\\\/#primaryimage\"},\"thumbnailUrl\":\"https:\\\/\\\/www.mentalpal.de\\\/wp-content\\\/uploads\\\/2026\\\/01\\\/TZ__0407-scaled-e1769707472962-742x1024.jpg\",\"datePublished\":\"2025-08-04T09:26:29+00:00\",\"dateModified\":\"2026-01-29T17:24:51+00:00\",\"breadcrumb\":{\"@id\":\"https:\\\/\\\/www.mentalpal.de\\\/ueber-mich\\\/#breadcrumb\"},\"inLanguage\":\"sr-RS\",\"potentialAction\":[{\"@type\":\"ReadAction\",\"target\":[\"https:\\\/\\\/www.mentalpal.de\\\/ueber-mich\\\/\"]}]},{\"@type\":\"ImageObject\",\"inLanguage\":\"sr-RS\",\"@id\":\"https:\\\/\\\/www.mentalpal.de\\\/ueber-mich\\\/#primaryimage\",\"url\":\"https:\\\/\\\/www.mentalpal.de\\\/wp-content\\\/uploads\\\/2026\\\/01\\\/TZ__0407-scaled-e1769707472962-742x1024.jpg\",\"contentUrl\":\"https:\\\/\\\/www.mentalpal.de\\\/wp-content\\\/uploads\\\/2026\\\/01\\\/TZ__0407-scaled-e1769707472962-742x1024.jpg\"},{\"@type\":\"BreadcrumbList\",\"@id\":\"https:\\\/\\\/www.mentalpal.de\\\/ueber-mich\\\/#breadcrumb\",\"itemListElement\":[{\"@type\":\"ListItem\",\"position\":1,\"name\":\"Home\",\"item\":\"https:\\\/\\\/www.mentalpal.de\\\/\"},{\"@type\":\"ListItem\",\"position\":2,\"name\":\"\u00dcber mich\"}]},{\"@type\":\"WebSite\",\"@id\":\"https:\\\/\\\/www.mentalpal.de\\\/#website\",\"url\":\"https:\\\/\\\/www.mentalpal.de\\\/\",\"name\":\"MentalPal\",\"description\":\"\",\"publisher\":{\"@id\":\"https:\\\/\\\/www.mentalpal.de\\\/#organization\"},\"potentialAction\":[{\"@type\":\"SearchAction\",\"target\":{\"@type\":\"EntryPoint\",\"urlTemplate\":\"https:\\\/\\\/www.mentalpal.de\\\/?s={search_term_string}\"},\"query-input\":{\"@type\":\"PropertyValueSpecification\",\"valueRequired\":true,\"valueName\":\"search_term_string\"}}],\"inLanguage\":\"sr-RS\"},{\"@type\":\"Organization\",\"@id\":\"https:\\\/\\\/www.mentalpal.de\\\/#organization\",\"name\":\"MentalPal\",\"url\":\"https:\\\/\\\/www.mentalpal.de\\\/\",\"logo\":{\"@type\":\"ImageObject\",\"inLanguage\":\"sr-RS\",\"@id\":\"https:\\\/\\\/www.mentalpal.de\\\/#\\\/schema\\\/logo\\\/image\\\/\",\"url\":\"https:\\\/\\\/www.mentalpal.de\\\/wp-content\\\/uploads\\\/2025\\\/07\\\/MentaPal-Logo.png\",\"contentUrl\":\"https:\\\/\\\/www.mentalpal.de\\\/wp-content\\\/uploads\\\/2025\\\/07\\\/MentaPal-Logo.png\",\"width\":734,\"height\":182,\"caption\":\"MentalPal\"},\"image\":{\"@id\":\"https:\\\/\\\/www.mentalpal.de\\\/#\\\/schema\\\/logo\\\/image\\\/\"}}]}<\/script>\n<!-- \/ Yoast SEO plugin. -->","yoast_head_json":{"title":"\u00dcber mich - MentalPal","robots":{"index":"index","follow":"follow","max-snippet":"max-snippet:-1","max-image-preview":"max-image-preview:large","max-video-preview":"max-video-preview:-1"},"canonical":"https:\/\/www.mentalpal.de\/sr\/ueber-mich\/","og_locale":"sr_RS","og_type":"article","og_title":"\u00dcber mich - MentalPal","og_description":"\u00dcber mich Wer bin ich? Hallo und herzlich willkommen bei MentalPal,Ihrem Sparringpartner mit der unkonventionellen Art zu denken und zu [&hellip;]","og_url":"https:\/\/www.mentalpal.de\/sr\/ueber-mich\/","og_site_name":"MentalPal","article_modified_time":"2026-01-29T17:24:51+00:00","og_image":[{"url":"https:\/\/www.mentalpal.de\/wp-content\/uploads\/2026\/01\/TZ__0407-scaled-e1769707472962-742x1024.jpg","type":"","width":"","height":""}],"twitter_card":"summary_large_image","twitter_misc":{"\u041f\u0440\u043e\u0446\u0435\u045a\u0435\u043d\u043e \u0432\u0440\u0435\u043c\u0435 \u0447\u0438\u0442\u0430\u045a\u0430":"2 \u043c\u0438\u043d\u0443\u0442\u0430"},"schema":{"@context":"https:\/\/schema.org","@graph":[{"@type":"WebPage","@id":"https:\/\/www.mentalpal.de\/ueber-mich\/","url":"https:\/\/www.mentalpal.de\/ueber-mich\/","name":"\u00dcber mich - MentalPal","isPartOf":{"@id":"https:\/\/www.mentalpal.de\/#website"},"primaryImageOfPage":{"@id":"https:\/\/www.mentalpal.de\/ueber-mich\/#primaryimage"},"image":{"@id":"https:\/\/www.mentalpal.de\/ueber-mich\/#primaryimage"},"thumbnailUrl":"https:\/\/www.mentalpal.de\/wp-content\/uploads\/2026\/01\/TZ__0407-scaled-e1769707472962-742x1024.jpg","datePublished":"2025-08-04T09:26:29+00:00","dateModified":"2026-01-29T17:24:51+00:00","breadcrumb":{"@id":"https:\/\/www.mentalpal.de\/ueber-mich\/#breadcrumb"},"inLanguage":"sr-RS","potentialAction":[{"@type":"ReadAction","target":["https:\/\/www.mentalpal.de\/ueber-mich\/"]}]},{"@type":"ImageObject","inLanguage":"sr-RS","@id":"https:\/\/www.mentalpal.de\/ueber-mich\/#primaryimage","url":"https:\/\/www.mentalpal.de\/wp-content\/uploads\/2026\/01\/TZ__0407-scaled-e1769707472962-742x1024.jpg","contentUrl":"https:\/\/www.mentalpal.de\/wp-content\/uploads\/2026\/01\/TZ__0407-scaled-e1769707472962-742x1024.jpg"},{"@type":"BreadcrumbList","@id":"https:\/\/www.mentalpal.de\/ueber-mich\/#breadcrumb","itemListElement":[{"@type":"ListItem","position":1,"name":"Home","item":"https:\/\/www.mentalpal.de\/"},{"@type":"ListItem","position":2,"name":"\u00dcber mich"}]},{"@type":"WebSite","@id":"https:\/\/www.mentalpal.de\/#website","url":"https:\/\/www.mentalpal.de\/","name":"MentalPal","description":"","publisher":{"@id":"https:\/\/www.mentalpal.de\/#organization"},"potentialAction":[{"@type":"SearchAction","target":{"@type":"EntryPoint","urlTemplate":"https:\/\/www.mentalpal.de\/?s={search_term_string}"},"query-input":{"@type":"PropertyValueSpecification","valueRequired":true,"valueName":"search_term_string"}}],"inLanguage":"sr-RS"},{"@type":"Organization","@id":"https:\/\/www.mentalpal.de\/#organization","name":"MentalPal","url":"https:\/\/www.mentalpal.de\/","logo":{"@type":"ImageObject","inLanguage":"sr-RS","@id":"https:\/\/www.mentalpal.de\/#\/schema\/logo\/image\/","url":"https:\/\/www.mentalpal.de\/wp-content\/uploads\/2025\/07\/MentaPal-Logo.png","contentUrl":"https:\/\/www.mentalpal.de\/wp-content\/uploads\/2025\/07\/MentaPal-Logo.png","width":734,"height":182,"caption":"MentalPal"},"image":{"@id":"https:\/\/www.mentalpal.de\/#\/schema\/logo\/image\/"}}]}},"_links":{"self":[{"href":"https:\/\/www.mentalpal.de\/sr\/wp-json\/wp\/v2\/pages\/119","targetHints":{"allow":["GET"]}}],"collection":[{"href":"https:\/\/www.mentalpal.de\/sr\/wp-json\/wp\/v2\/pages"}],"about":[{"href":"https:\/\/www.mentalpal.de\/sr\/wp-json\/wp\/v2\/types\/page"}],"author":[{"embeddable":true,"href":"https:\/\/www.mentalpal.de\/sr\/wp-json\/wp\/v2\/users\/1"}],"replies":[{"embeddable":true,"href":"https:\/\/www.mentalpal.de\/sr\/wp-json\/wp\/v2\/comments?post=119"}],"version-history":[{"count":10,"href":"https:\/\/www.mentalpal.de\/sr\/wp-json\/wp\/v2\/pages\/119\/revisions"}],"predecessor-version":[{"id":2774,"href":"https:\/\/www.mentalpal.de\/sr\/wp-json\/wp\/v2\/pages\/119\/revisions\/2774"}],"wp:attachment":[{"href":"https:\/\/www.mentalpal.de\/sr\/wp-json\/wp\/v2\/media?parent=119"}],"curies":[{"name":"wp","href":"https:\/\/api.w.org\/{rel}","templated":true}]}}